{"id":975,"date":"2013-06-07T11:38:12","date_gmt":"2013-06-07T11:38:12","guid":{"rendered":"https:\/\/physiosk.wpengine.com\/product\/optimum-lift-emulsion\/"},"modified":"2026-03-24T22:32:29","modified_gmt":"2026-03-24T22:32:29","slug":"emulsion-antirides","status":"publish","type":"product","link":"https:\/\/methodephysiodermie.com\/fr\/produit\/emulsion-antirides\/","title":{"rendered":"Emulsion Antirides"},"content":{"rendered":"","protected":false},"excerpt":{"rendered":"<p><strong>Peaux matures (sp\u00e9cifique rides, ridules, pattes d\u2019oie, rides du front, sillon nasog\u00e9nien).<\/strong><\/p>\n<p>Cible les rides et les ridules. Hydrate. Am\u00e9liore le teint, l\u2019\u00e9lasticit\u00e9 et la texture de la peau. Son effet lissant r\u00e9duit l\u2019aspect des rides et ridules d\u00e8s les premi\u00e8res applications. L\u2019ensemble du visage semble plus jeune.<\/p>\n[ 50 ml ]\n","protected":false},"featured_media":733,"comment_status":"open","ping_status":"closed","template":"","meta":[],"product_brand":[],"product_cat":[112,100,108],"product_tag":[],"giftcard-category":[],"class_list":{"0":"post-975","1":"product","2":"type-product","3":"status-publish","4":"has-post-thumbnail","6":"product_cat-anti-age","7":"product_cat-emulsion","8":"product_cat-equillibre-essentiels","10":"first","11":"instock","12":"taxable","13":"shipping-taxable","14":"purchasable","15":"product-type-simple"},"acf":[],"yoast_head":"<!-- This site is optimized with the Yoast SEO plugin v27.1.1 - https:\/\/yoast.com\/product\/yoast-seo-wordpress\/ -->\n<title>Emulsion Antirides | Methode Physiodermie\u00ae Skin Care<\/title>\n<meta name=\"description\" content=\"Cible les rides et les ridules. Hydrate. Am\u00e9liore le teint, l\u2019\u00e9lasticit\u00e9 et la texture de la peau. Son effet lissant r\u00e9duit l\u2019aspect des rides et ridules d\u00e8s les premi\u00e8res applications. L\u2019ensemble du visage semble plus jeune.\" \/>\n<meta name=\"robots\" content=\"index, follow, max-snippet:-1, max-image-preview:large, max-video-preview:-1\" \/>\n<link rel=\"canonical\" href=\"https:\/\/methodephysiodermie.com\/fr\/produit\/emulsion-antirides\/\" \/>\n<meta property=\"og:locale\" content=\"fr_FR\" \/>\n<meta property=\"og:type\" content=\"article\" \/>\n<meta property=\"og:title\" content=\"Emulsion Antirides | Methode Physiodermie\u00ae Skin Care\" \/>\n<meta property=\"og:description\" content=\"Cible les rides et les ridules. Hydrate. Am\u00e9liore le teint, l\u2019\u00e9lasticit\u00e9 et la texture de la peau. Son effet lissant r\u00e9duit l\u2019aspect des rides et ridules d\u00e8s les premi\u00e8res applications. L\u2019ensemble du visage semble plus jeune.\" \/>\n<meta property=\"og:url\" content=\"https:\/\/methodephysiodermie.com\/fr\/produit\/emulsion-antirides\/\" \/>\n<meta property=\"og:site_name\" content=\"Methode Physiodermie\u00ae Skin Care\" \/>\n<meta property=\"article:publisher\" content=\"https:\/\/www.facebook.com\/PhysiodermieSkincare\" \/>\n<meta property=\"article:modified_time\" content=\"2026-03-24T22:32:29+00:00\" \/>\n<meta property=\"og:image\" content=\"https:\/\/methodephysiodermie.com\/wp-content\/uploads\/2013\/06\/optimum-lift-emulsion.jpg\" \/>\n\t<meta property=\"og:image:width\" content=\"1200\" \/>\n\t<meta property=\"og:image:height\" content=\"1200\" \/>\n\t<meta property=\"og:image:type\" content=\"image\/jpeg\" \/>\n<meta name=\"twitter:card\" content=\"summary_large_image\" \/>\n<meta name=\"twitter:site\" content=\"@physio_skincare\" \/>\n<script type=\"application\/ld+json\" class=\"yoast-schema-graph\">{\"@context\":\"https:\/\/schema.org\",\"@graph\":[{\"@type\":\"WebPage\",\"@id\":\"https:\/\/methodephysiodermie.com\/fr\/produit\/emulsion-antirides\/\",\"url\":\"https:\/\/methodephysiodermie.com\/fr\/produit\/emulsion-antirides\/\",\"name\":\"Emulsion Antirides | Methode Physiodermie\u00ae Skin Care\",\"isPartOf\":{\"@id\":\"https:\/\/methodephysiodermie.com\/fr\/#website\"},\"primaryImageOfPage\":{\"@id\":\"https:\/\/methodephysiodermie.com\/fr\/produit\/emulsion-antirides\/#primaryimage\"},\"image\":{\"@id\":\"https:\/\/methodephysiodermie.com\/fr\/produit\/emulsion-antirides\/#primaryimage\"},\"thumbnailUrl\":\"https:\/\/methodephysiodermie.com\/wp-content\/uploads\/2013\/06\/optimum-lift-emulsion.jpg\",\"datePublished\":\"2013-06-07T11:38:12+00:00\",\"dateModified\":\"2026-03-24T22:32:29+00:00\",\"description\":\"Cible les rides et les ridules. Hydrate. Am\u00e9liore le teint, l\u2019\u00e9lasticit\u00e9 et la texture de la peau. Son effet lissant r\u00e9duit l\u2019aspect des rides et ridules d\u00e8s les premi\u00e8res applications. L\u2019ensemble du visage semble plus jeune.\",\"breadcrumb\":{\"@id\":\"https:\/\/methodephysiodermie.com\/fr\/produit\/emulsion-antirides\/#breadcrumb\"},\"inLanguage\":\"fr-FR\",\"potentialAction\":[{\"@type\":\"ReadAction\",\"target\":[\"https:\/\/methodephysiodermie.com\/fr\/produit\/emulsion-antirides\/\"]}]},{\"@type\":\"ImageObject\",\"inLanguage\":\"fr-FR\",\"@id\":\"https:\/\/methodephysiodermie.com\/fr\/produit\/emulsion-antirides\/#primaryimage\",\"url\":\"https:\/\/methodephysiodermie.com\/wp-content\/uploads\/2013\/06\/optimum-lift-emulsion.jpg\",\"contentUrl\":\"https:\/\/methodephysiodermie.com\/wp-content\/uploads\/2013\/06\/optimum-lift-emulsion.jpg\",\"width\":1200,\"height\":1200,\"caption\":\"Emulsion Antirides\"},{\"@type\":\"BreadcrumbList\",\"@id\":\"https:\/\/methodephysiodermie.com\/fr\/produit\/emulsion-antirides\/#breadcrumb\",\"itemListElement\":[{\"@type\":\"ListItem\",\"position\":1,\"name\":\"Home\",\"item\":\"https:\/\/methodephysiodermie.com\/fr\/\"},{\"@type\":\"ListItem\",\"position\":2,\"name\":\"Boutique\",\"item\":\"https:\/\/methodephysiodermie.com\/fr\/boutique\/\"},{\"@type\":\"ListItem\",\"position\":3,\"name\":\"Emulsion Antirides\"}]},{\"@type\":\"WebSite\",\"@id\":\"https:\/\/methodephysiodermie.com\/fr\/#website\",\"url\":\"https:\/\/methodephysiodermie.com\/fr\/\",\"name\":\"Methode Physiodermie\u00ae Skin Care\",\"description\":\"A Methodology Of Beauty\",\"publisher\":{\"@id\":\"https:\/\/methodephysiodermie.com\/fr\/#organization\"},\"potentialAction\":[{\"@type\":\"SearchAction\",\"target\":{\"@type\":\"EntryPoint\",\"urlTemplate\":\"https:\/\/methodephysiodermie.com\/fr\/?s={search_term_string}\"},\"query-input\":{\"@type\":\"PropertyValueSpecification\",\"valueRequired\":true,\"valueName\":\"search_term_string\"}}],\"inLanguage\":\"fr-FR\"},{\"@type\":\"Organization\",\"@id\":\"https:\/\/methodephysiodermie.com\/fr\/#organization\",\"name\":\"Methode Physiodermie\",\"url\":\"https:\/\/methodephysiodermie.com\/fr\/\",\"logo\":{\"@type\":\"ImageObject\",\"inLanguage\":\"fr-FR\",\"@id\":\"https:\/\/methodephysiodermie.com\/fr\/#\/schema\/logo\/image\/\",\"url\":\"https:\/\/methodephysiodermie.com\/wp-content\/uploads\/2022\/05\/logo-header.png\",\"contentUrl\":\"https:\/\/methodephysiodermie.com\/wp-content\/uploads\/2022\/05\/logo-header.png\",\"width\":400,\"height\":84,\"caption\":\"Methode Physiodermie\"},\"image\":{\"@id\":\"https:\/\/methodephysiodermie.com\/fr\/#\/schema\/logo\/image\/\"},\"sameAs\":[\"https:\/\/www.facebook.com\/PhysiodermieSkincare\",\"https:\/\/x.com\/physio_skincare\",\"https:\/\/www.instagram.com\/methode_physiodermie\/\",\"https:\/\/www.youtube.com\/user\/derme8282\"]}]}<\/script>\n<!-- \/ Yoast SEO plugin. -->","yoast_head_json":{"title":"Emulsion Antirides | Methode Physiodermie\u00ae Skin Care","description":"Cible les rides et les ridules. Hydrate. Am\u00e9liore le teint, l\u2019\u00e9lasticit\u00e9 et la texture de la peau. Son effet lissant r\u00e9duit l\u2019aspect des rides et ridules d\u00e8s les premi\u00e8res applications. L\u2019ensemble du visage semble plus jeune.","robots":{"index":"index","follow":"follow","max-snippet":"max-snippet:-1","max-image-preview":"max-image-preview:large","max-video-preview":"max-video-preview:-1"},"canonical":"https:\/\/methodephysiodermie.com\/fr\/produit\/emulsion-antirides\/","og_locale":"fr_FR","og_type":"article","og_title":"Emulsion Antirides | Methode Physiodermie\u00ae Skin Care","og_description":"Cible les rides et les ridules. Hydrate. Am\u00e9liore le teint, l\u2019\u00e9lasticit\u00e9 et la texture de la peau. Son effet lissant r\u00e9duit l\u2019aspect des rides et ridules d\u00e8s les premi\u00e8res applications. L\u2019ensemble du visage semble plus jeune.","og_url":"https:\/\/methodephysiodermie.com\/fr\/produit\/emulsion-antirides\/","og_site_name":"Methode Physiodermie\u00ae Skin Care","article_publisher":"https:\/\/www.facebook.com\/PhysiodermieSkincare","article_modified_time":"2026-03-24T22:32:29+00:00","og_image":[{"width":1200,"height":1200,"url":"https:\/\/methodephysiodermie.com\/wp-content\/uploads\/2013\/06\/optimum-lift-emulsion.jpg","type":"image\/jpeg"}],"twitter_card":"summary_large_image","twitter_site":"@physio_skincare","schema":{"@context":"https:\/\/schema.org","@graph":[{"@type":"WebPage","@id":"https:\/\/methodephysiodermie.com\/fr\/produit\/emulsion-antirides\/","url":"https:\/\/methodephysiodermie.com\/fr\/produit\/emulsion-antirides\/","name":"Emulsion Antirides | Methode Physiodermie\u00ae Skin Care","isPartOf":{"@id":"https:\/\/methodephysiodermie.com\/fr\/#website"},"primaryImageOfPage":{"@id":"https:\/\/methodephysiodermie.com\/fr\/produit\/emulsion-antirides\/#primaryimage"},"image":{"@id":"https:\/\/methodephysiodermie.com\/fr\/produit\/emulsion-antirides\/#primaryimage"},"thumbnailUrl":"https:\/\/methodephysiodermie.com\/wp-content\/uploads\/2013\/06\/optimum-lift-emulsion.jpg","datePublished":"2013-06-07T11:38:12+00:00","dateModified":"2026-03-24T22:32:29+00:00","description":"Cible les rides et les ridules. Hydrate. Am\u00e9liore le teint, l\u2019\u00e9lasticit\u00e9 et la texture de la peau. Son effet lissant r\u00e9duit l\u2019aspect des rides et ridules d\u00e8s les premi\u00e8res applications. L\u2019ensemble du visage semble plus jeune.","breadcrumb":{"@id":"https:\/\/methodephysiodermie.com\/fr\/produit\/emulsion-antirides\/#breadcrumb"},"inLanguage":"fr-FR","potentialAction":[{"@type":"ReadAction","target":["https:\/\/methodephysiodermie.com\/fr\/produit\/emulsion-antirides\/"]}]},{"@type":"ImageObject","inLanguage":"fr-FR","@id":"https:\/\/methodephysiodermie.com\/fr\/produit\/emulsion-antirides\/#primaryimage","url":"https:\/\/methodephysiodermie.com\/wp-content\/uploads\/2013\/06\/optimum-lift-emulsion.jpg","contentUrl":"https:\/\/methodephysiodermie.com\/wp-content\/uploads\/2013\/06\/optimum-lift-emulsion.jpg","width":1200,"height":1200,"caption":"Emulsion Antirides"},{"@type":"BreadcrumbList","@id":"https:\/\/methodephysiodermie.com\/fr\/produit\/emulsion-antirides\/#breadcrumb","itemListElement":[{"@type":"ListItem","position":1,"name":"Home","item":"https:\/\/methodephysiodermie.com\/fr\/"},{"@type":"ListItem","position":2,"name":"Boutique","item":"https:\/\/methodephysiodermie.com\/fr\/boutique\/"},{"@type":"ListItem","position":3,"name":"Emulsion Antirides"}]},{"@type":"WebSite","@id":"https:\/\/methodephysiodermie.com\/fr\/#website","url":"https:\/\/methodephysiodermie.com\/fr\/","name":"Methode Physiodermie\u00ae Skin Care","description":"A Methodology Of Beauty","publisher":{"@id":"https:\/\/methodephysiodermie.com\/fr\/#organization"},"potentialAction":[{"@type":"SearchAction","target":{"@type":"EntryPoint","urlTemplate":"https:\/\/methodephysiodermie.com\/fr\/?s={search_term_string}"},"query-input":{"@type":"PropertyValueSpecification","valueRequired":true,"valueName":"search_term_string"}}],"inLanguage":"fr-FR"},{"@type":"Organization","@id":"https:\/\/methodephysiodermie.com\/fr\/#organization","name":"Methode Physiodermie","url":"https:\/\/methodephysiodermie.com\/fr\/","logo":{"@type":"ImageObject","inLanguage":"fr-FR","@id":"https:\/\/methodephysiodermie.com\/fr\/#\/schema\/logo\/image\/","url":"https:\/\/methodephysiodermie.com\/wp-content\/uploads\/2022\/05\/logo-header.png","contentUrl":"https:\/\/methodephysiodermie.com\/wp-content\/uploads\/2022\/05\/logo-header.png","width":400,"height":84,"caption":"Methode Physiodermie"},"image":{"@id":"https:\/\/methodephysiodermie.com\/fr\/#\/schema\/logo\/image\/"},"sameAs":["https:\/\/www.facebook.com\/PhysiodermieSkincare","https:\/\/x.com\/physio_skincare","https:\/\/www.instagram.com\/methode_physiodermie\/","https:\/\/www.youtube.com\/user\/derme8282"]}]}},"_links":{"self":[{"href":"https:\/\/methodephysiodermie.com\/fr\/wp-json\/wp\/v2\/product\/975","targetHints":{"allow":["GET"]}}],"collection":[{"href":"https:\/\/methodephysiodermie.com\/fr\/wp-json\/wp\/v2\/product"}],"about":[{"href":"https:\/\/methodephysiodermie.com\/fr\/wp-json\/wp\/v2\/types\/product"}],"replies":[{"embeddable":true,"href":"https:\/\/methodephysiodermie.com\/fr\/wp-json\/wp\/v2\/comments?post=975"}],"wp:featuredmedia":[{"embeddable":true,"href":"https:\/\/methodephysiodermie.com\/fr\/wp-json\/wp\/v2\/media\/733"}],"wp:attachment":[{"href":"https:\/\/methodephysiodermie.com\/fr\/wp-json\/wp\/v2\/media?parent=975"}],"wp:term":[{"taxonomy":"product_brand","embeddable":true,"href":"https:\/\/methodephysiodermie.com\/fr\/wp-json\/wp\/v2\/product_brand?post=975"},{"taxonomy":"product_cat","embeddable":true,"href":"https:\/\/methodephysiodermie.com\/fr\/wp-json\/wp\/v2\/product_cat?post=975"},{"taxonomy":"product_tag","embeddable":true,"href":"https:\/\/methodephysiodermie.com\/fr\/wp-json\/wp\/v2\/product_tag?post=975"},{"taxonomy":"giftcard-category","embeddable":true,"href":"https:\/\/methodephysiodermie.com\/fr\/wp-json\/wp\/v2\/giftcard-category?post=975"}],"curies":[{"name":"wp","href":"https:\/\/api.w.org\/{rel}","templated":true}]}}