{"id":954,"date":"2022-05-06T19:56:35","date_gmt":"2022-05-06T19:56:35","guid":{"rendered":"https:\/\/physiosk.wpengine.com\/product\/actinyl-n4-blemish-clear\/"},"modified":"2023-12-28T18:07:57","modified_gmt":"2023-12-28T18:07:57","slug":"actinyl-n4-purete-express","status":"publish","type":"product","link":"https:\/\/methodephysiodermie.com\/fr\/produit\/actinyl-n4-purete-express\/","title":{"rendered":"Actinyl N\u00b04 Puret\u00e9 Express"},"content":{"rendered":"<p>Actinyl N\u00b04 Blemish Clear est un traitement rapide sp\u00e9cialement formul\u00e9 pour les peaux grasses et impures. Recommand\u00e9 comme un soin pr\u00e9cieux pour traiter les boutons et les imperfections, il offre une solution naturelle et efficace pour se d\u00e9barrasser rapidement des imperfections localis\u00e9es sans agresser la peau.<\/p>\n<p>Contrairement \u00e0 d&rsquo;autres produits qui peuvent \u00eatre agressifs, Actinyl N\u00b04 Blemish Clear offre une solution douce mais puissante pour r\u00e9duire visiblement les imperfections sans nuire \u00e0 la peau. En plus de ses propri\u00e9t\u00e9s hydratantes, il prot\u00e8ge la peau, aidant \u00e0 maintenir l&rsquo;\u00e9quilibre cutan\u00e9 tout en traitant les probl\u00e8mes sp\u00e9cifiques li\u00e9s aux peaux grasses.<\/p>\n","protected":false},"excerpt":{"rendered":"<p>Actinyl N\u00b04 Blemish Clear est un traitement rapide sp\u00e9cialement con\u00e7u pour les peaux grasses et impures. Recommand\u00e9 pour le traitement des boutons et des imperfections, il offre une solution naturelle et efficace pour se d\u00e9barrasser rapidement des imperfections localis\u00e9es, sans agresser la peau. Ses avantages incluent la r\u00e9duction des imperfections sans effet agressif sur la peau et un effet hydratant et protecteur.<\/p>\n[ 10 ml ]\n","protected":false},"featured_media":682,"comment_status":"open","ping_status":"closed","template":"","meta":[],"product_brand":[],"product_cat":[102],"product_tag":[],"giftcard-category":[],"class_list":{"0":"post-954","1":"product","2":"type-product","3":"status-publish","4":"has-post-thumbnail","6":"product_cat-traitements-specifiques","8":"first","9":"instock","10":"taxable","11":"shipping-taxable","12":"purchasable","13":"product-type-simple"},"acf":[],"yoast_head":"<!-- This site is optimized with the Yoast SEO plugin v27.1.1 - https:\/\/yoast.com\/product\/yoast-seo-wordpress\/ -->\n<title>Actinyl N\u00b04 Puret\u00e9 Express | Methode Physiodermie\u00ae Skin Care<\/title>\n<meta name=\"description\" content=\"D\u00e9couvrez Actinyl N\u00b04 Blemish Clear, le traitement rapide et efficace pour les peaux grasses et impures. R\u00e9duisez les imperfections sans agresser votre peau gr\u00e2ce \u00e0 cette solution douce mais puissante. Offrez \u00e0 votre peau la clart\u00e9 dont elle a besoin.\" \/>\n<meta name=\"robots\" content=\"index, follow, max-snippet:-1, max-image-preview:large, max-video-preview:-1\" \/>\n<link rel=\"canonical\" href=\"https:\/\/methodephysiodermie.com\/fr\/produit\/actinyl-n4-purete-express\/\" \/>\n<meta property=\"og:locale\" content=\"fr_FR\" \/>\n<meta property=\"og:type\" content=\"article\" \/>\n<meta property=\"og:title\" content=\"Actinyl N\u00b04 Puret\u00e9 Express | Methode Physiodermie\u00ae Skin Care\" \/>\n<meta property=\"og:description\" content=\"D\u00e9couvrez Actinyl N\u00b04 Blemish Clear, le traitement rapide et efficace pour les peaux grasses et impures. R\u00e9duisez les imperfections sans agresser votre peau gr\u00e2ce \u00e0 cette solution douce mais puissante. Offrez \u00e0 votre peau la clart\u00e9 dont elle a besoin.\" \/>\n<meta property=\"og:url\" content=\"https:\/\/methodephysiodermie.com\/fr\/produit\/actinyl-n4-purete-express\/\" \/>\n<meta property=\"og:site_name\" content=\"Methode Physiodermie\u00ae Skin Care\" \/>\n<meta property=\"article:publisher\" content=\"https:\/\/www.facebook.com\/PhysiodermieSkincare\" \/>\n<meta property=\"article:modified_time\" content=\"2023-12-28T18:07:57+00:00\" \/>\n<meta property=\"og:image\" content=\"https:\/\/methodephysiodermie.com\/wp-content\/uploads\/2022\/05\/acniny-no4.jpg\" \/>\n\t<meta property=\"og:image:width\" content=\"1200\" \/>\n\t<meta property=\"og:image:height\" content=\"1200\" \/>\n\t<meta property=\"og:image:type\" content=\"image\/jpeg\" \/>\n<meta name=\"twitter:card\" content=\"summary_large_image\" \/>\n<meta name=\"twitter:site\" content=\"@physio_skincare\" \/>\n<script type=\"application\/ld+json\" class=\"yoast-schema-graph\">{\"@context\":\"https:\/\/schema.org\",\"@graph\":[{\"@type\":\"WebPage\",\"@id\":\"https:\/\/methodephysiodermie.com\/fr\/produit\/actinyl-n4-purete-express\/\",\"url\":\"https:\/\/methodephysiodermie.com\/fr\/produit\/actinyl-n4-purete-express\/\",\"name\":\"Actinyl N\u00b04 Puret\u00e9 Express | Methode Physiodermie\u00ae Skin Care\",\"isPartOf\":{\"@id\":\"https:\/\/methodephysiodermie.com\/fr\/#website\"},\"primaryImageOfPage\":{\"@id\":\"https:\/\/methodephysiodermie.com\/fr\/produit\/actinyl-n4-purete-express\/#primaryimage\"},\"image\":{\"@id\":\"https:\/\/methodephysiodermie.com\/fr\/produit\/actinyl-n4-purete-express\/#primaryimage\"},\"thumbnailUrl\":\"https:\/\/methodephysiodermie.com\/wp-content\/uploads\/2022\/05\/acniny-no4.jpg\",\"datePublished\":\"2022-05-06T19:56:35+00:00\",\"dateModified\":\"2023-12-28T18:07:57+00:00\",\"description\":\"D\u00e9couvrez Actinyl N\u00b04 Blemish Clear, le traitement rapide et efficace pour les peaux grasses et impures. R\u00e9duisez les imperfections sans agresser votre peau gr\u00e2ce \u00e0 cette solution douce mais puissante. Offrez \u00e0 votre peau la clart\u00e9 dont elle a besoin.\",\"breadcrumb\":{\"@id\":\"https:\/\/methodephysiodermie.com\/fr\/produit\/actinyl-n4-purete-express\/#breadcrumb\"},\"inLanguage\":\"fr-FR\",\"potentialAction\":[{\"@type\":\"ReadAction\",\"target\":[\"https:\/\/methodephysiodermie.com\/fr\/produit\/actinyl-n4-purete-express\/\"]}]},{\"@type\":\"ImageObject\",\"inLanguage\":\"fr-FR\",\"@id\":\"https:\/\/methodephysiodermie.com\/fr\/produit\/actinyl-n4-purete-express\/#primaryimage\",\"url\":\"https:\/\/methodephysiodermie.com\/wp-content\/uploads\/2022\/05\/acniny-no4.jpg\",\"contentUrl\":\"https:\/\/methodephysiodermie.com\/wp-content\/uploads\/2022\/05\/acniny-no4.jpg\",\"width\":1200,\"height\":1200,\"caption\":\"Actinyl N\u00b04 Puret\u00e9 Express\"},{\"@type\":\"BreadcrumbList\",\"@id\":\"https:\/\/methodephysiodermie.com\/fr\/produit\/actinyl-n4-purete-express\/#breadcrumb\",\"itemListElement\":[{\"@type\":\"ListItem\",\"position\":1,\"name\":\"Home\",\"item\":\"https:\/\/methodephysiodermie.com\/fr\/\"},{\"@type\":\"ListItem\",\"position\":2,\"name\":\"Boutique\",\"item\":\"https:\/\/methodephysiodermie.com\/fr\/boutique\/\"},{\"@type\":\"ListItem\",\"position\":3,\"name\":\"Actinyl N\u00b04 Puret\u00e9 Express\"}]},{\"@type\":\"WebSite\",\"@id\":\"https:\/\/methodephysiodermie.com\/fr\/#website\",\"url\":\"https:\/\/methodephysiodermie.com\/fr\/\",\"name\":\"Methode Physiodermie\u00ae Skin Care\",\"description\":\"A Methodology Of Beauty\",\"publisher\":{\"@id\":\"https:\/\/methodephysiodermie.com\/fr\/#organization\"},\"potentialAction\":[{\"@type\":\"SearchAction\",\"target\":{\"@type\":\"EntryPoint\",\"urlTemplate\":\"https:\/\/methodephysiodermie.com\/fr\/?s={search_term_string}\"},\"query-input\":{\"@type\":\"PropertyValueSpecification\",\"valueRequired\":true,\"valueName\":\"search_term_string\"}}],\"inLanguage\":\"fr-FR\"},{\"@type\":\"Organization\",\"@id\":\"https:\/\/methodephysiodermie.com\/fr\/#organization\",\"name\":\"Methode Physiodermie\",\"url\":\"https:\/\/methodephysiodermie.com\/fr\/\",\"logo\":{\"@type\":\"ImageObject\",\"inLanguage\":\"fr-FR\",\"@id\":\"https:\/\/methodephysiodermie.com\/fr\/#\/schema\/logo\/image\/\",\"url\":\"https:\/\/methodephysiodermie.com\/wp-content\/uploads\/2022\/05\/logo-header.png\",\"contentUrl\":\"https:\/\/methodephysiodermie.com\/wp-content\/uploads\/2022\/05\/logo-header.png\",\"width\":400,\"height\":84,\"caption\":\"Methode Physiodermie\"},\"image\":{\"@id\":\"https:\/\/methodephysiodermie.com\/fr\/#\/schema\/logo\/image\/\"},\"sameAs\":[\"https:\/\/www.facebook.com\/PhysiodermieSkincare\",\"https:\/\/x.com\/physio_skincare\",\"https:\/\/www.instagram.com\/methode_physiodermie\/\",\"https:\/\/www.youtube.com\/user\/derme8282\"]}]}<\/script>\n<!-- \/ Yoast SEO plugin. -->","yoast_head_json":{"title":"Actinyl N\u00b04 Puret\u00e9 Express | Methode Physiodermie\u00ae Skin Care","description":"D\u00e9couvrez Actinyl N\u00b04 Blemish Clear, le traitement rapide et efficace pour les peaux grasses et impures. R\u00e9duisez les imperfections sans agresser votre peau gr\u00e2ce \u00e0 cette solution douce mais puissante. Offrez \u00e0 votre peau la clart\u00e9 dont elle a besoin.","robots":{"index":"index","follow":"follow","max-snippet":"max-snippet:-1","max-image-preview":"max-image-preview:large","max-video-preview":"max-video-preview:-1"},"canonical":"https:\/\/methodephysiodermie.com\/fr\/produit\/actinyl-n4-purete-express\/","og_locale":"fr_FR","og_type":"article","og_title":"Actinyl N\u00b04 Puret\u00e9 Express | Methode Physiodermie\u00ae Skin Care","og_description":"D\u00e9couvrez Actinyl N\u00b04 Blemish Clear, le traitement rapide et efficace pour les peaux grasses et impures. R\u00e9duisez les imperfections sans agresser votre peau gr\u00e2ce \u00e0 cette solution douce mais puissante. Offrez \u00e0 votre peau la clart\u00e9 dont elle a besoin.","og_url":"https:\/\/methodephysiodermie.com\/fr\/produit\/actinyl-n4-purete-express\/","og_site_name":"Methode Physiodermie\u00ae Skin Care","article_publisher":"https:\/\/www.facebook.com\/PhysiodermieSkincare","article_modified_time":"2023-12-28T18:07:57+00:00","og_image":[{"width":1200,"height":1200,"url":"https:\/\/methodephysiodermie.com\/wp-content\/uploads\/2022\/05\/acniny-no4.jpg","type":"image\/jpeg"}],"twitter_card":"summary_large_image","twitter_site":"@physio_skincare","schema":{"@context":"https:\/\/schema.org","@graph":[{"@type":"WebPage","@id":"https:\/\/methodephysiodermie.com\/fr\/produit\/actinyl-n4-purete-express\/","url":"https:\/\/methodephysiodermie.com\/fr\/produit\/actinyl-n4-purete-express\/","name":"Actinyl N\u00b04 Puret\u00e9 Express | Methode Physiodermie\u00ae Skin Care","isPartOf":{"@id":"https:\/\/methodephysiodermie.com\/fr\/#website"},"primaryImageOfPage":{"@id":"https:\/\/methodephysiodermie.com\/fr\/produit\/actinyl-n4-purete-express\/#primaryimage"},"image":{"@id":"https:\/\/methodephysiodermie.com\/fr\/produit\/actinyl-n4-purete-express\/#primaryimage"},"thumbnailUrl":"https:\/\/methodephysiodermie.com\/wp-content\/uploads\/2022\/05\/acniny-no4.jpg","datePublished":"2022-05-06T19:56:35+00:00","dateModified":"2023-12-28T18:07:57+00:00","description":"D\u00e9couvrez Actinyl N\u00b04 Blemish Clear, le traitement rapide et efficace pour les peaux grasses et impures. R\u00e9duisez les imperfections sans agresser votre peau gr\u00e2ce \u00e0 cette solution douce mais puissante. Offrez \u00e0 votre peau la clart\u00e9 dont elle a besoin.","breadcrumb":{"@id":"https:\/\/methodephysiodermie.com\/fr\/produit\/actinyl-n4-purete-express\/#breadcrumb"},"inLanguage":"fr-FR","potentialAction":[{"@type":"ReadAction","target":["https:\/\/methodephysiodermie.com\/fr\/produit\/actinyl-n4-purete-express\/"]}]},{"@type":"ImageObject","inLanguage":"fr-FR","@id":"https:\/\/methodephysiodermie.com\/fr\/produit\/actinyl-n4-purete-express\/#primaryimage","url":"https:\/\/methodephysiodermie.com\/wp-content\/uploads\/2022\/05\/acniny-no4.jpg","contentUrl":"https:\/\/methodephysiodermie.com\/wp-content\/uploads\/2022\/05\/acniny-no4.jpg","width":1200,"height":1200,"caption":"Actinyl N\u00b04 Puret\u00e9 Express"},{"@type":"BreadcrumbList","@id":"https:\/\/methodephysiodermie.com\/fr\/produit\/actinyl-n4-purete-express\/#breadcrumb","itemListElement":[{"@type":"ListItem","position":1,"name":"Home","item":"https:\/\/methodephysiodermie.com\/fr\/"},{"@type":"ListItem","position":2,"name":"Boutique","item":"https:\/\/methodephysiodermie.com\/fr\/boutique\/"},{"@type":"ListItem","position":3,"name":"Actinyl N\u00b04 Puret\u00e9 Express"}]},{"@type":"WebSite","@id":"https:\/\/methodephysiodermie.com\/fr\/#website","url":"https:\/\/methodephysiodermie.com\/fr\/","name":"Methode Physiodermie\u00ae Skin Care","description":"A Methodology Of Beauty","publisher":{"@id":"https:\/\/methodephysiodermie.com\/fr\/#organization"},"potentialAction":[{"@type":"SearchAction","target":{"@type":"EntryPoint","urlTemplate":"https:\/\/methodephysiodermie.com\/fr\/?s={search_term_string}"},"query-input":{"@type":"PropertyValueSpecification","valueRequired":true,"valueName":"search_term_string"}}],"inLanguage":"fr-FR"},{"@type":"Organization","@id":"https:\/\/methodephysiodermie.com\/fr\/#organization","name":"Methode Physiodermie","url":"https:\/\/methodephysiodermie.com\/fr\/","logo":{"@type":"ImageObject","inLanguage":"fr-FR","@id":"https:\/\/methodephysiodermie.com\/fr\/#\/schema\/logo\/image\/","url":"https:\/\/methodephysiodermie.com\/wp-content\/uploads\/2022\/05\/logo-header.png","contentUrl":"https:\/\/methodephysiodermie.com\/wp-content\/uploads\/2022\/05\/logo-header.png","width":400,"height":84,"caption":"Methode Physiodermie"},"image":{"@id":"https:\/\/methodephysiodermie.com\/fr\/#\/schema\/logo\/image\/"},"sameAs":["https:\/\/www.facebook.com\/PhysiodermieSkincare","https:\/\/x.com\/physio_skincare","https:\/\/www.instagram.com\/methode_physiodermie\/","https:\/\/www.youtube.com\/user\/derme8282"]}]}},"_links":{"self":[{"href":"https:\/\/methodephysiodermie.com\/fr\/wp-json\/wp\/v2\/product\/954","targetHints":{"allow":["GET"]}}],"collection":[{"href":"https:\/\/methodephysiodermie.com\/fr\/wp-json\/wp\/v2\/product"}],"about":[{"href":"https:\/\/methodephysiodermie.com\/fr\/wp-json\/wp\/v2\/types\/product"}],"replies":[{"embeddable":true,"href":"https:\/\/methodephysiodermie.com\/fr\/wp-json\/wp\/v2\/comments?post=954"}],"wp:featuredmedia":[{"embeddable":true,"href":"https:\/\/methodephysiodermie.com\/fr\/wp-json\/wp\/v2\/media\/682"}],"wp:attachment":[{"href":"https:\/\/methodephysiodermie.com\/fr\/wp-json\/wp\/v2\/media?parent=954"}],"wp:term":[{"taxonomy":"product_brand","embeddable":true,"href":"https:\/\/methodephysiodermie.com\/fr\/wp-json\/wp\/v2\/product_brand?post=954"},{"taxonomy":"product_cat","embeddable":true,"href":"https:\/\/methodephysiodermie.com\/fr\/wp-json\/wp\/v2\/product_cat?post=954"},{"taxonomy":"product_tag","embeddable":true,"href":"https:\/\/methodephysiodermie.com\/fr\/wp-json\/wp\/v2\/product_tag?post=954"},{"taxonomy":"giftcard-category","embeddable":true,"href":"https:\/\/methodephysiodermie.com\/fr\/wp-json\/wp\/v2\/giftcard-category?post=954"}],"curies":[{"name":"wp","href":"https:\/\/api.w.org\/{rel}","templated":true}]}}