{"id":952,"date":"2022-05-06T18:48:15","date_gmt":"2022-05-06T18:48:15","guid":{"rendered":"https:\/\/physiosk.wpengine.com\/product\/bust-firming-gel\/"},"modified":"2023-12-28T18:04:22","modified_gmt":"2023-12-28T18:04:22","slug":"gel-fermete-du-buste","status":"publish","type":"product","link":"https:\/\/methodephysiodermie.com\/fr\/produit\/gel-fermete-du-buste\/","title":{"rendered":"Gel Fermete du Buste"},"content":{"rendered":"","protected":false},"excerpt":{"rendered":"<p><strong>Tous types de peaux.<\/strong><\/p>\n<p>Gel hydratant et raffermissant sp\u00e9cifique buste et d\u00e9collet\u00e9. Sa texture gel fra\u00eeche et fondante lisse instantan\u00e9ment l\u2019\u00e9piderme du buste. Contient un extrait v\u00e9g\u00e9tal raffermissant et revitalisant ainsi qu\u2019un complexe tenseur brevet\u00e9 sp\u00e9cifique pour la peau du buste et du d\u00e9collet\u00e9.<\/p>\n[ 50 ml ]\n","protected":false},"featured_media":676,"comment_status":"open","ping_status":"closed","template":"","meta":[],"product_brand":[],"product_cat":[103,102],"product_tag":[],"giftcard-category":[],"class_list":{"0":"post-952","1":"product","2":"type-product","3":"status-publish","4":"has-post-thumbnail","6":"product_cat-soins-corps","7":"product_cat-traitements-specifiques","9":"first","10":"instock","11":"taxable","12":"shipping-taxable","13":"purchasable","14":"product-type-simple"},"acf":[],"yoast_head":"<!-- This site is optimized with the Yoast SEO plugin v27.1.1 - https:\/\/yoast.com\/product\/yoast-seo-wordpress\/ -->\n<title>Gel Fermete du Buste | Methode Physiodermie\u00ae Skin Care<\/title>\n<meta name=\"description\" content=\"Gel hydratant et raffermissant sp\u00e9cifique buste et d\u00e9collet\u00e9. Sa texture gel fra\u00eeche et fondante lisse instantan\u00e9ment l\u2019\u00e9piderme du buste. Contient un extrait v\u00e9g\u00e9tal raffermissant et revitalisant ainsi qu\u2019un complexe tenseur brevet\u00e9 sp\u00e9cifique pour la peau du buste et du d\u00e9collet\u00e9.\" \/>\n<meta name=\"robots\" content=\"index, follow, max-snippet:-1, max-image-preview:large, max-video-preview:-1\" \/>\n<link rel=\"canonical\" href=\"https:\/\/methodephysiodermie.com\/fr\/produit\/gel-fermete-du-buste\/\" \/>\n<meta property=\"og:locale\" content=\"fr_FR\" \/>\n<meta property=\"og:type\" content=\"article\" \/>\n<meta property=\"og:title\" content=\"Gel Fermete du Buste | Methode Physiodermie\u00ae Skin Care\" \/>\n<meta property=\"og:description\" content=\"Gel hydratant et raffermissant sp\u00e9cifique buste et d\u00e9collet\u00e9. Sa texture gel fra\u00eeche et fondante lisse instantan\u00e9ment l\u2019\u00e9piderme du buste. Contient un extrait v\u00e9g\u00e9tal raffermissant et revitalisant ainsi qu\u2019un complexe tenseur brevet\u00e9 sp\u00e9cifique pour la peau du buste et du d\u00e9collet\u00e9.\" \/>\n<meta property=\"og:url\" content=\"https:\/\/methodephysiodermie.com\/fr\/produit\/gel-fermete-du-buste\/\" \/>\n<meta property=\"og:site_name\" content=\"Methode Physiodermie\u00ae Skin Care\" \/>\n<meta property=\"article:publisher\" content=\"https:\/\/www.facebook.com\/PhysiodermieSkincare\" \/>\n<meta property=\"article:modified_time\" content=\"2023-12-28T18:04:22+00:00\" \/>\n<meta property=\"og:image\" content=\"https:\/\/methodephysiodermie.com\/wp-content\/uploads\/2022\/05\/bust-Firming-Gel.jpg\" \/>\n\t<meta property=\"og:image:width\" content=\"1200\" \/>\n\t<meta property=\"og:image:height\" content=\"1200\" \/>\n\t<meta property=\"og:image:type\" content=\"image\/jpeg\" \/>\n<meta name=\"twitter:card\" content=\"summary_large_image\" \/>\n<meta name=\"twitter:site\" content=\"@physio_skincare\" \/>\n<script type=\"application\/ld+json\" class=\"yoast-schema-graph\">{\"@context\":\"https:\/\/schema.org\",\"@graph\":[{\"@type\":\"WebPage\",\"@id\":\"https:\/\/methodephysiodermie.com\/fr\/produit\/gel-fermete-du-buste\/\",\"url\":\"https:\/\/methodephysiodermie.com\/fr\/produit\/gel-fermete-du-buste\/\",\"name\":\"Gel Fermete du Buste | Methode Physiodermie\u00ae Skin Care\",\"isPartOf\":{\"@id\":\"https:\/\/methodephysiodermie.com\/fr\/#website\"},\"primaryImageOfPage\":{\"@id\":\"https:\/\/methodephysiodermie.com\/fr\/produit\/gel-fermete-du-buste\/#primaryimage\"},\"image\":{\"@id\":\"https:\/\/methodephysiodermie.com\/fr\/produit\/gel-fermete-du-buste\/#primaryimage\"},\"thumbnailUrl\":\"https:\/\/methodephysiodermie.com\/wp-content\/uploads\/2022\/05\/bust-Firming-Gel.jpg\",\"datePublished\":\"2022-05-06T18:48:15+00:00\",\"dateModified\":\"2023-12-28T18:04:22+00:00\",\"description\":\"Gel hydratant et raffermissant sp\u00e9cifique buste et d\u00e9collet\u00e9. Sa texture gel fra\u00eeche et fondante lisse instantan\u00e9ment l\u2019\u00e9piderme du buste. Contient un extrait v\u00e9g\u00e9tal raffermissant et revitalisant ainsi qu\u2019un complexe tenseur brevet\u00e9 sp\u00e9cifique pour la peau du buste et du d\u00e9collet\u00e9.\",\"breadcrumb\":{\"@id\":\"https:\/\/methodephysiodermie.com\/fr\/produit\/gel-fermete-du-buste\/#breadcrumb\"},\"inLanguage\":\"fr-FR\",\"potentialAction\":[{\"@type\":\"ReadAction\",\"target\":[\"https:\/\/methodephysiodermie.com\/fr\/produit\/gel-fermete-du-buste\/\"]}]},{\"@type\":\"ImageObject\",\"inLanguage\":\"fr-FR\",\"@id\":\"https:\/\/methodephysiodermie.com\/fr\/produit\/gel-fermete-du-buste\/#primaryimage\",\"url\":\"https:\/\/methodephysiodermie.com\/wp-content\/uploads\/2022\/05\/bust-Firming-Gel.jpg\",\"contentUrl\":\"https:\/\/methodephysiodermie.com\/wp-content\/uploads\/2022\/05\/bust-Firming-Gel.jpg\",\"width\":1200,\"height\":1200,\"caption\":\"Gel Fermete du Buste\"},{\"@type\":\"BreadcrumbList\",\"@id\":\"https:\/\/methodephysiodermie.com\/fr\/produit\/gel-fermete-du-buste\/#breadcrumb\",\"itemListElement\":[{\"@type\":\"ListItem\",\"position\":1,\"name\":\"Home\",\"item\":\"https:\/\/methodephysiodermie.com\/fr\/\"},{\"@type\":\"ListItem\",\"position\":2,\"name\":\"Boutique\",\"item\":\"https:\/\/methodephysiodermie.com\/fr\/boutique\/\"},{\"@type\":\"ListItem\",\"position\":3,\"name\":\"Gel Fermete du Buste\"}]},{\"@type\":\"WebSite\",\"@id\":\"https:\/\/methodephysiodermie.com\/fr\/#website\",\"url\":\"https:\/\/methodephysiodermie.com\/fr\/\",\"name\":\"Methode Physiodermie\u00ae Skin Care\",\"description\":\"A Methodology Of Beauty\",\"publisher\":{\"@id\":\"https:\/\/methodephysiodermie.com\/fr\/#organization\"},\"potentialAction\":[{\"@type\":\"SearchAction\",\"target\":{\"@type\":\"EntryPoint\",\"urlTemplate\":\"https:\/\/methodephysiodermie.com\/fr\/?s={search_term_string}\"},\"query-input\":{\"@type\":\"PropertyValueSpecification\",\"valueRequired\":true,\"valueName\":\"search_term_string\"}}],\"inLanguage\":\"fr-FR\"},{\"@type\":\"Organization\",\"@id\":\"https:\/\/methodephysiodermie.com\/fr\/#organization\",\"name\":\"Methode Physiodermie\",\"url\":\"https:\/\/methodephysiodermie.com\/fr\/\",\"logo\":{\"@type\":\"ImageObject\",\"inLanguage\":\"fr-FR\",\"@id\":\"https:\/\/methodephysiodermie.com\/fr\/#\/schema\/logo\/image\/\",\"url\":\"https:\/\/methodephysiodermie.com\/wp-content\/uploads\/2022\/05\/logo-header.png\",\"contentUrl\":\"https:\/\/methodephysiodermie.com\/wp-content\/uploads\/2022\/05\/logo-header.png\",\"width\":400,\"height\":84,\"caption\":\"Methode Physiodermie\"},\"image\":{\"@id\":\"https:\/\/methodephysiodermie.com\/fr\/#\/schema\/logo\/image\/\"},\"sameAs\":[\"https:\/\/www.facebook.com\/PhysiodermieSkincare\",\"https:\/\/x.com\/physio_skincare\",\"https:\/\/www.instagram.com\/methode_physiodermie\/\",\"https:\/\/www.youtube.com\/user\/derme8282\"]}]}<\/script>\n<!-- \/ Yoast SEO plugin. -->","yoast_head_json":{"title":"Gel Fermete du Buste | Methode Physiodermie\u00ae Skin Care","description":"Gel hydratant et raffermissant sp\u00e9cifique buste et d\u00e9collet\u00e9. Sa texture gel fra\u00eeche et fondante lisse instantan\u00e9ment l\u2019\u00e9piderme du buste. Contient un extrait v\u00e9g\u00e9tal raffermissant et revitalisant ainsi qu\u2019un complexe tenseur brevet\u00e9 sp\u00e9cifique pour la peau du buste et du d\u00e9collet\u00e9.","robots":{"index":"index","follow":"follow","max-snippet":"max-snippet:-1","max-image-preview":"max-image-preview:large","max-video-preview":"max-video-preview:-1"},"canonical":"https:\/\/methodephysiodermie.com\/fr\/produit\/gel-fermete-du-buste\/","og_locale":"fr_FR","og_type":"article","og_title":"Gel Fermete du Buste | Methode Physiodermie\u00ae Skin Care","og_description":"Gel hydratant et raffermissant sp\u00e9cifique buste et d\u00e9collet\u00e9. Sa texture gel fra\u00eeche et fondante lisse instantan\u00e9ment l\u2019\u00e9piderme du buste. Contient un extrait v\u00e9g\u00e9tal raffermissant et revitalisant ainsi qu\u2019un complexe tenseur brevet\u00e9 sp\u00e9cifique pour la peau du buste et du d\u00e9collet\u00e9.","og_url":"https:\/\/methodephysiodermie.com\/fr\/produit\/gel-fermete-du-buste\/","og_site_name":"Methode Physiodermie\u00ae Skin Care","article_publisher":"https:\/\/www.facebook.com\/PhysiodermieSkincare","article_modified_time":"2023-12-28T18:04:22+00:00","og_image":[{"width":1200,"height":1200,"url":"https:\/\/methodephysiodermie.com\/wp-content\/uploads\/2022\/05\/bust-Firming-Gel.jpg","type":"image\/jpeg"}],"twitter_card":"summary_large_image","twitter_site":"@physio_skincare","schema":{"@context":"https:\/\/schema.org","@graph":[{"@type":"WebPage","@id":"https:\/\/methodephysiodermie.com\/fr\/produit\/gel-fermete-du-buste\/","url":"https:\/\/methodephysiodermie.com\/fr\/produit\/gel-fermete-du-buste\/","name":"Gel Fermete du Buste | Methode Physiodermie\u00ae Skin Care","isPartOf":{"@id":"https:\/\/methodephysiodermie.com\/fr\/#website"},"primaryImageOfPage":{"@id":"https:\/\/methodephysiodermie.com\/fr\/produit\/gel-fermete-du-buste\/#primaryimage"},"image":{"@id":"https:\/\/methodephysiodermie.com\/fr\/produit\/gel-fermete-du-buste\/#primaryimage"},"thumbnailUrl":"https:\/\/methodephysiodermie.com\/wp-content\/uploads\/2022\/05\/bust-Firming-Gel.jpg","datePublished":"2022-05-06T18:48:15+00:00","dateModified":"2023-12-28T18:04:22+00:00","description":"Gel hydratant et raffermissant sp\u00e9cifique buste et d\u00e9collet\u00e9. Sa texture gel fra\u00eeche et fondante lisse instantan\u00e9ment l\u2019\u00e9piderme du buste. Contient un extrait v\u00e9g\u00e9tal raffermissant et revitalisant ainsi qu\u2019un complexe tenseur brevet\u00e9 sp\u00e9cifique pour la peau du buste et du d\u00e9collet\u00e9.","breadcrumb":{"@id":"https:\/\/methodephysiodermie.com\/fr\/produit\/gel-fermete-du-buste\/#breadcrumb"},"inLanguage":"fr-FR","potentialAction":[{"@type":"ReadAction","target":["https:\/\/methodephysiodermie.com\/fr\/produit\/gel-fermete-du-buste\/"]}]},{"@type":"ImageObject","inLanguage":"fr-FR","@id":"https:\/\/methodephysiodermie.com\/fr\/produit\/gel-fermete-du-buste\/#primaryimage","url":"https:\/\/methodephysiodermie.com\/wp-content\/uploads\/2022\/05\/bust-Firming-Gel.jpg","contentUrl":"https:\/\/methodephysiodermie.com\/wp-content\/uploads\/2022\/05\/bust-Firming-Gel.jpg","width":1200,"height":1200,"caption":"Gel Fermete du Buste"},{"@type":"BreadcrumbList","@id":"https:\/\/methodephysiodermie.com\/fr\/produit\/gel-fermete-du-buste\/#breadcrumb","itemListElement":[{"@type":"ListItem","position":1,"name":"Home","item":"https:\/\/methodephysiodermie.com\/fr\/"},{"@type":"ListItem","position":2,"name":"Boutique","item":"https:\/\/methodephysiodermie.com\/fr\/boutique\/"},{"@type":"ListItem","position":3,"name":"Gel Fermete du Buste"}]},{"@type":"WebSite","@id":"https:\/\/methodephysiodermie.com\/fr\/#website","url":"https:\/\/methodephysiodermie.com\/fr\/","name":"Methode Physiodermie\u00ae Skin Care","description":"A Methodology Of Beauty","publisher":{"@id":"https:\/\/methodephysiodermie.com\/fr\/#organization"},"potentialAction":[{"@type":"SearchAction","target":{"@type":"EntryPoint","urlTemplate":"https:\/\/methodephysiodermie.com\/fr\/?s={search_term_string}"},"query-input":{"@type":"PropertyValueSpecification","valueRequired":true,"valueName":"search_term_string"}}],"inLanguage":"fr-FR"},{"@type":"Organization","@id":"https:\/\/methodephysiodermie.com\/fr\/#organization","name":"Methode Physiodermie","url":"https:\/\/methodephysiodermie.com\/fr\/","logo":{"@type":"ImageObject","inLanguage":"fr-FR","@id":"https:\/\/methodephysiodermie.com\/fr\/#\/schema\/logo\/image\/","url":"https:\/\/methodephysiodermie.com\/wp-content\/uploads\/2022\/05\/logo-header.png","contentUrl":"https:\/\/methodephysiodermie.com\/wp-content\/uploads\/2022\/05\/logo-header.png","width":400,"height":84,"caption":"Methode Physiodermie"},"image":{"@id":"https:\/\/methodephysiodermie.com\/fr\/#\/schema\/logo\/image\/"},"sameAs":["https:\/\/www.facebook.com\/PhysiodermieSkincare","https:\/\/x.com\/physio_skincare","https:\/\/www.instagram.com\/methode_physiodermie\/","https:\/\/www.youtube.com\/user\/derme8282"]}]}},"_links":{"self":[{"href":"https:\/\/methodephysiodermie.com\/fr\/wp-json\/wp\/v2\/product\/952","targetHints":{"allow":["GET"]}}],"collection":[{"href":"https:\/\/methodephysiodermie.com\/fr\/wp-json\/wp\/v2\/product"}],"about":[{"href":"https:\/\/methodephysiodermie.com\/fr\/wp-json\/wp\/v2\/types\/product"}],"replies":[{"embeddable":true,"href":"https:\/\/methodephysiodermie.com\/fr\/wp-json\/wp\/v2\/comments?post=952"}],"wp:featuredmedia":[{"embeddable":true,"href":"https:\/\/methodephysiodermie.com\/fr\/wp-json\/wp\/v2\/media\/676"}],"wp:attachment":[{"href":"https:\/\/methodephysiodermie.com\/fr\/wp-json\/wp\/v2\/media?parent=952"}],"wp:term":[{"taxonomy":"product_brand","embeddable":true,"href":"https:\/\/methodephysiodermie.com\/fr\/wp-json\/wp\/v2\/product_brand?post=952"},{"taxonomy":"product_cat","embeddable":true,"href":"https:\/\/methodephysiodermie.com\/fr\/wp-json\/wp\/v2\/product_cat?post=952"},{"taxonomy":"product_tag","embeddable":true,"href":"https:\/\/methodephysiodermie.com\/fr\/wp-json\/wp\/v2\/product_tag?post=952"},{"taxonomy":"giftcard-category","embeddable":true,"href":"https:\/\/methodephysiodermie.com\/fr\/wp-json\/wp\/v2\/giftcard-category?post=952"}],"curies":[{"name":"wp","href":"https:\/\/api.w.org\/{rel}","templated":true}]}}