{"id":942,"date":"2013-01-06T11:19:56","date_gmt":"2013-01-06T11:19:56","guid":{"rendered":"https:\/\/physiosk.wpengine.com\/product\/body-sculpting-gel-200\/"},"modified":"2023-12-28T17:20:45","modified_gmt":"2023-12-28T17:20:45","slug":"gel-modelant-sculptant-200","status":"publish","type":"product","link":"https:\/\/methodephysiodermie.com\/fr\/produit\/gel-modelant-sculptant-200\/","title":{"rendered":"Gel Modelant Sculptant [200 ml]"},"content":{"rendered":"","protected":false},"excerpt":{"rendered":"<p><strong>Soin Anti-Cellulite pour le corps.<\/strong><\/p>\n<p>Hydrate et raffermit la peau afin de r\u00e9duire l\u2019aspect de la cellulite et de raffermir les contours. Sensation de fraicheur \u00e0 l\u2019application et absorbtion rapide. Soin hautement concentr\u00e9 en extraits v\u00e9g\u00e9taux et en caf\u00e9ine connus pour r\u00e9duire l\u2019aspect de la cellulite, pour une silhouette sculpt\u00e9e.<\/p>\n[ 200 ml ]\n","protected":false},"featured_media":5089,"comment_status":"open","ping_status":"closed","template":"","meta":[],"product_brand":[],"product_cat":[103,102],"product_tag":[],"giftcard-category":[],"class_list":{"0":"post-942","1":"product","2":"type-product","3":"status-publish","4":"has-post-thumbnail","6":"product_cat-soins-corps","7":"product_cat-traitements-specifiques","9":"first","10":"instock","11":"taxable","12":"shipping-taxable","13":"purchasable","14":"product-type-simple"},"acf":[],"yoast_head":"<!-- This site is optimized with the Yoast SEO plugin v27.5 - https:\/\/yoast.com\/product\/yoast-seo-wordpress\/ -->\n<title>Gel Modelant Sculptant [200 ml] | Methode Physiodermie\u00ae Skin Care<\/title>\n<meta name=\"description\" content=\"Hydrate et raffermit la peau afin de r\u00e9duire l\u2019aspect de la cellulite et de raffermir les contours. Sensation de fraicheur \u00e0 l\u2019application et absorbtion rapide. Soin hautement concentr\u00e9 en extraits v\u00e9g\u00e9taux et en caf\u00e9ine connus pour r\u00e9duire l\u2019aspect de la cellulite, pour une silhouette sculpt\u00e9e.\" \/>\n<meta name=\"robots\" content=\"index, follow, max-snippet:-1, max-image-preview:large, max-video-preview:-1\" \/>\n<link rel=\"canonical\" href=\"https:\/\/methodephysiodermie.com\/fr\/produit\/gel-modelant-sculptant-200\/\" \/>\n<meta property=\"og:locale\" content=\"fr_CA\" \/>\n<meta property=\"og:type\" content=\"article\" \/>\n<meta property=\"og:title\" content=\"Gel Modelant Sculptant [200 ml] | Methode Physiodermie\u00ae Skin Care\" \/>\n<meta property=\"og:description\" content=\"Hydrate et raffermit la peau afin de r\u00e9duire l\u2019aspect de la cellulite et de raffermir les contours. Sensation de fraicheur \u00e0 l\u2019application et absorbtion rapide. Soin hautement concentr\u00e9 en extraits v\u00e9g\u00e9taux et en caf\u00e9ine connus pour r\u00e9duire l\u2019aspect de la cellulite, pour une silhouette sculpt\u00e9e.\" \/>\n<meta property=\"og:url\" content=\"https:\/\/methodephysiodermie.com\/fr\/produit\/gel-modelant-sculptant-200\/\" \/>\n<meta property=\"og:site_name\" content=\"Methode Physiodermie\u00ae Skin Care\" \/>\n<meta property=\"article:publisher\" content=\"https:\/\/www.facebook.com\/PhysiodermieSkincare\" \/>\n<meta property=\"article:modified_time\" content=\"2023-12-28T17:20:45+00:00\" \/>\n<meta property=\"og:image\" content=\"https:\/\/methodephysiodermie.com\/wp-content\/uploads\/2013\/01\/3208_Gel_Modelant_Sculptant.jpg\" \/>\n\t<meta property=\"og:image:width\" content=\"1200\" \/>\n\t<meta property=\"og:image:height\" content=\"1200\" \/>\n\t<meta property=\"og:image:type\" content=\"image\/jpeg\" \/>\n<meta name=\"twitter:card\" content=\"summary_large_image\" \/>\n<meta name=\"twitter:site\" content=\"@physio_skincare\" \/>\n<script type=\"application\/ld+json\" class=\"yoast-schema-graph\">{\"@context\":\"https:\\\/\\\/schema.org\",\"@graph\":[{\"@type\":\"WebPage\",\"@id\":\"https:\\\/\\\/methodephysiodermie.com\\\/fr\\\/produit\\\/gel-modelant-sculptant-200\\\/\",\"url\":\"https:\\\/\\\/methodephysiodermie.com\\\/fr\\\/produit\\\/gel-modelant-sculptant-200\\\/\",\"name\":\"Gel Modelant Sculptant [200 ml] | Methode Physiodermie\u00ae Skin Care\",\"isPartOf\":{\"@id\":\"https:\\\/\\\/methodephysiodermie.com\\\/fr\\\/#website\"},\"primaryImageOfPage\":{\"@id\":\"https:\\\/\\\/methodephysiodermie.com\\\/fr\\\/produit\\\/gel-modelant-sculptant-200\\\/#primaryimage\"},\"image\":{\"@id\":\"https:\\\/\\\/methodephysiodermie.com\\\/fr\\\/produit\\\/gel-modelant-sculptant-200\\\/#primaryimage\"},\"thumbnailUrl\":\"https:\\\/\\\/methodephysiodermie.com\\\/wp-content\\\/uploads\\\/2013\\\/01\\\/3208_Gel_Modelant_Sculptant.jpg\",\"datePublished\":\"2013-01-06T11:19:56+00:00\",\"dateModified\":\"2023-12-28T17:20:45+00:00\",\"description\":\"Hydrate et raffermit la peau afin de r\u00e9duire l\u2019aspect de la cellulite et de raffermir les contours. Sensation de fraicheur \u00e0 l\u2019application et absorbtion rapide. Soin hautement concentr\u00e9 en extraits v\u00e9g\u00e9taux et en caf\u00e9ine connus pour r\u00e9duire l\u2019aspect de la cellulite, pour une silhouette sculpt\u00e9e.\",\"breadcrumb\":{\"@id\":\"https:\\\/\\\/methodephysiodermie.com\\\/fr\\\/produit\\\/gel-modelant-sculptant-200\\\/#breadcrumb\"},\"inLanguage\":\"fr-CA\",\"potentialAction\":[{\"@type\":\"ReadAction\",\"target\":[\"https:\\\/\\\/methodephysiodermie.com\\\/fr\\\/produit\\\/gel-modelant-sculptant-200\\\/\"]}]},{\"@type\":\"ImageObject\",\"inLanguage\":\"fr-CA\",\"@id\":\"https:\\\/\\\/methodephysiodermie.com\\\/fr\\\/produit\\\/gel-modelant-sculptant-200\\\/#primaryimage\",\"url\":\"https:\\\/\\\/methodephysiodermie.com\\\/wp-content\\\/uploads\\\/2013\\\/01\\\/3208_Gel_Modelant_Sculptant.jpg\",\"contentUrl\":\"https:\\\/\\\/methodephysiodermie.com\\\/wp-content\\\/uploads\\\/2013\\\/01\\\/3208_Gel_Modelant_Sculptant.jpg\",\"width\":1200,\"height\":1200,\"caption\":\"Gel Modelant Sculptant\"},{\"@type\":\"BreadcrumbList\",\"@id\":\"https:\\\/\\\/methodephysiodermie.com\\\/fr\\\/produit\\\/gel-modelant-sculptant-200\\\/#breadcrumb\",\"itemListElement\":[{\"@type\":\"ListItem\",\"position\":1,\"name\":\"Home\",\"item\":\"https:\\\/\\\/methodephysiodermie.com\\\/fr\\\/\"},{\"@type\":\"ListItem\",\"position\":2,\"name\":\"Boutique\",\"item\":\"https:\\\/\\\/methodephysiodermie.com\\\/fr\\\/boutique\\\/\"},{\"@type\":\"ListItem\",\"position\":3,\"name\":\"Gel Modelant Sculptant [200 ml]\"}]},{\"@type\":\"WebSite\",\"@id\":\"https:\\\/\\\/methodephysiodermie.com\\\/fr\\\/#website\",\"url\":\"https:\\\/\\\/methodephysiodermie.com\\\/fr\\\/\",\"name\":\"Methode Physiodermie\u00ae Skin Care\",\"description\":\"A Methodology Of Beauty\",\"publisher\":{\"@id\":\"https:\\\/\\\/methodephysiodermie.com\\\/fr\\\/#organization\"},\"potentialAction\":[{\"@type\":\"SearchAction\",\"target\":{\"@type\":\"EntryPoint\",\"urlTemplate\":\"https:\\\/\\\/methodephysiodermie.com\\\/fr\\\/?s={search_term_string}\"},\"query-input\":{\"@type\":\"PropertyValueSpecification\",\"valueRequired\":true,\"valueName\":\"search_term_string\"}}],\"inLanguage\":\"fr-CA\"},{\"@type\":\"Organization\",\"@id\":\"https:\\\/\\\/methodephysiodermie.com\\\/fr\\\/#organization\",\"name\":\"Methode Physiodermie\",\"url\":\"https:\\\/\\\/methodephysiodermie.com\\\/fr\\\/\",\"logo\":{\"@type\":\"ImageObject\",\"inLanguage\":\"fr-CA\",\"@id\":\"https:\\\/\\\/methodephysiodermie.com\\\/fr\\\/#\\\/schema\\\/logo\\\/image\\\/\",\"url\":\"https:\\\/\\\/methodephysiodermie.com\\\/wp-content\\\/uploads\\\/2022\\\/05\\\/logo-header.png\",\"contentUrl\":\"https:\\\/\\\/methodephysiodermie.com\\\/wp-content\\\/uploads\\\/2022\\\/05\\\/logo-header.png\",\"width\":400,\"height\":84,\"caption\":\"Methode Physiodermie\"},\"image\":{\"@id\":\"https:\\\/\\\/methodephysiodermie.com\\\/fr\\\/#\\\/schema\\\/logo\\\/image\\\/\"},\"sameAs\":[\"https:\\\/\\\/www.facebook.com\\\/PhysiodermieSkincare\",\"https:\\\/\\\/x.com\\\/physio_skincare\",\"https:\\\/\\\/www.instagram.com\\\/methode_physiodermie\\\/\",\"https:\\\/\\\/www.youtube.com\\\/user\\\/derme8282\"]}]}<\/script>\n<!-- \/ Yoast SEO plugin. -->","yoast_head_json":{"title":"Gel Modelant Sculptant [200 ml] | Methode Physiodermie\u00ae Skin Care","description":"Hydrate et raffermit la peau afin de r\u00e9duire l\u2019aspect de la cellulite et de raffermir les contours. Sensation de fraicheur \u00e0 l\u2019application et absorbtion rapide. Soin hautement concentr\u00e9 en extraits v\u00e9g\u00e9taux et en caf\u00e9ine connus pour r\u00e9duire l\u2019aspect de la cellulite, pour une silhouette sculpt\u00e9e.","robots":{"index":"index","follow":"follow","max-snippet":"max-snippet:-1","max-image-preview":"max-image-preview:large","max-video-preview":"max-video-preview:-1"},"canonical":"https:\/\/methodephysiodermie.com\/fr\/produit\/gel-modelant-sculptant-200\/","og_locale":"fr_CA","og_type":"article","og_title":"Gel Modelant Sculptant [200 ml] | Methode Physiodermie\u00ae Skin Care","og_description":"Hydrate et raffermit la peau afin de r\u00e9duire l\u2019aspect de la cellulite et de raffermir les contours. Sensation de fraicheur \u00e0 l\u2019application et absorbtion rapide. Soin hautement concentr\u00e9 en extraits v\u00e9g\u00e9taux et en caf\u00e9ine connus pour r\u00e9duire l\u2019aspect de la cellulite, pour une silhouette sculpt\u00e9e.","og_url":"https:\/\/methodephysiodermie.com\/fr\/produit\/gel-modelant-sculptant-200\/","og_site_name":"Methode Physiodermie\u00ae Skin Care","article_publisher":"https:\/\/www.facebook.com\/PhysiodermieSkincare","article_modified_time":"2023-12-28T17:20:45+00:00","og_image":[{"width":1200,"height":1200,"url":"https:\/\/methodephysiodermie.com\/wp-content\/uploads\/2013\/01\/3208_Gel_Modelant_Sculptant.jpg","type":"image\/jpeg"}],"twitter_card":"summary_large_image","twitter_site":"@physio_skincare","schema":{"@context":"https:\/\/schema.org","@graph":[{"@type":"WebPage","@id":"https:\/\/methodephysiodermie.com\/fr\/produit\/gel-modelant-sculptant-200\/","url":"https:\/\/methodephysiodermie.com\/fr\/produit\/gel-modelant-sculptant-200\/","name":"Gel Modelant Sculptant [200 ml] | Methode Physiodermie\u00ae Skin Care","isPartOf":{"@id":"https:\/\/methodephysiodermie.com\/fr\/#website"},"primaryImageOfPage":{"@id":"https:\/\/methodephysiodermie.com\/fr\/produit\/gel-modelant-sculptant-200\/#primaryimage"},"image":{"@id":"https:\/\/methodephysiodermie.com\/fr\/produit\/gel-modelant-sculptant-200\/#primaryimage"},"thumbnailUrl":"https:\/\/methodephysiodermie.com\/wp-content\/uploads\/2013\/01\/3208_Gel_Modelant_Sculptant.jpg","datePublished":"2013-01-06T11:19:56+00:00","dateModified":"2023-12-28T17:20:45+00:00","description":"Hydrate et raffermit la peau afin de r\u00e9duire l\u2019aspect de la cellulite et de raffermir les contours. Sensation de fraicheur \u00e0 l\u2019application et absorbtion rapide. Soin hautement concentr\u00e9 en extraits v\u00e9g\u00e9taux et en caf\u00e9ine connus pour r\u00e9duire l\u2019aspect de la cellulite, pour une silhouette sculpt\u00e9e.","breadcrumb":{"@id":"https:\/\/methodephysiodermie.com\/fr\/produit\/gel-modelant-sculptant-200\/#breadcrumb"},"inLanguage":"fr-CA","potentialAction":[{"@type":"ReadAction","target":["https:\/\/methodephysiodermie.com\/fr\/produit\/gel-modelant-sculptant-200\/"]}]},{"@type":"ImageObject","inLanguage":"fr-CA","@id":"https:\/\/methodephysiodermie.com\/fr\/produit\/gel-modelant-sculptant-200\/#primaryimage","url":"https:\/\/methodephysiodermie.com\/wp-content\/uploads\/2013\/01\/3208_Gel_Modelant_Sculptant.jpg","contentUrl":"https:\/\/methodephysiodermie.com\/wp-content\/uploads\/2013\/01\/3208_Gel_Modelant_Sculptant.jpg","width":1200,"height":1200,"caption":"Gel Modelant Sculptant"},{"@type":"BreadcrumbList","@id":"https:\/\/methodephysiodermie.com\/fr\/produit\/gel-modelant-sculptant-200\/#breadcrumb","itemListElement":[{"@type":"ListItem","position":1,"name":"Home","item":"https:\/\/methodephysiodermie.com\/fr\/"},{"@type":"ListItem","position":2,"name":"Boutique","item":"https:\/\/methodephysiodermie.com\/fr\/boutique\/"},{"@type":"ListItem","position":3,"name":"Gel Modelant Sculptant [200 ml]"}]},{"@type":"WebSite","@id":"https:\/\/methodephysiodermie.com\/fr\/#website","url":"https:\/\/methodephysiodermie.com\/fr\/","name":"Methode Physiodermie\u00ae Skin Care","description":"A Methodology Of Beauty","publisher":{"@id":"https:\/\/methodephysiodermie.com\/fr\/#organization"},"potentialAction":[{"@type":"SearchAction","target":{"@type":"EntryPoint","urlTemplate":"https:\/\/methodephysiodermie.com\/fr\/?s={search_term_string}"},"query-input":{"@type":"PropertyValueSpecification","valueRequired":true,"valueName":"search_term_string"}}],"inLanguage":"fr-CA"},{"@type":"Organization","@id":"https:\/\/methodephysiodermie.com\/fr\/#organization","name":"Methode Physiodermie","url":"https:\/\/methodephysiodermie.com\/fr\/","logo":{"@type":"ImageObject","inLanguage":"fr-CA","@id":"https:\/\/methodephysiodermie.com\/fr\/#\/schema\/logo\/image\/","url":"https:\/\/methodephysiodermie.com\/wp-content\/uploads\/2022\/05\/logo-header.png","contentUrl":"https:\/\/methodephysiodermie.com\/wp-content\/uploads\/2022\/05\/logo-header.png","width":400,"height":84,"caption":"Methode Physiodermie"},"image":{"@id":"https:\/\/methodephysiodermie.com\/fr\/#\/schema\/logo\/image\/"},"sameAs":["https:\/\/www.facebook.com\/PhysiodermieSkincare","https:\/\/x.com\/physio_skincare","https:\/\/www.instagram.com\/methode_physiodermie\/","https:\/\/www.youtube.com\/user\/derme8282"]}]}},"_links":{"self":[{"href":"https:\/\/methodephysiodermie.com\/fr\/wp-json\/wp\/v2\/product\/942","targetHints":{"allow":["GET"]}}],"collection":[{"href":"https:\/\/methodephysiodermie.com\/fr\/wp-json\/wp\/v2\/product"}],"about":[{"href":"https:\/\/methodephysiodermie.com\/fr\/wp-json\/wp\/v2\/types\/product"}],"replies":[{"embeddable":true,"href":"https:\/\/methodephysiodermie.com\/fr\/wp-json\/wp\/v2\/comments?post=942"}],"wp:featuredmedia":[{"embeddable":true,"href":"https:\/\/methodephysiodermie.com\/fr\/wp-json\/wp\/v2\/media\/5089"}],"wp:attachment":[{"href":"https:\/\/methodephysiodermie.com\/fr\/wp-json\/wp\/v2\/media?parent=942"}],"wp:term":[{"taxonomy":"product_brand","embeddable":true,"href":"https:\/\/methodephysiodermie.com\/fr\/wp-json\/wp\/v2\/product_brand?post=942"},{"taxonomy":"product_cat","embeddable":true,"href":"https:\/\/methodephysiodermie.com\/fr\/wp-json\/wp\/v2\/product_cat?post=942"},{"taxonomy":"product_tag","embeddable":true,"href":"https:\/\/methodephysiodermie.com\/fr\/wp-json\/wp\/v2\/product_tag?post=942"},{"taxonomy":"giftcard-category","embeddable":true,"href":"https:\/\/methodephysiodermie.com\/fr\/wp-json\/wp\/v2\/giftcard-category?post=942"}],"curies":[{"name":"wp","href":"https:\/\/api.w.org\/{rel}","templated":true}]}}