{"id":934,"date":"2013-08-09T21:20:26","date_gmt":"2013-08-09T21:20:26","guid":{"rendered":"https:\/\/physiosk.wpengine.com\/product\/bioarome-tm-tonifying\/"},"modified":"2023-12-28T17:37:57","modified_gmt":"2023-12-28T17:37:57","slug":"bioarome-tm-tonifiant","status":"publish","type":"product","link":"https:\/\/methodephysiodermie.com\/fr\/produit\/bioarome-tm-tonifiant\/","title":{"rendered":"Bioarome TM Tonifiant"},"content":{"rendered":"","protected":false},"excerpt":{"rendered":"<p><strong>Am\u00e9liore visiblement la fermet\u00e9 et l\u2019\u00e9lasticit\u00e9 de la peau.<\/strong><\/p>\n<p>Gr\u00e2ce \u00e0 sa synergie exclusive d\u2019huiles essentielles et extraits de plantes tonifiants associ\u00e9e \u00e0 la technologie MEIMA, ce s\u00e9rum hydratant et revitalisant raffermit la peau et l\u2019aide \u00e0 retrouver son \u00e9lasticit\u00e9 naturelle.<\/p>\n[ 15 ml ]\n","protected":false},"featured_media":708,"comment_status":"open","ping_status":"closed","template":"","meta":[],"product_brand":[],"product_cat":[108,98],"product_tag":[],"giftcard-category":[],"class_list":{"0":"post-934","1":"product","2":"type-product","3":"status-publish","4":"has-post-thumbnail","6":"product_cat-equillibre-essentiels","7":"product_cat-serum","9":"first","10":"instock","11":"taxable","12":"shipping-taxable","13":"purchasable","14":"product-type-simple"},"acf":[],"yoast_head":"<!-- This site is optimized with the Yoast SEO plugin v27.1.1 - https:\/\/yoast.com\/product\/yoast-seo-wordpress\/ -->\n<title>Bioarome TM Tonifiant | Methode Physiodermie\u00ae Skin Care<\/title>\n<meta name=\"description\" content=\"Gr\u00e2ce \u00e0 sa synergie exclusive d\u2019huiles essentielles et extraits de plantes tonifiants associ\u00e9e \u00e0 la technologie MEIMA, ce s\u00e9rum hydratant et revitalisant raffermit la peau et l\u2019aide \u00e0 retrouver son \u00e9lasticit\u00e9 naturelle.\" \/>\n<meta name=\"robots\" content=\"index, follow, max-snippet:-1, max-image-preview:large, max-video-preview:-1\" \/>\n<link rel=\"canonical\" href=\"https:\/\/methodephysiodermie.com\/fr\/produit\/bioarome-tm-tonifiant\/\" \/>\n<meta property=\"og:locale\" content=\"fr_FR\" \/>\n<meta property=\"og:type\" content=\"article\" \/>\n<meta property=\"og:title\" content=\"Bioarome TM Tonifiant | Methode Physiodermie\u00ae Skin Care\" \/>\n<meta property=\"og:description\" content=\"Gr\u00e2ce \u00e0 sa synergie exclusive d\u2019huiles essentielles et extraits de plantes tonifiants associ\u00e9e \u00e0 la technologie MEIMA, ce s\u00e9rum hydratant et revitalisant raffermit la peau et l\u2019aide \u00e0 retrouver son \u00e9lasticit\u00e9 naturelle.\" \/>\n<meta property=\"og:url\" content=\"https:\/\/methodephysiodermie.com\/fr\/produit\/bioarome-tm-tonifiant\/\" \/>\n<meta property=\"og:site_name\" content=\"Methode Physiodermie\u00ae Skin Care\" \/>\n<meta property=\"article:publisher\" content=\"https:\/\/www.facebook.com\/PhysiodermieSkincare\" \/>\n<meta property=\"article:modified_time\" content=\"2023-12-28T17:37:57+00:00\" \/>\n<meta property=\"og:image\" content=\"https:\/\/methodephysiodermie.com\/wp-content\/uploads\/2013\/08\/bioarome-tm.jpg\" \/>\n\t<meta property=\"og:image:width\" content=\"1200\" \/>\n\t<meta property=\"og:image:height\" content=\"1200\" \/>\n\t<meta property=\"og:image:type\" content=\"image\/jpeg\" \/>\n<meta name=\"twitter:card\" content=\"summary_large_image\" \/>\n<meta name=\"twitter:site\" content=\"@physio_skincare\" \/>\n<script type=\"application\/ld+json\" class=\"yoast-schema-graph\">{\"@context\":\"https:\/\/schema.org\",\"@graph\":[{\"@type\":\"WebPage\",\"@id\":\"https:\/\/methodephysiodermie.com\/fr\/produit\/bioarome-tm-tonifiant\/\",\"url\":\"https:\/\/methodephysiodermie.com\/fr\/produit\/bioarome-tm-tonifiant\/\",\"name\":\"Bioarome TM Tonifiant | Methode Physiodermie\u00ae Skin Care\",\"isPartOf\":{\"@id\":\"https:\/\/methodephysiodermie.com\/fr\/#website\"},\"primaryImageOfPage\":{\"@id\":\"https:\/\/methodephysiodermie.com\/fr\/produit\/bioarome-tm-tonifiant\/#primaryimage\"},\"image\":{\"@id\":\"https:\/\/methodephysiodermie.com\/fr\/produit\/bioarome-tm-tonifiant\/#primaryimage\"},\"thumbnailUrl\":\"https:\/\/methodephysiodermie.com\/wp-content\/uploads\/2013\/08\/bioarome-tm.jpg\",\"datePublished\":\"2013-08-09T21:20:26+00:00\",\"dateModified\":\"2023-12-28T17:37:57+00:00\",\"description\":\"Gr\u00e2ce \u00e0 sa synergie exclusive d\u2019huiles essentielles et extraits de plantes tonifiants associ\u00e9e \u00e0 la technologie MEIMA, ce s\u00e9rum hydratant et revitalisant raffermit la peau et l\u2019aide \u00e0 retrouver son \u00e9lasticit\u00e9 naturelle.\",\"breadcrumb\":{\"@id\":\"https:\/\/methodephysiodermie.com\/fr\/produit\/bioarome-tm-tonifiant\/#breadcrumb\"},\"inLanguage\":\"fr-FR\",\"potentialAction\":[{\"@type\":\"ReadAction\",\"target\":[\"https:\/\/methodephysiodermie.com\/fr\/produit\/bioarome-tm-tonifiant\/\"]}]},{\"@type\":\"ImageObject\",\"inLanguage\":\"fr-FR\",\"@id\":\"https:\/\/methodephysiodermie.com\/fr\/produit\/bioarome-tm-tonifiant\/#primaryimage\",\"url\":\"https:\/\/methodephysiodermie.com\/wp-content\/uploads\/2013\/08\/bioarome-tm.jpg\",\"contentUrl\":\"https:\/\/methodephysiodermie.com\/wp-content\/uploads\/2013\/08\/bioarome-tm.jpg\",\"width\":1200,\"height\":1200,\"caption\":\"Bioarome TM Tonifiant\"},{\"@type\":\"BreadcrumbList\",\"@id\":\"https:\/\/methodephysiodermie.com\/fr\/produit\/bioarome-tm-tonifiant\/#breadcrumb\",\"itemListElement\":[{\"@type\":\"ListItem\",\"position\":1,\"name\":\"Home\",\"item\":\"https:\/\/methodephysiodermie.com\/fr\/\"},{\"@type\":\"ListItem\",\"position\":2,\"name\":\"Boutique\",\"item\":\"https:\/\/methodephysiodermie.com\/fr\/boutique\/\"},{\"@type\":\"ListItem\",\"position\":3,\"name\":\"Bioarome TM Tonifiant\"}]},{\"@type\":\"WebSite\",\"@id\":\"https:\/\/methodephysiodermie.com\/fr\/#website\",\"url\":\"https:\/\/methodephysiodermie.com\/fr\/\",\"name\":\"Methode Physiodermie\u00ae Skin Care\",\"description\":\"A Methodology Of Beauty\",\"publisher\":{\"@id\":\"https:\/\/methodephysiodermie.com\/fr\/#organization\"},\"potentialAction\":[{\"@type\":\"SearchAction\",\"target\":{\"@type\":\"EntryPoint\",\"urlTemplate\":\"https:\/\/methodephysiodermie.com\/fr\/?s={search_term_string}\"},\"query-input\":{\"@type\":\"PropertyValueSpecification\",\"valueRequired\":true,\"valueName\":\"search_term_string\"}}],\"inLanguage\":\"fr-FR\"},{\"@type\":\"Organization\",\"@id\":\"https:\/\/methodephysiodermie.com\/fr\/#organization\",\"name\":\"Methode Physiodermie\",\"url\":\"https:\/\/methodephysiodermie.com\/fr\/\",\"logo\":{\"@type\":\"ImageObject\",\"inLanguage\":\"fr-FR\",\"@id\":\"https:\/\/methodephysiodermie.com\/fr\/#\/schema\/logo\/image\/\",\"url\":\"https:\/\/methodephysiodermie.com\/wp-content\/uploads\/2022\/05\/logo-header.png\",\"contentUrl\":\"https:\/\/methodephysiodermie.com\/wp-content\/uploads\/2022\/05\/logo-header.png\",\"width\":400,\"height\":84,\"caption\":\"Methode Physiodermie\"},\"image\":{\"@id\":\"https:\/\/methodephysiodermie.com\/fr\/#\/schema\/logo\/image\/\"},\"sameAs\":[\"https:\/\/www.facebook.com\/PhysiodermieSkincare\",\"https:\/\/x.com\/physio_skincare\",\"https:\/\/www.instagram.com\/methode_physiodermie\/\",\"https:\/\/www.youtube.com\/user\/derme8282\"]}]}<\/script>\n<!-- \/ Yoast SEO plugin. -->","yoast_head_json":{"title":"Bioarome TM Tonifiant | Methode Physiodermie\u00ae Skin Care","description":"Gr\u00e2ce \u00e0 sa synergie exclusive d\u2019huiles essentielles et extraits de plantes tonifiants associ\u00e9e \u00e0 la technologie MEIMA, ce s\u00e9rum hydratant et revitalisant raffermit la peau et l\u2019aide \u00e0 retrouver son \u00e9lasticit\u00e9 naturelle.","robots":{"index":"index","follow":"follow","max-snippet":"max-snippet:-1","max-image-preview":"max-image-preview:large","max-video-preview":"max-video-preview:-1"},"canonical":"https:\/\/methodephysiodermie.com\/fr\/produit\/bioarome-tm-tonifiant\/","og_locale":"fr_FR","og_type":"article","og_title":"Bioarome TM Tonifiant | Methode Physiodermie\u00ae Skin Care","og_description":"Gr\u00e2ce \u00e0 sa synergie exclusive d\u2019huiles essentielles et extraits de plantes tonifiants associ\u00e9e \u00e0 la technologie MEIMA, ce s\u00e9rum hydratant et revitalisant raffermit la peau et l\u2019aide \u00e0 retrouver son \u00e9lasticit\u00e9 naturelle.","og_url":"https:\/\/methodephysiodermie.com\/fr\/produit\/bioarome-tm-tonifiant\/","og_site_name":"Methode Physiodermie\u00ae Skin Care","article_publisher":"https:\/\/www.facebook.com\/PhysiodermieSkincare","article_modified_time":"2023-12-28T17:37:57+00:00","og_image":[{"width":1200,"height":1200,"url":"https:\/\/methodephysiodermie.com\/wp-content\/uploads\/2013\/08\/bioarome-tm.jpg","type":"image\/jpeg"}],"twitter_card":"summary_large_image","twitter_site":"@physio_skincare","schema":{"@context":"https:\/\/schema.org","@graph":[{"@type":"WebPage","@id":"https:\/\/methodephysiodermie.com\/fr\/produit\/bioarome-tm-tonifiant\/","url":"https:\/\/methodephysiodermie.com\/fr\/produit\/bioarome-tm-tonifiant\/","name":"Bioarome TM Tonifiant | Methode Physiodermie\u00ae Skin Care","isPartOf":{"@id":"https:\/\/methodephysiodermie.com\/fr\/#website"},"primaryImageOfPage":{"@id":"https:\/\/methodephysiodermie.com\/fr\/produit\/bioarome-tm-tonifiant\/#primaryimage"},"image":{"@id":"https:\/\/methodephysiodermie.com\/fr\/produit\/bioarome-tm-tonifiant\/#primaryimage"},"thumbnailUrl":"https:\/\/methodephysiodermie.com\/wp-content\/uploads\/2013\/08\/bioarome-tm.jpg","datePublished":"2013-08-09T21:20:26+00:00","dateModified":"2023-12-28T17:37:57+00:00","description":"Gr\u00e2ce \u00e0 sa synergie exclusive d\u2019huiles essentielles et extraits de plantes tonifiants associ\u00e9e \u00e0 la technologie MEIMA, ce s\u00e9rum hydratant et revitalisant raffermit la peau et l\u2019aide \u00e0 retrouver son \u00e9lasticit\u00e9 naturelle.","breadcrumb":{"@id":"https:\/\/methodephysiodermie.com\/fr\/produit\/bioarome-tm-tonifiant\/#breadcrumb"},"inLanguage":"fr-FR","potentialAction":[{"@type":"ReadAction","target":["https:\/\/methodephysiodermie.com\/fr\/produit\/bioarome-tm-tonifiant\/"]}]},{"@type":"ImageObject","inLanguage":"fr-FR","@id":"https:\/\/methodephysiodermie.com\/fr\/produit\/bioarome-tm-tonifiant\/#primaryimage","url":"https:\/\/methodephysiodermie.com\/wp-content\/uploads\/2013\/08\/bioarome-tm.jpg","contentUrl":"https:\/\/methodephysiodermie.com\/wp-content\/uploads\/2013\/08\/bioarome-tm.jpg","width":1200,"height":1200,"caption":"Bioarome TM Tonifiant"},{"@type":"BreadcrumbList","@id":"https:\/\/methodephysiodermie.com\/fr\/produit\/bioarome-tm-tonifiant\/#breadcrumb","itemListElement":[{"@type":"ListItem","position":1,"name":"Home","item":"https:\/\/methodephysiodermie.com\/fr\/"},{"@type":"ListItem","position":2,"name":"Boutique","item":"https:\/\/methodephysiodermie.com\/fr\/boutique\/"},{"@type":"ListItem","position":3,"name":"Bioarome TM Tonifiant"}]},{"@type":"WebSite","@id":"https:\/\/methodephysiodermie.com\/fr\/#website","url":"https:\/\/methodephysiodermie.com\/fr\/","name":"Methode Physiodermie\u00ae Skin Care","description":"A Methodology Of Beauty","publisher":{"@id":"https:\/\/methodephysiodermie.com\/fr\/#organization"},"potentialAction":[{"@type":"SearchAction","target":{"@type":"EntryPoint","urlTemplate":"https:\/\/methodephysiodermie.com\/fr\/?s={search_term_string}"},"query-input":{"@type":"PropertyValueSpecification","valueRequired":true,"valueName":"search_term_string"}}],"inLanguage":"fr-FR"},{"@type":"Organization","@id":"https:\/\/methodephysiodermie.com\/fr\/#organization","name":"Methode Physiodermie","url":"https:\/\/methodephysiodermie.com\/fr\/","logo":{"@type":"ImageObject","inLanguage":"fr-FR","@id":"https:\/\/methodephysiodermie.com\/fr\/#\/schema\/logo\/image\/","url":"https:\/\/methodephysiodermie.com\/wp-content\/uploads\/2022\/05\/logo-header.png","contentUrl":"https:\/\/methodephysiodermie.com\/wp-content\/uploads\/2022\/05\/logo-header.png","width":400,"height":84,"caption":"Methode Physiodermie"},"image":{"@id":"https:\/\/methodephysiodermie.com\/fr\/#\/schema\/logo\/image\/"},"sameAs":["https:\/\/www.facebook.com\/PhysiodermieSkincare","https:\/\/x.com\/physio_skincare","https:\/\/www.instagram.com\/methode_physiodermie\/","https:\/\/www.youtube.com\/user\/derme8282"]}]}},"_links":{"self":[{"href":"https:\/\/methodephysiodermie.com\/fr\/wp-json\/wp\/v2\/product\/934","targetHints":{"allow":["GET"]}}],"collection":[{"href":"https:\/\/methodephysiodermie.com\/fr\/wp-json\/wp\/v2\/product"}],"about":[{"href":"https:\/\/methodephysiodermie.com\/fr\/wp-json\/wp\/v2\/types\/product"}],"replies":[{"embeddable":true,"href":"https:\/\/methodephysiodermie.com\/fr\/wp-json\/wp\/v2\/comments?post=934"}],"wp:featuredmedia":[{"embeddable":true,"href":"https:\/\/methodephysiodermie.com\/fr\/wp-json\/wp\/v2\/media\/708"}],"wp:attachment":[{"href":"https:\/\/methodephysiodermie.com\/fr\/wp-json\/wp\/v2\/media?parent=934"}],"wp:term":[{"taxonomy":"product_brand","embeddable":true,"href":"https:\/\/methodephysiodermie.com\/fr\/wp-json\/wp\/v2\/product_brand?post=934"},{"taxonomy":"product_cat","embeddable":true,"href":"https:\/\/methodephysiodermie.com\/fr\/wp-json\/wp\/v2\/product_cat?post=934"},{"taxonomy":"product_tag","embeddable":true,"href":"https:\/\/methodephysiodermie.com\/fr\/wp-json\/wp\/v2\/product_tag?post=934"},{"taxonomy":"giftcard-category","embeddable":true,"href":"https:\/\/methodephysiodermie.com\/fr\/wp-json\/wp\/v2\/giftcard-category?post=934"}],"curies":[{"name":"wp","href":"https:\/\/api.w.org\/{rel}","templated":true}]}}