{"id":928,"date":"2013-08-09T22:15:31","date_gmt":"2013-08-09T22:15:31","guid":{"rendered":"https:\/\/physiosk.wpengine.com\/product\/bioarome-fl-anti-redness\/"},"modified":"2025-02-14T14:51:34","modified_gmt":"2025-02-14T14:51:34","slug":"bioarome-fl-anti-rougeurs","status":"publish","type":"product","link":"https:\/\/methodephysiodermie.com\/fr\/produit\/bioarome-fl-anti-rougeurs\/","title":{"rendered":"Bioarome FL Anti-Rougeurs*"},"content":{"rendered":"","protected":false},"excerpt":{"rendered":"<p><strong>Peau sensible avec fragilit\u00e9 capillaire, sujette aux rougeurs<\/strong><\/p>\n<p>Gr\u00e2ce \u00e0 sa synergie exclusive d\u2019huiles essentielles et d\u2019extraits de plantes associ\u00e9e \u00e0 la technologie MEIMA, ce s\u00e9rum hydrate en douceur et am\u00e9liore l\u2019aspect de la peau. Une utilisation r\u00e9guli\u00e8re r\u00e9duit l\u2019apparence des rougeurs* et laisse la peau douce et uniforme.<\/p>\n<p>*rougeurs caus\u00e9e par la peau s\u00e8che<\/p>\n[ 15 ml ]\n","protected":false},"featured_media":704,"comment_status":"open","ping_status":"closed","template":"","meta":[],"product_brand":[],"product_cat":[108,98],"product_tag":[],"giftcard-category":[],"class_list":{"0":"post-928","1":"product","2":"type-product","3":"status-publish","4":"has-post-thumbnail","6":"product_cat-equillibre-essentiels","7":"product_cat-serum","9":"first","10":"instock","11":"taxable","12":"shipping-taxable","13":"purchasable","14":"product-type-simple"},"acf":[],"yoast_head":"<!-- This site is optimized with the Yoast SEO plugin v27.1.1 - https:\/\/yoast.com\/product\/yoast-seo-wordpress\/ -->\n<title>Bioarome FL Anti-Rougeurs* | Methode Physiodermie\u00ae Skin Care<\/title>\n<meta name=\"description\" content=\"Gr\u00e2ce \u00e0 sa synergie exclusive d\u2019huiles essentielles et d\u2019extraits de plantes associ\u00e9e \u00e0 la technologie MEIMA, ce s\u00e9rum hydrate en douceur et am\u00e9liore l\u2019aspect de la peau. Une utilisation r\u00e9guli\u00e8re r\u00e9duit l\u2019apparence des rougeurs* et laisse la peau douce et uniforme.\" \/>\n<meta name=\"robots\" content=\"index, follow, max-snippet:-1, max-image-preview:large, max-video-preview:-1\" \/>\n<link rel=\"canonical\" href=\"https:\/\/methodephysiodermie.com\/fr\/produit\/bioarome-fl-anti-rougeurs\/\" \/>\n<meta property=\"og:locale\" content=\"fr_FR\" \/>\n<meta property=\"og:type\" content=\"article\" \/>\n<meta property=\"og:title\" content=\"Bioarome FL Anti-Rougeurs* | Methode Physiodermie\u00ae Skin Care\" \/>\n<meta property=\"og:description\" content=\"Gr\u00e2ce \u00e0 sa synergie exclusive d\u2019huiles essentielles et d\u2019extraits de plantes associ\u00e9e \u00e0 la technologie MEIMA, ce s\u00e9rum hydrate en douceur et am\u00e9liore l\u2019aspect de la peau. Une utilisation r\u00e9guli\u00e8re r\u00e9duit l\u2019apparence des rougeurs* et laisse la peau douce et uniforme.\" \/>\n<meta property=\"og:url\" content=\"https:\/\/methodephysiodermie.com\/fr\/produit\/bioarome-fl-anti-rougeurs\/\" \/>\n<meta property=\"og:site_name\" content=\"Methode Physiodermie\u00ae Skin Care\" \/>\n<meta property=\"article:publisher\" content=\"https:\/\/www.facebook.com\/PhysiodermieSkincare\" \/>\n<meta property=\"article:modified_time\" content=\"2025-02-14T14:51:34+00:00\" \/>\n<meta property=\"og:image\" content=\"https:\/\/methodephysiodermie.com\/wp-content\/uploads\/2013\/08\/bioarome-fl.jpg\" \/>\n\t<meta property=\"og:image:width\" content=\"1200\" \/>\n\t<meta property=\"og:image:height\" content=\"1200\" \/>\n\t<meta property=\"og:image:type\" content=\"image\/jpeg\" \/>\n<meta name=\"twitter:card\" content=\"summary_large_image\" \/>\n<meta name=\"twitter:site\" content=\"@physio_skincare\" \/>\n<script type=\"application\/ld+json\" class=\"yoast-schema-graph\">{\"@context\":\"https:\/\/schema.org\",\"@graph\":[{\"@type\":\"WebPage\",\"@id\":\"https:\/\/methodephysiodermie.com\/fr\/produit\/bioarome-fl-anti-rougeurs\/\",\"url\":\"https:\/\/methodephysiodermie.com\/fr\/produit\/bioarome-fl-anti-rougeurs\/\",\"name\":\"Bioarome FL Anti-Rougeurs* | Methode Physiodermie\u00ae Skin Care\",\"isPartOf\":{\"@id\":\"https:\/\/methodephysiodermie.com\/fr\/#website\"},\"primaryImageOfPage\":{\"@id\":\"https:\/\/methodephysiodermie.com\/fr\/produit\/bioarome-fl-anti-rougeurs\/#primaryimage\"},\"image\":{\"@id\":\"https:\/\/methodephysiodermie.com\/fr\/produit\/bioarome-fl-anti-rougeurs\/#primaryimage\"},\"thumbnailUrl\":\"https:\/\/methodephysiodermie.com\/wp-content\/uploads\/2013\/08\/bioarome-fl.jpg\",\"datePublished\":\"2013-08-09T22:15:31+00:00\",\"dateModified\":\"2025-02-14T14:51:34+00:00\",\"description\":\"Gr\u00e2ce \u00e0 sa synergie exclusive d\u2019huiles essentielles et d\u2019extraits de plantes associ\u00e9e \u00e0 la technologie MEIMA, ce s\u00e9rum hydrate en douceur et am\u00e9liore l\u2019aspect de la peau. Une utilisation r\u00e9guli\u00e8re r\u00e9duit l\u2019apparence des rougeurs* et laisse la peau douce et uniforme.\",\"breadcrumb\":{\"@id\":\"https:\/\/methodephysiodermie.com\/fr\/produit\/bioarome-fl-anti-rougeurs\/#breadcrumb\"},\"inLanguage\":\"fr-FR\",\"potentialAction\":[{\"@type\":\"ReadAction\",\"target\":[\"https:\/\/methodephysiodermie.com\/fr\/produit\/bioarome-fl-anti-rougeurs\/\"]}]},{\"@type\":\"ImageObject\",\"inLanguage\":\"fr-FR\",\"@id\":\"https:\/\/methodephysiodermie.com\/fr\/produit\/bioarome-fl-anti-rougeurs\/#primaryimage\",\"url\":\"https:\/\/methodephysiodermie.com\/wp-content\/uploads\/2013\/08\/bioarome-fl.jpg\",\"contentUrl\":\"https:\/\/methodephysiodermie.com\/wp-content\/uploads\/2013\/08\/bioarome-fl.jpg\",\"width\":1200,\"height\":1200,\"caption\":\"Bioarome FL Anti-Rougeurs*\"},{\"@type\":\"BreadcrumbList\",\"@id\":\"https:\/\/methodephysiodermie.com\/fr\/produit\/bioarome-fl-anti-rougeurs\/#breadcrumb\",\"itemListElement\":[{\"@type\":\"ListItem\",\"position\":1,\"name\":\"Home\",\"item\":\"https:\/\/methodephysiodermie.com\/fr\/\"},{\"@type\":\"ListItem\",\"position\":2,\"name\":\"Boutique\",\"item\":\"https:\/\/methodephysiodermie.com\/fr\/boutique\/\"},{\"@type\":\"ListItem\",\"position\":3,\"name\":\"Bioarome FL Anti-Rougeurs*\"}]},{\"@type\":\"WebSite\",\"@id\":\"https:\/\/methodephysiodermie.com\/fr\/#website\",\"url\":\"https:\/\/methodephysiodermie.com\/fr\/\",\"name\":\"Methode Physiodermie\u00ae Skin Care\",\"description\":\"A Methodology Of Beauty\",\"publisher\":{\"@id\":\"https:\/\/methodephysiodermie.com\/fr\/#organization\"},\"potentialAction\":[{\"@type\":\"SearchAction\",\"target\":{\"@type\":\"EntryPoint\",\"urlTemplate\":\"https:\/\/methodephysiodermie.com\/fr\/?s={search_term_string}\"},\"query-input\":{\"@type\":\"PropertyValueSpecification\",\"valueRequired\":true,\"valueName\":\"search_term_string\"}}],\"inLanguage\":\"fr-FR\"},{\"@type\":\"Organization\",\"@id\":\"https:\/\/methodephysiodermie.com\/fr\/#organization\",\"name\":\"Methode Physiodermie\",\"url\":\"https:\/\/methodephysiodermie.com\/fr\/\",\"logo\":{\"@type\":\"ImageObject\",\"inLanguage\":\"fr-FR\",\"@id\":\"https:\/\/methodephysiodermie.com\/fr\/#\/schema\/logo\/image\/\",\"url\":\"https:\/\/methodephysiodermie.com\/wp-content\/uploads\/2022\/05\/logo-header.png\",\"contentUrl\":\"https:\/\/methodephysiodermie.com\/wp-content\/uploads\/2022\/05\/logo-header.png\",\"width\":400,\"height\":84,\"caption\":\"Methode Physiodermie\"},\"image\":{\"@id\":\"https:\/\/methodephysiodermie.com\/fr\/#\/schema\/logo\/image\/\"},\"sameAs\":[\"https:\/\/www.facebook.com\/PhysiodermieSkincare\",\"https:\/\/x.com\/physio_skincare\",\"https:\/\/www.instagram.com\/methode_physiodermie\/\",\"https:\/\/www.youtube.com\/user\/derme8282\"]}]}<\/script>\n<!-- \/ Yoast SEO plugin. -->","yoast_head_json":{"title":"Bioarome FL Anti-Rougeurs* | Methode Physiodermie\u00ae Skin Care","description":"Gr\u00e2ce \u00e0 sa synergie exclusive d\u2019huiles essentielles et d\u2019extraits de plantes associ\u00e9e \u00e0 la technologie MEIMA, ce s\u00e9rum hydrate en douceur et am\u00e9liore l\u2019aspect de la peau. Une utilisation r\u00e9guli\u00e8re r\u00e9duit l\u2019apparence des rougeurs* et laisse la peau douce et uniforme.","robots":{"index":"index","follow":"follow","max-snippet":"max-snippet:-1","max-image-preview":"max-image-preview:large","max-video-preview":"max-video-preview:-1"},"canonical":"https:\/\/methodephysiodermie.com\/fr\/produit\/bioarome-fl-anti-rougeurs\/","og_locale":"fr_FR","og_type":"article","og_title":"Bioarome FL Anti-Rougeurs* | Methode Physiodermie\u00ae Skin Care","og_description":"Gr\u00e2ce \u00e0 sa synergie exclusive d\u2019huiles essentielles et d\u2019extraits de plantes associ\u00e9e \u00e0 la technologie MEIMA, ce s\u00e9rum hydrate en douceur et am\u00e9liore l\u2019aspect de la peau. Une utilisation r\u00e9guli\u00e8re r\u00e9duit l\u2019apparence des rougeurs* et laisse la peau douce et uniforme.","og_url":"https:\/\/methodephysiodermie.com\/fr\/produit\/bioarome-fl-anti-rougeurs\/","og_site_name":"Methode Physiodermie\u00ae Skin Care","article_publisher":"https:\/\/www.facebook.com\/PhysiodermieSkincare","article_modified_time":"2025-02-14T14:51:34+00:00","og_image":[{"width":1200,"height":1200,"url":"https:\/\/methodephysiodermie.com\/wp-content\/uploads\/2013\/08\/bioarome-fl.jpg","type":"image\/jpeg"}],"twitter_card":"summary_large_image","twitter_site":"@physio_skincare","schema":{"@context":"https:\/\/schema.org","@graph":[{"@type":"WebPage","@id":"https:\/\/methodephysiodermie.com\/fr\/produit\/bioarome-fl-anti-rougeurs\/","url":"https:\/\/methodephysiodermie.com\/fr\/produit\/bioarome-fl-anti-rougeurs\/","name":"Bioarome FL Anti-Rougeurs* | Methode Physiodermie\u00ae Skin Care","isPartOf":{"@id":"https:\/\/methodephysiodermie.com\/fr\/#website"},"primaryImageOfPage":{"@id":"https:\/\/methodephysiodermie.com\/fr\/produit\/bioarome-fl-anti-rougeurs\/#primaryimage"},"image":{"@id":"https:\/\/methodephysiodermie.com\/fr\/produit\/bioarome-fl-anti-rougeurs\/#primaryimage"},"thumbnailUrl":"https:\/\/methodephysiodermie.com\/wp-content\/uploads\/2013\/08\/bioarome-fl.jpg","datePublished":"2013-08-09T22:15:31+00:00","dateModified":"2025-02-14T14:51:34+00:00","description":"Gr\u00e2ce \u00e0 sa synergie exclusive d\u2019huiles essentielles et d\u2019extraits de plantes associ\u00e9e \u00e0 la technologie MEIMA, ce s\u00e9rum hydrate en douceur et am\u00e9liore l\u2019aspect de la peau. Une utilisation r\u00e9guli\u00e8re r\u00e9duit l\u2019apparence des rougeurs* et laisse la peau douce et uniforme.","breadcrumb":{"@id":"https:\/\/methodephysiodermie.com\/fr\/produit\/bioarome-fl-anti-rougeurs\/#breadcrumb"},"inLanguage":"fr-FR","potentialAction":[{"@type":"ReadAction","target":["https:\/\/methodephysiodermie.com\/fr\/produit\/bioarome-fl-anti-rougeurs\/"]}]},{"@type":"ImageObject","inLanguage":"fr-FR","@id":"https:\/\/methodephysiodermie.com\/fr\/produit\/bioarome-fl-anti-rougeurs\/#primaryimage","url":"https:\/\/methodephysiodermie.com\/wp-content\/uploads\/2013\/08\/bioarome-fl.jpg","contentUrl":"https:\/\/methodephysiodermie.com\/wp-content\/uploads\/2013\/08\/bioarome-fl.jpg","width":1200,"height":1200,"caption":"Bioarome FL Anti-Rougeurs*"},{"@type":"BreadcrumbList","@id":"https:\/\/methodephysiodermie.com\/fr\/produit\/bioarome-fl-anti-rougeurs\/#breadcrumb","itemListElement":[{"@type":"ListItem","position":1,"name":"Home","item":"https:\/\/methodephysiodermie.com\/fr\/"},{"@type":"ListItem","position":2,"name":"Boutique","item":"https:\/\/methodephysiodermie.com\/fr\/boutique\/"},{"@type":"ListItem","position":3,"name":"Bioarome FL Anti-Rougeurs*"}]},{"@type":"WebSite","@id":"https:\/\/methodephysiodermie.com\/fr\/#website","url":"https:\/\/methodephysiodermie.com\/fr\/","name":"Methode Physiodermie\u00ae Skin Care","description":"A Methodology Of Beauty","publisher":{"@id":"https:\/\/methodephysiodermie.com\/fr\/#organization"},"potentialAction":[{"@type":"SearchAction","target":{"@type":"EntryPoint","urlTemplate":"https:\/\/methodephysiodermie.com\/fr\/?s={search_term_string}"},"query-input":{"@type":"PropertyValueSpecification","valueRequired":true,"valueName":"search_term_string"}}],"inLanguage":"fr-FR"},{"@type":"Organization","@id":"https:\/\/methodephysiodermie.com\/fr\/#organization","name":"Methode Physiodermie","url":"https:\/\/methodephysiodermie.com\/fr\/","logo":{"@type":"ImageObject","inLanguage":"fr-FR","@id":"https:\/\/methodephysiodermie.com\/fr\/#\/schema\/logo\/image\/","url":"https:\/\/methodephysiodermie.com\/wp-content\/uploads\/2022\/05\/logo-header.png","contentUrl":"https:\/\/methodephysiodermie.com\/wp-content\/uploads\/2022\/05\/logo-header.png","width":400,"height":84,"caption":"Methode Physiodermie"},"image":{"@id":"https:\/\/methodephysiodermie.com\/fr\/#\/schema\/logo\/image\/"},"sameAs":["https:\/\/www.facebook.com\/PhysiodermieSkincare","https:\/\/x.com\/physio_skincare","https:\/\/www.instagram.com\/methode_physiodermie\/","https:\/\/www.youtube.com\/user\/derme8282"]}]}},"_links":{"self":[{"href":"https:\/\/methodephysiodermie.com\/fr\/wp-json\/wp\/v2\/product\/928","targetHints":{"allow":["GET"]}}],"collection":[{"href":"https:\/\/methodephysiodermie.com\/fr\/wp-json\/wp\/v2\/product"}],"about":[{"href":"https:\/\/methodephysiodermie.com\/fr\/wp-json\/wp\/v2\/types\/product"}],"replies":[{"embeddable":true,"href":"https:\/\/methodephysiodermie.com\/fr\/wp-json\/wp\/v2\/comments?post=928"}],"wp:featuredmedia":[{"embeddable":true,"href":"https:\/\/methodephysiodermie.com\/fr\/wp-json\/wp\/v2\/media\/704"}],"wp:attachment":[{"href":"https:\/\/methodephysiodermie.com\/fr\/wp-json\/wp\/v2\/media?parent=928"}],"wp:term":[{"taxonomy":"product_brand","embeddable":true,"href":"https:\/\/methodephysiodermie.com\/fr\/wp-json\/wp\/v2\/product_brand?post=928"},{"taxonomy":"product_cat","embeddable":true,"href":"https:\/\/methodephysiodermie.com\/fr\/wp-json\/wp\/v2\/product_cat?post=928"},{"taxonomy":"product_tag","embeddable":true,"href":"https:\/\/methodephysiodermie.com\/fr\/wp-json\/wp\/v2\/product_tag?post=928"},{"taxonomy":"giftcard-category","embeddable":true,"href":"https:\/\/methodephysiodermie.com\/fr\/wp-json\/wp\/v2\/giftcard-category?post=928"}],"curies":[{"name":"wp","href":"https:\/\/api.w.org\/{rel}","templated":true}]}}