{"id":922,"date":"2013-08-10T09:16:03","date_gmt":"2013-08-10T09:16:03","guid":{"rendered":"https:\/\/physiosk.wpengine.com\/product\/bioarome-cn-soothing\/"},"modified":"2026-05-05T07:37:53","modified_gmt":"2026-05-05T07:37:53","slug":"bioarome-cn-calmant","status":"publish","type":"product","link":"https:\/\/methodephysiodermie.com\/fr\/produit\/bioarome-cn-calmant\/","title":{"rendered":"Bioarome CN Calmant"},"content":{"rendered":"","protected":false},"excerpt":{"rendered":"<p><strong>Pour les peaux sensibles, irrit\u00e9es et fragilis\u00e9es<\/strong><\/p>\n<p>Gr\u00e2ce \u00e0 sa synergie exclusive d\u2019huiles essentielles apaisantes et \u00e0 la technologie MEIMA, ce s\u00e9rum de soin tr\u00e8s doux aidera \u00e0 rendre les peaux irrit\u00e9es et sensibles plus douces et confortables.<\/p>\n[15 ml ]\n","protected":false},"featured_media":701,"comment_status":"open","ping_status":"closed","template":"","meta":[],"product_brand":[],"product_cat":[108,98],"product_tag":[],"giftcard-category":[],"class_list":{"0":"post-922","1":"product","2":"type-product","3":"status-publish","4":"has-post-thumbnail","6":"product_cat-equillibre-essentiels","7":"product_cat-serum","9":"first","10":"instock","11":"taxable","12":"shipping-taxable","13":"purchasable","14":"product-type-simple"},"acf":[],"yoast_head":"<!-- This site is optimized with the Yoast SEO plugin v27.5 - https:\/\/yoast.com\/product\/yoast-seo-wordpress\/ -->\n<title>Bioarome CN Calmant | Methode Physiodermie\u00ae Skin Care<\/title>\n<meta name=\"description\" content=\"Gr\u00e2ce \u00e0 sa synergie exclusive d\u2019huiles essentielles apaisantes et \u00e0 la technologie MEIMA, ce s\u00e9rum de soin tr\u00e8s doux aidera \u00e0 rendre les peaux irrit\u00e9es et sensibles plus douces et confortables.\" \/>\n<meta name=\"robots\" content=\"index, follow, max-snippet:-1, max-image-preview:large, max-video-preview:-1\" \/>\n<link rel=\"canonical\" href=\"https:\/\/methodephysiodermie.com\/fr\/produit\/bioarome-cn-calmant\/\" \/>\n<meta property=\"og:locale\" content=\"fr_CA\" \/>\n<meta property=\"og:type\" content=\"article\" \/>\n<meta property=\"og:title\" content=\"Bioarome CN Calmant | Methode Physiodermie\u00ae Skin Care\" \/>\n<meta property=\"og:description\" content=\"Gr\u00e2ce \u00e0 sa synergie exclusive d\u2019huiles essentielles apaisantes et \u00e0 la technologie MEIMA, ce s\u00e9rum de soin tr\u00e8s doux aidera \u00e0 rendre les peaux irrit\u00e9es et sensibles plus douces et confortables.\" \/>\n<meta property=\"og:url\" content=\"https:\/\/methodephysiodermie.com\/fr\/produit\/bioarome-cn-calmant\/\" \/>\n<meta property=\"og:site_name\" content=\"Methode Physiodermie\u00ae Skin Care\" \/>\n<meta property=\"article:publisher\" content=\"https:\/\/www.facebook.com\/PhysiodermieSkincare\" \/>\n<meta property=\"article:modified_time\" content=\"2026-05-05T07:37:53+00:00\" \/>\n<meta property=\"og:image\" content=\"https:\/\/methodephysiodermie.com\/wp-content\/uploads\/2013\/08\/bioarome-cn.jpg\" \/>\n\t<meta property=\"og:image:width\" content=\"1200\" \/>\n\t<meta property=\"og:image:height\" content=\"1200\" \/>\n\t<meta property=\"og:image:type\" content=\"image\/jpeg\" \/>\n<meta name=\"twitter:card\" content=\"summary_large_image\" \/>\n<meta name=\"twitter:site\" content=\"@physio_skincare\" \/>\n<script type=\"application\/ld+json\" class=\"yoast-schema-graph\">{\"@context\":\"https:\\\/\\\/schema.org\",\"@graph\":[{\"@type\":\"WebPage\",\"@id\":\"https:\\\/\\\/methodephysiodermie.com\\\/fr\\\/produit\\\/bioarome-cn-calmant\\\/\",\"url\":\"https:\\\/\\\/methodephysiodermie.com\\\/fr\\\/produit\\\/bioarome-cn-calmant\\\/\",\"name\":\"Bioarome CN Calmant | Methode Physiodermie\u00ae Skin Care\",\"isPartOf\":{\"@id\":\"https:\\\/\\\/methodephysiodermie.com\\\/fr\\\/#website\"},\"primaryImageOfPage\":{\"@id\":\"https:\\\/\\\/methodephysiodermie.com\\\/fr\\\/produit\\\/bioarome-cn-calmant\\\/#primaryimage\"},\"image\":{\"@id\":\"https:\\\/\\\/methodephysiodermie.com\\\/fr\\\/produit\\\/bioarome-cn-calmant\\\/#primaryimage\"},\"thumbnailUrl\":\"https:\\\/\\\/methodephysiodermie.com\\\/wp-content\\\/uploads\\\/2013\\\/08\\\/bioarome-cn.jpg\",\"datePublished\":\"2013-08-10T09:16:03+00:00\",\"dateModified\":\"2026-05-05T07:37:53+00:00\",\"description\":\"Gr\u00e2ce \u00e0 sa synergie exclusive d\u2019huiles essentielles apaisantes et \u00e0 la technologie MEIMA, ce s\u00e9rum de soin tr\u00e8s doux aidera \u00e0 rendre les peaux irrit\u00e9es et sensibles plus douces et confortables.\",\"breadcrumb\":{\"@id\":\"https:\\\/\\\/methodephysiodermie.com\\\/fr\\\/produit\\\/bioarome-cn-calmant\\\/#breadcrumb\"},\"inLanguage\":\"fr-CA\",\"potentialAction\":[{\"@type\":\"ReadAction\",\"target\":[\"https:\\\/\\\/methodephysiodermie.com\\\/fr\\\/produit\\\/bioarome-cn-calmant\\\/\"]}]},{\"@type\":\"ImageObject\",\"inLanguage\":\"fr-CA\",\"@id\":\"https:\\\/\\\/methodephysiodermie.com\\\/fr\\\/produit\\\/bioarome-cn-calmant\\\/#primaryimage\",\"url\":\"https:\\\/\\\/methodephysiodermie.com\\\/wp-content\\\/uploads\\\/2013\\\/08\\\/bioarome-cn.jpg\",\"contentUrl\":\"https:\\\/\\\/methodephysiodermie.com\\\/wp-content\\\/uploads\\\/2013\\\/08\\\/bioarome-cn.jpg\",\"width\":1200,\"height\":1200,\"caption\":\"Bioarome CN Calmant\"},{\"@type\":\"BreadcrumbList\",\"@id\":\"https:\\\/\\\/methodephysiodermie.com\\\/fr\\\/produit\\\/bioarome-cn-calmant\\\/#breadcrumb\",\"itemListElement\":[{\"@type\":\"ListItem\",\"position\":1,\"name\":\"Home\",\"item\":\"https:\\\/\\\/methodephysiodermie.com\\\/fr\\\/\"},{\"@type\":\"ListItem\",\"position\":2,\"name\":\"Boutique\",\"item\":\"https:\\\/\\\/methodephysiodermie.com\\\/fr\\\/boutique\\\/\"},{\"@type\":\"ListItem\",\"position\":3,\"name\":\"Bioarome CN Calmant\"}]},{\"@type\":\"WebSite\",\"@id\":\"https:\\\/\\\/methodephysiodermie.com\\\/fr\\\/#website\",\"url\":\"https:\\\/\\\/methodephysiodermie.com\\\/fr\\\/\",\"name\":\"Methode Physiodermie\u00ae Skin Care\",\"description\":\"A Methodology Of Beauty\",\"publisher\":{\"@id\":\"https:\\\/\\\/methodephysiodermie.com\\\/fr\\\/#organization\"},\"potentialAction\":[{\"@type\":\"SearchAction\",\"target\":{\"@type\":\"EntryPoint\",\"urlTemplate\":\"https:\\\/\\\/methodephysiodermie.com\\\/fr\\\/?s={search_term_string}\"},\"query-input\":{\"@type\":\"PropertyValueSpecification\",\"valueRequired\":true,\"valueName\":\"search_term_string\"}}],\"inLanguage\":\"fr-CA\"},{\"@type\":\"Organization\",\"@id\":\"https:\\\/\\\/methodephysiodermie.com\\\/fr\\\/#organization\",\"name\":\"Methode Physiodermie\",\"url\":\"https:\\\/\\\/methodephysiodermie.com\\\/fr\\\/\",\"logo\":{\"@type\":\"ImageObject\",\"inLanguage\":\"fr-CA\",\"@id\":\"https:\\\/\\\/methodephysiodermie.com\\\/fr\\\/#\\\/schema\\\/logo\\\/image\\\/\",\"url\":\"https:\\\/\\\/methodephysiodermie.com\\\/wp-content\\\/uploads\\\/2022\\\/05\\\/logo-header.png\",\"contentUrl\":\"https:\\\/\\\/methodephysiodermie.com\\\/wp-content\\\/uploads\\\/2022\\\/05\\\/logo-header.png\",\"width\":400,\"height\":84,\"caption\":\"Methode Physiodermie\"},\"image\":{\"@id\":\"https:\\\/\\\/methodephysiodermie.com\\\/fr\\\/#\\\/schema\\\/logo\\\/image\\\/\"},\"sameAs\":[\"https:\\\/\\\/www.facebook.com\\\/PhysiodermieSkincare\",\"https:\\\/\\\/x.com\\\/physio_skincare\",\"https:\\\/\\\/www.instagram.com\\\/methode_physiodermie\\\/\",\"https:\\\/\\\/www.youtube.com\\\/user\\\/derme8282\"]}]}<\/script>\n<!-- \/ Yoast SEO plugin. -->","yoast_head_json":{"title":"Bioarome CN Calmant | Methode Physiodermie\u00ae Skin Care","description":"Gr\u00e2ce \u00e0 sa synergie exclusive d\u2019huiles essentielles apaisantes et \u00e0 la technologie MEIMA, ce s\u00e9rum de soin tr\u00e8s doux aidera \u00e0 rendre les peaux irrit\u00e9es et sensibles plus douces et confortables.","robots":{"index":"index","follow":"follow","max-snippet":"max-snippet:-1","max-image-preview":"max-image-preview:large","max-video-preview":"max-video-preview:-1"},"canonical":"https:\/\/methodephysiodermie.com\/fr\/produit\/bioarome-cn-calmant\/","og_locale":"fr_CA","og_type":"article","og_title":"Bioarome CN Calmant | Methode Physiodermie\u00ae Skin Care","og_description":"Gr\u00e2ce \u00e0 sa synergie exclusive d\u2019huiles essentielles apaisantes et \u00e0 la technologie MEIMA, ce s\u00e9rum de soin tr\u00e8s doux aidera \u00e0 rendre les peaux irrit\u00e9es et sensibles plus douces et confortables.","og_url":"https:\/\/methodephysiodermie.com\/fr\/produit\/bioarome-cn-calmant\/","og_site_name":"Methode Physiodermie\u00ae Skin Care","article_publisher":"https:\/\/www.facebook.com\/PhysiodermieSkincare","article_modified_time":"2026-05-05T07:37:53+00:00","og_image":[{"width":1200,"height":1200,"url":"https:\/\/methodephysiodermie.com\/wp-content\/uploads\/2013\/08\/bioarome-cn.jpg","type":"image\/jpeg"}],"twitter_card":"summary_large_image","twitter_site":"@physio_skincare","schema":{"@context":"https:\/\/schema.org","@graph":[{"@type":"WebPage","@id":"https:\/\/methodephysiodermie.com\/fr\/produit\/bioarome-cn-calmant\/","url":"https:\/\/methodephysiodermie.com\/fr\/produit\/bioarome-cn-calmant\/","name":"Bioarome CN Calmant | Methode Physiodermie\u00ae Skin Care","isPartOf":{"@id":"https:\/\/methodephysiodermie.com\/fr\/#website"},"primaryImageOfPage":{"@id":"https:\/\/methodephysiodermie.com\/fr\/produit\/bioarome-cn-calmant\/#primaryimage"},"image":{"@id":"https:\/\/methodephysiodermie.com\/fr\/produit\/bioarome-cn-calmant\/#primaryimage"},"thumbnailUrl":"https:\/\/methodephysiodermie.com\/wp-content\/uploads\/2013\/08\/bioarome-cn.jpg","datePublished":"2013-08-10T09:16:03+00:00","dateModified":"2026-05-05T07:37:53+00:00","description":"Gr\u00e2ce \u00e0 sa synergie exclusive d\u2019huiles essentielles apaisantes et \u00e0 la technologie MEIMA, ce s\u00e9rum de soin tr\u00e8s doux aidera \u00e0 rendre les peaux irrit\u00e9es et sensibles plus douces et confortables.","breadcrumb":{"@id":"https:\/\/methodephysiodermie.com\/fr\/produit\/bioarome-cn-calmant\/#breadcrumb"},"inLanguage":"fr-CA","potentialAction":[{"@type":"ReadAction","target":["https:\/\/methodephysiodermie.com\/fr\/produit\/bioarome-cn-calmant\/"]}]},{"@type":"ImageObject","inLanguage":"fr-CA","@id":"https:\/\/methodephysiodermie.com\/fr\/produit\/bioarome-cn-calmant\/#primaryimage","url":"https:\/\/methodephysiodermie.com\/wp-content\/uploads\/2013\/08\/bioarome-cn.jpg","contentUrl":"https:\/\/methodephysiodermie.com\/wp-content\/uploads\/2013\/08\/bioarome-cn.jpg","width":1200,"height":1200,"caption":"Bioarome CN Calmant"},{"@type":"BreadcrumbList","@id":"https:\/\/methodephysiodermie.com\/fr\/produit\/bioarome-cn-calmant\/#breadcrumb","itemListElement":[{"@type":"ListItem","position":1,"name":"Home","item":"https:\/\/methodephysiodermie.com\/fr\/"},{"@type":"ListItem","position":2,"name":"Boutique","item":"https:\/\/methodephysiodermie.com\/fr\/boutique\/"},{"@type":"ListItem","position":3,"name":"Bioarome CN Calmant"}]},{"@type":"WebSite","@id":"https:\/\/methodephysiodermie.com\/fr\/#website","url":"https:\/\/methodephysiodermie.com\/fr\/","name":"Methode Physiodermie\u00ae Skin Care","description":"A Methodology Of Beauty","publisher":{"@id":"https:\/\/methodephysiodermie.com\/fr\/#organization"},"potentialAction":[{"@type":"SearchAction","target":{"@type":"EntryPoint","urlTemplate":"https:\/\/methodephysiodermie.com\/fr\/?s={search_term_string}"},"query-input":{"@type":"PropertyValueSpecification","valueRequired":true,"valueName":"search_term_string"}}],"inLanguage":"fr-CA"},{"@type":"Organization","@id":"https:\/\/methodephysiodermie.com\/fr\/#organization","name":"Methode Physiodermie","url":"https:\/\/methodephysiodermie.com\/fr\/","logo":{"@type":"ImageObject","inLanguage":"fr-CA","@id":"https:\/\/methodephysiodermie.com\/fr\/#\/schema\/logo\/image\/","url":"https:\/\/methodephysiodermie.com\/wp-content\/uploads\/2022\/05\/logo-header.png","contentUrl":"https:\/\/methodephysiodermie.com\/wp-content\/uploads\/2022\/05\/logo-header.png","width":400,"height":84,"caption":"Methode Physiodermie"},"image":{"@id":"https:\/\/methodephysiodermie.com\/fr\/#\/schema\/logo\/image\/"},"sameAs":["https:\/\/www.facebook.com\/PhysiodermieSkincare","https:\/\/x.com\/physio_skincare","https:\/\/www.instagram.com\/methode_physiodermie\/","https:\/\/www.youtube.com\/user\/derme8282"]}]}},"_links":{"self":[{"href":"https:\/\/methodephysiodermie.com\/fr\/wp-json\/wp\/v2\/product\/922","targetHints":{"allow":["GET"]}}],"collection":[{"href":"https:\/\/methodephysiodermie.com\/fr\/wp-json\/wp\/v2\/product"}],"about":[{"href":"https:\/\/methodephysiodermie.com\/fr\/wp-json\/wp\/v2\/types\/product"}],"replies":[{"embeddable":true,"href":"https:\/\/methodephysiodermie.com\/fr\/wp-json\/wp\/v2\/comments?post=922"}],"wp:featuredmedia":[{"embeddable":true,"href":"https:\/\/methodephysiodermie.com\/fr\/wp-json\/wp\/v2\/media\/701"}],"wp:attachment":[{"href":"https:\/\/methodephysiodermie.com\/fr\/wp-json\/wp\/v2\/media?parent=922"}],"wp:term":[{"taxonomy":"product_brand","embeddable":true,"href":"https:\/\/methodephysiodermie.com\/fr\/wp-json\/wp\/v2\/product_brand?post=922"},{"taxonomy":"product_cat","embeddable":true,"href":"https:\/\/methodephysiodermie.com\/fr\/wp-json\/wp\/v2\/product_cat?post=922"},{"taxonomy":"product_tag","embeddable":true,"href":"https:\/\/methodephysiodermie.com\/fr\/wp-json\/wp\/v2\/product_tag?post=922"},{"taxonomy":"giftcard-category","embeddable":true,"href":"https:\/\/methodephysiodermie.com\/fr\/wp-json\/wp\/v2\/giftcard-category?post=922"}],"curies":[{"name":"wp","href":"https:\/\/api.w.org\/{rel}","templated":true}]}}