{"id":839,"date":"2021-05-05T17:27:16","date_gmt":"2021-05-05T17:27:16","guid":{"rendered":"https:\/\/physiosk.wpengine.com\/product\/phy-egift-card\/"},"modified":"2023-03-15T18:58:53","modified_gmt":"2023-03-15T18:58:53","slug":"phy-e-carte-cadeau","status":"publish","type":"product","link":"https:\/\/methodephysiodermie.com\/fr\/produit\/phy-e-carte-cadeau\/","title":{"rendered":"PHY eCarte-Cadeau"},"content":{"rendered":"","protected":false},"excerpt":{"rendered":"<h3>Le Cadeau Parfait<\/h3>\n<p class=\"lead\">Vous magasinez pour quelqu\u2019un d\u2019autre et vous ne savez pas quoi lui offrir? Pourquoi pas le cadeau de choix avec une <strong>eCarte-Cadeau PHY!<\/strong><\/p>\n<p>Les eCarte-Cadeau PHY sont livr\u00e9es par e-mail et contiennent des instructions sur la fa\u00e7on de les \u00e9changer lors du paiement. Les eCarte-Cadeau PHY n\u2019ont pas de frais suppl\u00e9mentaires et n\u2019expirent jamais.<\/p>\n","protected":false},"featured_media":743,"comment_status":"closed","ping_status":"closed","template":"","meta":[],"product_brand":[],"product_cat":[120],"product_tag":[],"giftcard-category":[18],"class_list":{"0":"post-839","1":"product","2":"type-product","3":"status-publish","4":"has-post-thumbnail","6":"product_cat-promotions-offres","7":"giftcard-category-all","9":"first","10":"instock","11":"featured","12":"virtual","13":"purchasable","14":"product-type-gift-card"},"acf":[],"yoast_head":"<!-- This site is optimized with the Yoast SEO plugin v27.4 - https:\/\/yoast.com\/product\/yoast-seo-wordpress\/ -->\n<title>PHY eCarte-Cadeau | Methode Physiodermie\u00ae Skin Care<\/title>\n<meta name=\"description\" content=\"Les eCarte-Cadeau PHY sont livr\u00e9es par e-mail et contiennent des instructions sur la fa\u00e7on de les \u00e9changer lors du paiement. Les eCarte-Cadeau PHY n\u2019ont pas de frais suppl\u00e9mentaires et n\u2019expirent jamais.\" \/>\n<meta name=\"robots\" content=\"index, follow, max-snippet:-1, max-image-preview:large, max-video-preview:-1\" \/>\n<link rel=\"canonical\" href=\"https:\/\/methodephysiodermie.com\/fr\/produit\/phy-e-carte-cadeau\/\" \/>\n<meta property=\"og:locale\" content=\"fr_FR\" \/>\n<meta property=\"og:type\" content=\"article\" \/>\n<meta property=\"og:title\" content=\"PHY eCarte-Cadeau | Methode Physiodermie\u00ae Skin Care\" \/>\n<meta property=\"og:description\" content=\"Les eCarte-Cadeau PHY sont livr\u00e9es par e-mail et contiennent des instructions sur la fa\u00e7on de les \u00e9changer lors du paiement. Les eCarte-Cadeau PHY n\u2019ont pas de frais suppl\u00e9mentaires et n\u2019expirent jamais.\" \/>\n<meta property=\"og:url\" content=\"https:\/\/methodephysiodermie.com\/fr\/produit\/phy-e-carte-cadeau\/\" \/>\n<meta property=\"og:site_name\" content=\"Methode Physiodermie\u00ae Skin Care\" \/>\n<meta property=\"article:publisher\" content=\"https:\/\/www.facebook.com\/PhysiodermieSkincare\" \/>\n<meta property=\"article:modified_time\" content=\"2023-03-15T18:58:53+00:00\" \/>\n<meta property=\"og:image\" content=\"https:\/\/methodephysiodermie.com\/wp-content\/uploads\/2022\/05\/PHY-eGift-Card.jpg\" \/>\n\t<meta property=\"og:image:width\" content=\"1200\" \/>\n\t<meta property=\"og:image:height\" content=\"1200\" \/>\n\t<meta property=\"og:image:type\" content=\"image\/jpeg\" \/>\n<meta name=\"twitter:card\" content=\"summary_large_image\" \/>\n<meta name=\"twitter:site\" content=\"@physio_skincare\" \/>\n<script type=\"application\/ld+json\" class=\"yoast-schema-graph\">{\"@context\":\"https:\\\/\\\/schema.org\",\"@graph\":[{\"@type\":\"WebPage\",\"@id\":\"https:\\\/\\\/methodephysiodermie.com\\\/fr\\\/produit\\\/phy-e-carte-cadeau\\\/\",\"url\":\"https:\\\/\\\/methodephysiodermie.com\\\/fr\\\/produit\\\/phy-e-carte-cadeau\\\/\",\"name\":\"PHY eCarte-Cadeau | Methode Physiodermie\u00ae Skin Care\",\"isPartOf\":{\"@id\":\"https:\\\/\\\/methodephysiodermie.com\\\/fr\\\/#website\"},\"primaryImageOfPage\":{\"@id\":\"https:\\\/\\\/methodephysiodermie.com\\\/fr\\\/produit\\\/phy-e-carte-cadeau\\\/#primaryimage\"},\"image\":{\"@id\":\"https:\\\/\\\/methodephysiodermie.com\\\/fr\\\/produit\\\/phy-e-carte-cadeau\\\/#primaryimage\"},\"thumbnailUrl\":\"https:\\\/\\\/methodephysiodermie.com\\\/wp-content\\\/uploads\\\/2022\\\/05\\\/PHY-eGift-Card.jpg\",\"datePublished\":\"2021-05-05T17:27:16+00:00\",\"dateModified\":\"2023-03-15T18:58:53+00:00\",\"description\":\"Les eCarte-Cadeau PHY sont livr\u00e9es par e-mail et contiennent des instructions sur la fa\u00e7on de les \u00e9changer lors du paiement. Les eCarte-Cadeau PHY n\u2019ont pas de frais suppl\u00e9mentaires et n\u2019expirent jamais.\",\"breadcrumb\":{\"@id\":\"https:\\\/\\\/methodephysiodermie.com\\\/fr\\\/produit\\\/phy-e-carte-cadeau\\\/#breadcrumb\"},\"inLanguage\":\"fr-FR\",\"potentialAction\":[{\"@type\":\"ReadAction\",\"target\":[\"https:\\\/\\\/methodephysiodermie.com\\\/fr\\\/produit\\\/phy-e-carte-cadeau\\\/\"]}]},{\"@type\":\"ImageObject\",\"inLanguage\":\"fr-FR\",\"@id\":\"https:\\\/\\\/methodephysiodermie.com\\\/fr\\\/produit\\\/phy-e-carte-cadeau\\\/#primaryimage\",\"url\":\"https:\\\/\\\/methodephysiodermie.com\\\/wp-content\\\/uploads\\\/2022\\\/05\\\/PHY-eGift-Card.jpg\",\"contentUrl\":\"https:\\\/\\\/methodephysiodermie.com\\\/wp-content\\\/uploads\\\/2022\\\/05\\\/PHY-eGift-Card.jpg\",\"width\":1200,\"height\":1200,\"caption\":\"PHY eCarte-Cadeau\"},{\"@type\":\"BreadcrumbList\",\"@id\":\"https:\\\/\\\/methodephysiodermie.com\\\/fr\\\/produit\\\/phy-e-carte-cadeau\\\/#breadcrumb\",\"itemListElement\":[{\"@type\":\"ListItem\",\"position\":1,\"name\":\"Home\",\"item\":\"https:\\\/\\\/methodephysiodermie.com\\\/fr\\\/\"},{\"@type\":\"ListItem\",\"position\":2,\"name\":\"Boutique\",\"item\":\"https:\\\/\\\/methodephysiodermie.com\\\/fr\\\/boutique\\\/\"},{\"@type\":\"ListItem\",\"position\":3,\"name\":\"PHY eCarte-Cadeau\"}]},{\"@type\":\"WebSite\",\"@id\":\"https:\\\/\\\/methodephysiodermie.com\\\/fr\\\/#website\",\"url\":\"https:\\\/\\\/methodephysiodermie.com\\\/fr\\\/\",\"name\":\"Methode Physiodermie\u00ae Skin Care\",\"description\":\"A Methodology Of Beauty\",\"publisher\":{\"@id\":\"https:\\\/\\\/methodephysiodermie.com\\\/fr\\\/#organization\"},\"potentialAction\":[{\"@type\":\"SearchAction\",\"target\":{\"@type\":\"EntryPoint\",\"urlTemplate\":\"https:\\\/\\\/methodephysiodermie.com\\\/fr\\\/?s={search_term_string}\"},\"query-input\":{\"@type\":\"PropertyValueSpecification\",\"valueRequired\":true,\"valueName\":\"search_term_string\"}}],\"inLanguage\":\"fr-FR\"},{\"@type\":\"Organization\",\"@id\":\"https:\\\/\\\/methodephysiodermie.com\\\/fr\\\/#organization\",\"name\":\"Methode Physiodermie\",\"url\":\"https:\\\/\\\/methodephysiodermie.com\\\/fr\\\/\",\"logo\":{\"@type\":\"ImageObject\",\"inLanguage\":\"fr-FR\",\"@id\":\"https:\\\/\\\/methodephysiodermie.com\\\/fr\\\/#\\\/schema\\\/logo\\\/image\\\/\",\"url\":\"https:\\\/\\\/methodephysiodermie.com\\\/wp-content\\\/uploads\\\/2022\\\/05\\\/logo-header.png\",\"contentUrl\":\"https:\\\/\\\/methodephysiodermie.com\\\/wp-content\\\/uploads\\\/2022\\\/05\\\/logo-header.png\",\"width\":400,\"height\":84,\"caption\":\"Methode Physiodermie\"},\"image\":{\"@id\":\"https:\\\/\\\/methodephysiodermie.com\\\/fr\\\/#\\\/schema\\\/logo\\\/image\\\/\"},\"sameAs\":[\"https:\\\/\\\/www.facebook.com\\\/PhysiodermieSkincare\",\"https:\\\/\\\/x.com\\\/physio_skincare\",\"https:\\\/\\\/www.instagram.com\\\/methode_physiodermie\\\/\",\"https:\\\/\\\/www.youtube.com\\\/user\\\/derme8282\"]}]}<\/script>\n<!-- \/ Yoast SEO plugin. -->","yoast_head_json":{"title":"PHY eCarte-Cadeau | Methode Physiodermie\u00ae Skin Care","description":"Les eCarte-Cadeau PHY sont livr\u00e9es par e-mail et contiennent des instructions sur la fa\u00e7on de les \u00e9changer lors du paiement. Les eCarte-Cadeau PHY n\u2019ont pas de frais suppl\u00e9mentaires et n\u2019expirent jamais.","robots":{"index":"index","follow":"follow","max-snippet":"max-snippet:-1","max-image-preview":"max-image-preview:large","max-video-preview":"max-video-preview:-1"},"canonical":"https:\/\/methodephysiodermie.com\/fr\/produit\/phy-e-carte-cadeau\/","og_locale":"fr_FR","og_type":"article","og_title":"PHY eCarte-Cadeau | Methode Physiodermie\u00ae Skin Care","og_description":"Les eCarte-Cadeau PHY sont livr\u00e9es par e-mail et contiennent des instructions sur la fa\u00e7on de les \u00e9changer lors du paiement. Les eCarte-Cadeau PHY n\u2019ont pas de frais suppl\u00e9mentaires et n\u2019expirent jamais.","og_url":"https:\/\/methodephysiodermie.com\/fr\/produit\/phy-e-carte-cadeau\/","og_site_name":"Methode Physiodermie\u00ae Skin Care","article_publisher":"https:\/\/www.facebook.com\/PhysiodermieSkincare","article_modified_time":"2023-03-15T18:58:53+00:00","og_image":[{"width":1200,"height":1200,"url":"https:\/\/methodephysiodermie.com\/wp-content\/uploads\/2022\/05\/PHY-eGift-Card.jpg","type":"image\/jpeg"}],"twitter_card":"summary_large_image","twitter_site":"@physio_skincare","schema":{"@context":"https:\/\/schema.org","@graph":[{"@type":"WebPage","@id":"https:\/\/methodephysiodermie.com\/fr\/produit\/phy-e-carte-cadeau\/","url":"https:\/\/methodephysiodermie.com\/fr\/produit\/phy-e-carte-cadeau\/","name":"PHY eCarte-Cadeau | Methode Physiodermie\u00ae Skin Care","isPartOf":{"@id":"https:\/\/methodephysiodermie.com\/fr\/#website"},"primaryImageOfPage":{"@id":"https:\/\/methodephysiodermie.com\/fr\/produit\/phy-e-carte-cadeau\/#primaryimage"},"image":{"@id":"https:\/\/methodephysiodermie.com\/fr\/produit\/phy-e-carte-cadeau\/#primaryimage"},"thumbnailUrl":"https:\/\/methodephysiodermie.com\/wp-content\/uploads\/2022\/05\/PHY-eGift-Card.jpg","datePublished":"2021-05-05T17:27:16+00:00","dateModified":"2023-03-15T18:58:53+00:00","description":"Les eCarte-Cadeau PHY sont livr\u00e9es par e-mail et contiennent des instructions sur la fa\u00e7on de les \u00e9changer lors du paiement. Les eCarte-Cadeau PHY n\u2019ont pas de frais suppl\u00e9mentaires et n\u2019expirent jamais.","breadcrumb":{"@id":"https:\/\/methodephysiodermie.com\/fr\/produit\/phy-e-carte-cadeau\/#breadcrumb"},"inLanguage":"fr-FR","potentialAction":[{"@type":"ReadAction","target":["https:\/\/methodephysiodermie.com\/fr\/produit\/phy-e-carte-cadeau\/"]}]},{"@type":"ImageObject","inLanguage":"fr-FR","@id":"https:\/\/methodephysiodermie.com\/fr\/produit\/phy-e-carte-cadeau\/#primaryimage","url":"https:\/\/methodephysiodermie.com\/wp-content\/uploads\/2022\/05\/PHY-eGift-Card.jpg","contentUrl":"https:\/\/methodephysiodermie.com\/wp-content\/uploads\/2022\/05\/PHY-eGift-Card.jpg","width":1200,"height":1200,"caption":"PHY eCarte-Cadeau"},{"@type":"BreadcrumbList","@id":"https:\/\/methodephysiodermie.com\/fr\/produit\/phy-e-carte-cadeau\/#breadcrumb","itemListElement":[{"@type":"ListItem","position":1,"name":"Home","item":"https:\/\/methodephysiodermie.com\/fr\/"},{"@type":"ListItem","position":2,"name":"Boutique","item":"https:\/\/methodephysiodermie.com\/fr\/boutique\/"},{"@type":"ListItem","position":3,"name":"PHY eCarte-Cadeau"}]},{"@type":"WebSite","@id":"https:\/\/methodephysiodermie.com\/fr\/#website","url":"https:\/\/methodephysiodermie.com\/fr\/","name":"Methode Physiodermie\u00ae Skin Care","description":"A Methodology Of Beauty","publisher":{"@id":"https:\/\/methodephysiodermie.com\/fr\/#organization"},"potentialAction":[{"@type":"SearchAction","target":{"@type":"EntryPoint","urlTemplate":"https:\/\/methodephysiodermie.com\/fr\/?s={search_term_string}"},"query-input":{"@type":"PropertyValueSpecification","valueRequired":true,"valueName":"search_term_string"}}],"inLanguage":"fr-FR"},{"@type":"Organization","@id":"https:\/\/methodephysiodermie.com\/fr\/#organization","name":"Methode Physiodermie","url":"https:\/\/methodephysiodermie.com\/fr\/","logo":{"@type":"ImageObject","inLanguage":"fr-FR","@id":"https:\/\/methodephysiodermie.com\/fr\/#\/schema\/logo\/image\/","url":"https:\/\/methodephysiodermie.com\/wp-content\/uploads\/2022\/05\/logo-header.png","contentUrl":"https:\/\/methodephysiodermie.com\/wp-content\/uploads\/2022\/05\/logo-header.png","width":400,"height":84,"caption":"Methode Physiodermie"},"image":{"@id":"https:\/\/methodephysiodermie.com\/fr\/#\/schema\/logo\/image\/"},"sameAs":["https:\/\/www.facebook.com\/PhysiodermieSkincare","https:\/\/x.com\/physio_skincare","https:\/\/www.instagram.com\/methode_physiodermie\/","https:\/\/www.youtube.com\/user\/derme8282"]}]}},"_links":{"self":[{"href":"https:\/\/methodephysiodermie.com\/fr\/wp-json\/wp\/v2\/product\/839","targetHints":{"allow":["GET"]}}],"collection":[{"href":"https:\/\/methodephysiodermie.com\/fr\/wp-json\/wp\/v2\/product"}],"about":[{"href":"https:\/\/methodephysiodermie.com\/fr\/wp-json\/wp\/v2\/types\/product"}],"replies":[{"embeddable":true,"href":"https:\/\/methodephysiodermie.com\/fr\/wp-json\/wp\/v2\/comments?post=839"}],"wp:featuredmedia":[{"embeddable":true,"href":"https:\/\/methodephysiodermie.com\/fr\/wp-json\/wp\/v2\/media\/743"}],"wp:attachment":[{"href":"https:\/\/methodephysiodermie.com\/fr\/wp-json\/wp\/v2\/media?parent=839"}],"wp:term":[{"taxonomy":"product_brand","embeddable":true,"href":"https:\/\/methodephysiodermie.com\/fr\/wp-json\/wp\/v2\/product_brand?post=839"},{"taxonomy":"product_cat","embeddable":true,"href":"https:\/\/methodephysiodermie.com\/fr\/wp-json\/wp\/v2\/product_cat?post=839"},{"taxonomy":"product_tag","embeddable":true,"href":"https:\/\/methodephysiodermie.com\/fr\/wp-json\/wp\/v2\/product_tag?post=839"},{"taxonomy":"giftcard-category","embeddable":true,"href":"https:\/\/methodephysiodermie.com\/fr\/wp-json\/wp\/v2\/giftcard-category?post=839"}],"curies":[{"name":"wp","href":"https:\/\/api.w.org\/{rel}","templated":true}]}}