{"id":832,"date":"2021-05-06T19:58:42","date_gmt":"2021-05-06T19:58:42","guid":{"rendered":"https:\/\/physiosk.wpengine.com\/product\/chrono-repair-flash-kit\/"},"modified":"2025-10-04T10:31:22","modified_gmt":"2025-10-04T10:31:22","slug":"chrono-repair-flash-kit","status":"publish","type":"product","link":"https:\/\/methodephysiodermie.com\/fr\/produit\/chrono-repair-flash-kit\/","title":{"rendered":"Chrono Repair Flash Kit"},"content":{"rendered":"","protected":false},"excerpt":{"rendered":"<p><strong>L&rsquo;excellence des soins Anti-\u00c2ge*.<\/strong><\/p>\n<p>Anti-\u00e2ge. Lissant instantan\u00e9. S\u00e9rum R\u00e9v\u00e9lateur + Hydrogel Sublimateur. L\u2019effet synerg\u00e9tique des deux produits redonne \u00e0 la peau un aspect jeune, lisse et radieux pour un effet visible.<\/p>\n[ 50 ml S\u00e9rum R\u00e9v\u00e9lateur ]\n[2 pi\u00e8ces Hydrogel Sublimateur ]\n","protected":false},"featured_media":684,"comment_status":"open","ping_status":"closed","template":"","meta":[],"product_brand":[],"product_cat":[112,119,102],"product_tag":[],"giftcard-category":[],"class_list":{"0":"post-832","1":"product","2":"type-product","3":"status-publish","4":"has-post-thumbnail","6":"product_cat-anti-age","7":"product_cat-kits-coffrets","8":"product_cat-traitements-specifiques","10":"first","11":"instock","12":"taxable","13":"shipping-taxable","14":"purchasable","15":"product-type-simple"},"acf":[],"yoast_head":"<!-- This site is optimized with the Yoast SEO plugin v27.4 - https:\/\/yoast.com\/product\/yoast-seo-wordpress\/ -->\n<title>Chrono Repair Flash Kit | Methode Physiodermie\u00ae Skin Care<\/title>\n<meta name=\"description\" content=\"Anti-\u00e2ge. Lissant instantan\u00e9. S\u00e9rum R\u00e9v\u00e9lateur + Hydrogel Sublimateur. L\u2019effet synerg\u00e9tique des deux produits redonne \u00e0 la peau un aspect jeune, lisse et radieux pour un effet visible.\" \/>\n<meta name=\"robots\" content=\"index, follow, max-snippet:-1, max-image-preview:large, max-video-preview:-1\" \/>\n<link rel=\"canonical\" href=\"https:\/\/methodephysiodermie.com\/fr\/produit\/chrono-repair-flash-kit\/\" \/>\n<meta property=\"og:locale\" content=\"fr_FR\" \/>\n<meta property=\"og:type\" content=\"article\" \/>\n<meta property=\"og:title\" content=\"Chrono Repair Flash Kit | Methode Physiodermie\u00ae Skin Care\" \/>\n<meta property=\"og:description\" content=\"Anti-\u00e2ge. Lissant instantan\u00e9. S\u00e9rum R\u00e9v\u00e9lateur + Hydrogel Sublimateur. L\u2019effet synerg\u00e9tique des deux produits redonne \u00e0 la peau un aspect jeune, lisse et radieux pour un effet visible.\" \/>\n<meta property=\"og:url\" content=\"https:\/\/methodephysiodermie.com\/fr\/produit\/chrono-repair-flash-kit\/\" \/>\n<meta property=\"og:site_name\" content=\"Methode Physiodermie\u00ae Skin Care\" \/>\n<meta property=\"article:publisher\" content=\"https:\/\/www.facebook.com\/PhysiodermieSkincare\" \/>\n<meta property=\"article:modified_time\" content=\"2025-10-04T10:31:22+00:00\" \/>\n<meta property=\"og:image\" content=\"https:\/\/methodephysiodermie.com\/wp-content\/uploads\/2022\/05\/chrono-flash.jpg\" \/>\n\t<meta property=\"og:image:width\" content=\"1200\" \/>\n\t<meta property=\"og:image:height\" content=\"1200\" \/>\n\t<meta property=\"og:image:type\" content=\"image\/jpeg\" \/>\n<meta name=\"twitter:card\" content=\"summary_large_image\" \/>\n<meta name=\"twitter:site\" content=\"@physio_skincare\" \/>\n<script type=\"application\/ld+json\" class=\"yoast-schema-graph\">{\"@context\":\"https:\\\/\\\/schema.org\",\"@graph\":[{\"@type\":\"WebPage\",\"@id\":\"https:\\\/\\\/methodephysiodermie.com\\\/fr\\\/produit\\\/chrono-repair-flash-kit\\\/\",\"url\":\"https:\\\/\\\/methodephysiodermie.com\\\/fr\\\/produit\\\/chrono-repair-flash-kit\\\/\",\"name\":\"Chrono Repair Flash Kit | Methode Physiodermie\u00ae Skin Care\",\"isPartOf\":{\"@id\":\"https:\\\/\\\/methodephysiodermie.com\\\/fr\\\/#website\"},\"primaryImageOfPage\":{\"@id\":\"https:\\\/\\\/methodephysiodermie.com\\\/fr\\\/produit\\\/chrono-repair-flash-kit\\\/#primaryimage\"},\"image\":{\"@id\":\"https:\\\/\\\/methodephysiodermie.com\\\/fr\\\/produit\\\/chrono-repair-flash-kit\\\/#primaryimage\"},\"thumbnailUrl\":\"https:\\\/\\\/methodephysiodermie.com\\\/wp-content\\\/uploads\\\/2022\\\/05\\\/chrono-flash.jpg\",\"datePublished\":\"2021-05-06T19:58:42+00:00\",\"dateModified\":\"2025-10-04T10:31:22+00:00\",\"description\":\"Anti-\u00e2ge. Lissant instantan\u00e9. S\u00e9rum R\u00e9v\u00e9lateur + Hydrogel Sublimateur. L\u2019effet synerg\u00e9tique des deux produits redonne \u00e0 la peau un aspect jeune, lisse et radieux pour un effet visible.\",\"breadcrumb\":{\"@id\":\"https:\\\/\\\/methodephysiodermie.com\\\/fr\\\/produit\\\/chrono-repair-flash-kit\\\/#breadcrumb\"},\"inLanguage\":\"fr-FR\",\"potentialAction\":[{\"@type\":\"ReadAction\",\"target\":[\"https:\\\/\\\/methodephysiodermie.com\\\/fr\\\/produit\\\/chrono-repair-flash-kit\\\/\"]}]},{\"@type\":\"ImageObject\",\"inLanguage\":\"fr-FR\",\"@id\":\"https:\\\/\\\/methodephysiodermie.com\\\/fr\\\/produit\\\/chrono-repair-flash-kit\\\/#primaryimage\",\"url\":\"https:\\\/\\\/methodephysiodermie.com\\\/wp-content\\\/uploads\\\/2022\\\/05\\\/chrono-flash.jpg\",\"contentUrl\":\"https:\\\/\\\/methodephysiodermie.com\\\/wp-content\\\/uploads\\\/2022\\\/05\\\/chrono-flash.jpg\",\"width\":1200,\"height\":1200,\"caption\":\"Chrono Repair Flash Kit\"},{\"@type\":\"BreadcrumbList\",\"@id\":\"https:\\\/\\\/methodephysiodermie.com\\\/fr\\\/produit\\\/chrono-repair-flash-kit\\\/#breadcrumb\",\"itemListElement\":[{\"@type\":\"ListItem\",\"position\":1,\"name\":\"Home\",\"item\":\"https:\\\/\\\/methodephysiodermie.com\\\/fr\\\/\"},{\"@type\":\"ListItem\",\"position\":2,\"name\":\"Boutique\",\"item\":\"https:\\\/\\\/methodephysiodermie.com\\\/fr\\\/boutique\\\/\"},{\"@type\":\"ListItem\",\"position\":3,\"name\":\"Chrono Repair Flash Kit\"}]},{\"@type\":\"WebSite\",\"@id\":\"https:\\\/\\\/methodephysiodermie.com\\\/fr\\\/#website\",\"url\":\"https:\\\/\\\/methodephysiodermie.com\\\/fr\\\/\",\"name\":\"Methode Physiodermie\u00ae Skin Care\",\"description\":\"A Methodology Of Beauty\",\"publisher\":{\"@id\":\"https:\\\/\\\/methodephysiodermie.com\\\/fr\\\/#organization\"},\"potentialAction\":[{\"@type\":\"SearchAction\",\"target\":{\"@type\":\"EntryPoint\",\"urlTemplate\":\"https:\\\/\\\/methodephysiodermie.com\\\/fr\\\/?s={search_term_string}\"},\"query-input\":{\"@type\":\"PropertyValueSpecification\",\"valueRequired\":true,\"valueName\":\"search_term_string\"}}],\"inLanguage\":\"fr-FR\"},{\"@type\":\"Organization\",\"@id\":\"https:\\\/\\\/methodephysiodermie.com\\\/fr\\\/#organization\",\"name\":\"Methode Physiodermie\",\"url\":\"https:\\\/\\\/methodephysiodermie.com\\\/fr\\\/\",\"logo\":{\"@type\":\"ImageObject\",\"inLanguage\":\"fr-FR\",\"@id\":\"https:\\\/\\\/methodephysiodermie.com\\\/fr\\\/#\\\/schema\\\/logo\\\/image\\\/\",\"url\":\"https:\\\/\\\/methodephysiodermie.com\\\/wp-content\\\/uploads\\\/2022\\\/05\\\/logo-header.png\",\"contentUrl\":\"https:\\\/\\\/methodephysiodermie.com\\\/wp-content\\\/uploads\\\/2022\\\/05\\\/logo-header.png\",\"width\":400,\"height\":84,\"caption\":\"Methode Physiodermie\"},\"image\":{\"@id\":\"https:\\\/\\\/methodephysiodermie.com\\\/fr\\\/#\\\/schema\\\/logo\\\/image\\\/\"},\"sameAs\":[\"https:\\\/\\\/www.facebook.com\\\/PhysiodermieSkincare\",\"https:\\\/\\\/x.com\\\/physio_skincare\",\"https:\\\/\\\/www.instagram.com\\\/methode_physiodermie\\\/\",\"https:\\\/\\\/www.youtube.com\\\/user\\\/derme8282\"]}]}<\/script>\n<!-- \/ Yoast SEO plugin. -->","yoast_head_json":{"title":"Chrono Repair Flash Kit | Methode Physiodermie\u00ae Skin Care","description":"Anti-\u00e2ge. Lissant instantan\u00e9. S\u00e9rum R\u00e9v\u00e9lateur + Hydrogel Sublimateur. L\u2019effet synerg\u00e9tique des deux produits redonne \u00e0 la peau un aspect jeune, lisse et radieux pour un effet visible.","robots":{"index":"index","follow":"follow","max-snippet":"max-snippet:-1","max-image-preview":"max-image-preview:large","max-video-preview":"max-video-preview:-1"},"canonical":"https:\/\/methodephysiodermie.com\/fr\/produit\/chrono-repair-flash-kit\/","og_locale":"fr_FR","og_type":"article","og_title":"Chrono Repair Flash Kit | Methode Physiodermie\u00ae Skin Care","og_description":"Anti-\u00e2ge. Lissant instantan\u00e9. S\u00e9rum R\u00e9v\u00e9lateur + Hydrogel Sublimateur. L\u2019effet synerg\u00e9tique des deux produits redonne \u00e0 la peau un aspect jeune, lisse et radieux pour un effet visible.","og_url":"https:\/\/methodephysiodermie.com\/fr\/produit\/chrono-repair-flash-kit\/","og_site_name":"Methode Physiodermie\u00ae Skin Care","article_publisher":"https:\/\/www.facebook.com\/PhysiodermieSkincare","article_modified_time":"2025-10-04T10:31:22+00:00","og_image":[{"width":1200,"height":1200,"url":"https:\/\/methodephysiodermie.com\/wp-content\/uploads\/2022\/05\/chrono-flash.jpg","type":"image\/jpeg"}],"twitter_card":"summary_large_image","twitter_site":"@physio_skincare","schema":{"@context":"https:\/\/schema.org","@graph":[{"@type":"WebPage","@id":"https:\/\/methodephysiodermie.com\/fr\/produit\/chrono-repair-flash-kit\/","url":"https:\/\/methodephysiodermie.com\/fr\/produit\/chrono-repair-flash-kit\/","name":"Chrono Repair Flash Kit | Methode Physiodermie\u00ae Skin Care","isPartOf":{"@id":"https:\/\/methodephysiodermie.com\/fr\/#website"},"primaryImageOfPage":{"@id":"https:\/\/methodephysiodermie.com\/fr\/produit\/chrono-repair-flash-kit\/#primaryimage"},"image":{"@id":"https:\/\/methodephysiodermie.com\/fr\/produit\/chrono-repair-flash-kit\/#primaryimage"},"thumbnailUrl":"https:\/\/methodephysiodermie.com\/wp-content\/uploads\/2022\/05\/chrono-flash.jpg","datePublished":"2021-05-06T19:58:42+00:00","dateModified":"2025-10-04T10:31:22+00:00","description":"Anti-\u00e2ge. Lissant instantan\u00e9. S\u00e9rum R\u00e9v\u00e9lateur + Hydrogel Sublimateur. L\u2019effet synerg\u00e9tique des deux produits redonne \u00e0 la peau un aspect jeune, lisse et radieux pour un effet visible.","breadcrumb":{"@id":"https:\/\/methodephysiodermie.com\/fr\/produit\/chrono-repair-flash-kit\/#breadcrumb"},"inLanguage":"fr-FR","potentialAction":[{"@type":"ReadAction","target":["https:\/\/methodephysiodermie.com\/fr\/produit\/chrono-repair-flash-kit\/"]}]},{"@type":"ImageObject","inLanguage":"fr-FR","@id":"https:\/\/methodephysiodermie.com\/fr\/produit\/chrono-repair-flash-kit\/#primaryimage","url":"https:\/\/methodephysiodermie.com\/wp-content\/uploads\/2022\/05\/chrono-flash.jpg","contentUrl":"https:\/\/methodephysiodermie.com\/wp-content\/uploads\/2022\/05\/chrono-flash.jpg","width":1200,"height":1200,"caption":"Chrono Repair Flash Kit"},{"@type":"BreadcrumbList","@id":"https:\/\/methodephysiodermie.com\/fr\/produit\/chrono-repair-flash-kit\/#breadcrumb","itemListElement":[{"@type":"ListItem","position":1,"name":"Home","item":"https:\/\/methodephysiodermie.com\/fr\/"},{"@type":"ListItem","position":2,"name":"Boutique","item":"https:\/\/methodephysiodermie.com\/fr\/boutique\/"},{"@type":"ListItem","position":3,"name":"Chrono Repair Flash Kit"}]},{"@type":"WebSite","@id":"https:\/\/methodephysiodermie.com\/fr\/#website","url":"https:\/\/methodephysiodermie.com\/fr\/","name":"Methode Physiodermie\u00ae Skin Care","description":"A Methodology Of Beauty","publisher":{"@id":"https:\/\/methodephysiodermie.com\/fr\/#organization"},"potentialAction":[{"@type":"SearchAction","target":{"@type":"EntryPoint","urlTemplate":"https:\/\/methodephysiodermie.com\/fr\/?s={search_term_string}"},"query-input":{"@type":"PropertyValueSpecification","valueRequired":true,"valueName":"search_term_string"}}],"inLanguage":"fr-FR"},{"@type":"Organization","@id":"https:\/\/methodephysiodermie.com\/fr\/#organization","name":"Methode Physiodermie","url":"https:\/\/methodephysiodermie.com\/fr\/","logo":{"@type":"ImageObject","inLanguage":"fr-FR","@id":"https:\/\/methodephysiodermie.com\/fr\/#\/schema\/logo\/image\/","url":"https:\/\/methodephysiodermie.com\/wp-content\/uploads\/2022\/05\/logo-header.png","contentUrl":"https:\/\/methodephysiodermie.com\/wp-content\/uploads\/2022\/05\/logo-header.png","width":400,"height":84,"caption":"Methode Physiodermie"},"image":{"@id":"https:\/\/methodephysiodermie.com\/fr\/#\/schema\/logo\/image\/"},"sameAs":["https:\/\/www.facebook.com\/PhysiodermieSkincare","https:\/\/x.com\/physio_skincare","https:\/\/www.instagram.com\/methode_physiodermie\/","https:\/\/www.youtube.com\/user\/derme8282"]}]}},"_links":{"self":[{"href":"https:\/\/methodephysiodermie.com\/fr\/wp-json\/wp\/v2\/product\/832","targetHints":{"allow":["GET"]}}],"collection":[{"href":"https:\/\/methodephysiodermie.com\/fr\/wp-json\/wp\/v2\/product"}],"about":[{"href":"https:\/\/methodephysiodermie.com\/fr\/wp-json\/wp\/v2\/types\/product"}],"replies":[{"embeddable":true,"href":"https:\/\/methodephysiodermie.com\/fr\/wp-json\/wp\/v2\/comments?post=832"}],"wp:featuredmedia":[{"embeddable":true,"href":"https:\/\/methodephysiodermie.com\/fr\/wp-json\/wp\/v2\/media\/684"}],"wp:attachment":[{"href":"https:\/\/methodephysiodermie.com\/fr\/wp-json\/wp\/v2\/media?parent=832"}],"wp:term":[{"taxonomy":"product_brand","embeddable":true,"href":"https:\/\/methodephysiodermie.com\/fr\/wp-json\/wp\/v2\/product_brand?post=832"},{"taxonomy":"product_cat","embeddable":true,"href":"https:\/\/methodephysiodermie.com\/fr\/wp-json\/wp\/v2\/product_cat?post=832"},{"taxonomy":"product_tag","embeddable":true,"href":"https:\/\/methodephysiodermie.com\/fr\/wp-json\/wp\/v2\/product_tag?post=832"},{"taxonomy":"giftcard-category","embeddable":true,"href":"https:\/\/methodephysiodermie.com\/fr\/wp-json\/wp\/v2\/giftcard-category?post=832"}],"curies":[{"name":"wp","href":"https:\/\/api.w.org\/{rel}","templated":true}]}}