{"id":803,"date":"2024-11-15T00:00:47","date_gmt":"2024-11-15T00:00:47","guid":{"rendered":"https:\/\/physiosk.wpengine.com\/product\/hydra-set-kit\/"},"modified":"2025-10-29T18:47:39","modified_gmt":"2025-10-29T18:47:39","slug":"coffret-hydra-intense","status":"publish","type":"product","link":"https:\/\/methodephysiodermie.com\/fr\/produit\/coffret-hydra-intense\/","title":{"rendered":"Coffret Hydra Intense"},"content":{"rendered":"","protected":false},"excerpt":{"rendered":"<p><strong>Tous types de peaux. Complexe de C\u00e9ramides \u2013 Acide Hyaluronique.<\/strong><\/p>\n<p>Le duo parfait pour hydrater intens\u00e9ment votre peau ! Le serum Bi-Molecular Hyaluronic Acid est hautement concentr\u00e9 en agents repulpants, avec une texture fluide. L\u2019Emulsion Hydraceramides est une cr\u00e8me l\u00e9g\u00e8re et non collante. Elle p\u00e9n\u00e8tre instantan\u00e9ment pour une sensation d\u2019hydratation imm\u00e9diate\u200b.<\/p>\n","protected":false},"featured_media":654,"comment_status":"open","ping_status":"closed","template":"","meta":[],"product_brand":[],"product_cat":[119,120],"product_tag":[],"giftcard-category":[],"class_list":{"0":"post-803","1":"product","2":"type-product","3":"status-publish","4":"has-post-thumbnail","6":"product_cat-kits-coffrets","7":"product_cat-promotions-offres","9":"first","10":"instock","11":"taxable","12":"shipping-taxable","13":"purchasable","14":"product-type-simple"},"acf":[],"yoast_head":"<!-- This site is optimized with the Yoast SEO plugin v27.4 - https:\/\/yoast.com\/product\/yoast-seo-wordpress\/ -->\n<title>Coffret Hydra Intense | Methode Physiodermie\u00ae Skin Care<\/title>\n<meta name=\"description\" content=\"Le duo parfait pour hydrater intens\u00e9ment votre peau ! Le serum Bi-Molecular Hyaluronic Acid est hautement concentr\u00e9 en agents repulpants, avec une texture fluide. L\u2019Emulsion Hydraceramides est une cr\u00e8me l\u00e9g\u00e8re et non collante. Elle p\u00e9n\u00e8tre instantan\u00e9ment pour une sensation d\u2019hydratation imm\u00e9diate\u200b.\" \/>\n<meta name=\"robots\" content=\"index, follow, max-snippet:-1, max-image-preview:large, max-video-preview:-1\" \/>\n<link rel=\"canonical\" href=\"https:\/\/methodephysiodermie.com\/fr\/produit\/coffret-hydra-intense\/\" \/>\n<meta property=\"og:locale\" content=\"fr_CA\" \/>\n<meta property=\"og:type\" content=\"article\" \/>\n<meta property=\"og:title\" content=\"Coffret Hydra Intense | Methode Physiodermie\u00ae Skin Care\" \/>\n<meta property=\"og:description\" content=\"Le duo parfait pour hydrater intens\u00e9ment votre peau ! Le serum Bi-Molecular Hyaluronic Acid est hautement concentr\u00e9 en agents repulpants, avec une texture fluide. L\u2019Emulsion Hydraceramides est une cr\u00e8me l\u00e9g\u00e8re et non collante. Elle p\u00e9n\u00e8tre instantan\u00e9ment pour une sensation d\u2019hydratation imm\u00e9diate\u200b.\" \/>\n<meta property=\"og:url\" content=\"https:\/\/methodephysiodermie.com\/fr\/produit\/coffret-hydra-intense\/\" \/>\n<meta property=\"og:site_name\" content=\"Methode Physiodermie\u00ae Skin Care\" \/>\n<meta property=\"article:publisher\" content=\"https:\/\/www.facebook.com\/PhysiodermieSkincare\" \/>\n<meta property=\"article:modified_time\" content=\"2025-10-29T18:47:39+00:00\" \/>\n<meta property=\"og:image\" content=\"https:\/\/methodephysiodermie.com\/wp-content\/uploads\/2013\/08\/intense-hydra-set-kit.jpg\" \/>\n\t<meta property=\"og:image:width\" content=\"1200\" \/>\n\t<meta property=\"og:image:height\" content=\"1200\" \/>\n\t<meta property=\"og:image:type\" content=\"image\/jpeg\" \/>\n<meta name=\"twitter:card\" content=\"summary_large_image\" \/>\n<meta name=\"twitter:site\" content=\"@physio_skincare\" \/>\n<script type=\"application\/ld+json\" class=\"yoast-schema-graph\">{\"@context\":\"https:\\\/\\\/schema.org\",\"@graph\":[{\"@type\":\"WebPage\",\"@id\":\"https:\\\/\\\/methodephysiodermie.com\\\/fr\\\/produit\\\/coffret-hydra-intense\\\/\",\"url\":\"https:\\\/\\\/methodephysiodermie.com\\\/fr\\\/produit\\\/coffret-hydra-intense\\\/\",\"name\":\"Coffret Hydra Intense | Methode Physiodermie\u00ae Skin Care\",\"isPartOf\":{\"@id\":\"https:\\\/\\\/methodephysiodermie.com\\\/fr\\\/#website\"},\"primaryImageOfPage\":{\"@id\":\"https:\\\/\\\/methodephysiodermie.com\\\/fr\\\/produit\\\/coffret-hydra-intense\\\/#primaryimage\"},\"image\":{\"@id\":\"https:\\\/\\\/methodephysiodermie.com\\\/fr\\\/produit\\\/coffret-hydra-intense\\\/#primaryimage\"},\"thumbnailUrl\":\"https:\\\/\\\/methodephysiodermie.com\\\/wp-content\\\/uploads\\\/2013\\\/08\\\/intense-hydra-set-kit.jpg\",\"datePublished\":\"2024-11-15T00:00:47+00:00\",\"dateModified\":\"2025-10-29T18:47:39+00:00\",\"description\":\"Le duo parfait pour hydrater intens\u00e9ment votre peau ! Le serum Bi-Molecular Hyaluronic Acid est hautement concentr\u00e9 en agents repulpants, avec une texture fluide. L\u2019Emulsion Hydraceramides est une cr\u00e8me l\u00e9g\u00e8re et non collante. Elle p\u00e9n\u00e8tre instantan\u00e9ment pour une sensation d\u2019hydratation imm\u00e9diate\u200b.\",\"breadcrumb\":{\"@id\":\"https:\\\/\\\/methodephysiodermie.com\\\/fr\\\/produit\\\/coffret-hydra-intense\\\/#breadcrumb\"},\"inLanguage\":\"fr-CA\",\"potentialAction\":[{\"@type\":\"ReadAction\",\"target\":[\"https:\\\/\\\/methodephysiodermie.com\\\/fr\\\/produit\\\/coffret-hydra-intense\\\/\"]}]},{\"@type\":\"ImageObject\",\"inLanguage\":\"fr-CA\",\"@id\":\"https:\\\/\\\/methodephysiodermie.com\\\/fr\\\/produit\\\/coffret-hydra-intense\\\/#primaryimage\",\"url\":\"https:\\\/\\\/methodephysiodermie.com\\\/wp-content\\\/uploads\\\/2013\\\/08\\\/intense-hydra-set-kit.jpg\",\"contentUrl\":\"https:\\\/\\\/methodephysiodermie.com\\\/wp-content\\\/uploads\\\/2013\\\/08\\\/intense-hydra-set-kit.jpg\",\"width\":1200,\"height\":1200,\"caption\":\"Ensemble Hydra Intense\"},{\"@type\":\"BreadcrumbList\",\"@id\":\"https:\\\/\\\/methodephysiodermie.com\\\/fr\\\/produit\\\/coffret-hydra-intense\\\/#breadcrumb\",\"itemListElement\":[{\"@type\":\"ListItem\",\"position\":1,\"name\":\"Home\",\"item\":\"https:\\\/\\\/methodephysiodermie.com\\\/fr\\\/\"},{\"@type\":\"ListItem\",\"position\":2,\"name\":\"Boutique\",\"item\":\"https:\\\/\\\/methodephysiodermie.com\\\/fr\\\/boutique\\\/\"},{\"@type\":\"ListItem\",\"position\":3,\"name\":\"Coffret Hydra Intense\"}]},{\"@type\":\"WebSite\",\"@id\":\"https:\\\/\\\/methodephysiodermie.com\\\/fr\\\/#website\",\"url\":\"https:\\\/\\\/methodephysiodermie.com\\\/fr\\\/\",\"name\":\"Methode Physiodermie\u00ae Skin Care\",\"description\":\"A Methodology Of Beauty\",\"publisher\":{\"@id\":\"https:\\\/\\\/methodephysiodermie.com\\\/fr\\\/#organization\"},\"potentialAction\":[{\"@type\":\"SearchAction\",\"target\":{\"@type\":\"EntryPoint\",\"urlTemplate\":\"https:\\\/\\\/methodephysiodermie.com\\\/fr\\\/?s={search_term_string}\"},\"query-input\":{\"@type\":\"PropertyValueSpecification\",\"valueRequired\":true,\"valueName\":\"search_term_string\"}}],\"inLanguage\":\"fr-CA\"},{\"@type\":\"Organization\",\"@id\":\"https:\\\/\\\/methodephysiodermie.com\\\/fr\\\/#organization\",\"name\":\"Methode Physiodermie\",\"url\":\"https:\\\/\\\/methodephysiodermie.com\\\/fr\\\/\",\"logo\":{\"@type\":\"ImageObject\",\"inLanguage\":\"fr-CA\",\"@id\":\"https:\\\/\\\/methodephysiodermie.com\\\/fr\\\/#\\\/schema\\\/logo\\\/image\\\/\",\"url\":\"https:\\\/\\\/methodephysiodermie.com\\\/wp-content\\\/uploads\\\/2022\\\/05\\\/logo-header.png\",\"contentUrl\":\"https:\\\/\\\/methodephysiodermie.com\\\/wp-content\\\/uploads\\\/2022\\\/05\\\/logo-header.png\",\"width\":400,\"height\":84,\"caption\":\"Methode Physiodermie\"},\"image\":{\"@id\":\"https:\\\/\\\/methodephysiodermie.com\\\/fr\\\/#\\\/schema\\\/logo\\\/image\\\/\"},\"sameAs\":[\"https:\\\/\\\/www.facebook.com\\\/PhysiodermieSkincare\",\"https:\\\/\\\/x.com\\\/physio_skincare\",\"https:\\\/\\\/www.instagram.com\\\/methode_physiodermie\\\/\",\"https:\\\/\\\/www.youtube.com\\\/user\\\/derme8282\"]}]}<\/script>\n<!-- \/ Yoast SEO plugin. -->","yoast_head_json":{"title":"Coffret Hydra Intense | Methode Physiodermie\u00ae Skin Care","description":"Le duo parfait pour hydrater intens\u00e9ment votre peau ! Le serum Bi-Molecular Hyaluronic Acid est hautement concentr\u00e9 en agents repulpants, avec une texture fluide. L\u2019Emulsion Hydraceramides est une cr\u00e8me l\u00e9g\u00e8re et non collante. Elle p\u00e9n\u00e8tre instantan\u00e9ment pour une sensation d\u2019hydratation imm\u00e9diate\u200b.","robots":{"index":"index","follow":"follow","max-snippet":"max-snippet:-1","max-image-preview":"max-image-preview:large","max-video-preview":"max-video-preview:-1"},"canonical":"https:\/\/methodephysiodermie.com\/fr\/produit\/coffret-hydra-intense\/","og_locale":"fr_CA","og_type":"article","og_title":"Coffret Hydra Intense | Methode Physiodermie\u00ae Skin Care","og_description":"Le duo parfait pour hydrater intens\u00e9ment votre peau ! Le serum Bi-Molecular Hyaluronic Acid est hautement concentr\u00e9 en agents repulpants, avec une texture fluide. L\u2019Emulsion Hydraceramides est une cr\u00e8me l\u00e9g\u00e8re et non collante. Elle p\u00e9n\u00e8tre instantan\u00e9ment pour une sensation d\u2019hydratation imm\u00e9diate\u200b.","og_url":"https:\/\/methodephysiodermie.com\/fr\/produit\/coffret-hydra-intense\/","og_site_name":"Methode Physiodermie\u00ae Skin Care","article_publisher":"https:\/\/www.facebook.com\/PhysiodermieSkincare","article_modified_time":"2025-10-29T18:47:39+00:00","og_image":[{"width":1200,"height":1200,"url":"https:\/\/methodephysiodermie.com\/wp-content\/uploads\/2013\/08\/intense-hydra-set-kit.jpg","type":"image\/jpeg"}],"twitter_card":"summary_large_image","twitter_site":"@physio_skincare","schema":{"@context":"https:\/\/schema.org","@graph":[{"@type":"WebPage","@id":"https:\/\/methodephysiodermie.com\/fr\/produit\/coffret-hydra-intense\/","url":"https:\/\/methodephysiodermie.com\/fr\/produit\/coffret-hydra-intense\/","name":"Coffret Hydra Intense | Methode Physiodermie\u00ae Skin Care","isPartOf":{"@id":"https:\/\/methodephysiodermie.com\/fr\/#website"},"primaryImageOfPage":{"@id":"https:\/\/methodephysiodermie.com\/fr\/produit\/coffret-hydra-intense\/#primaryimage"},"image":{"@id":"https:\/\/methodephysiodermie.com\/fr\/produit\/coffret-hydra-intense\/#primaryimage"},"thumbnailUrl":"https:\/\/methodephysiodermie.com\/wp-content\/uploads\/2013\/08\/intense-hydra-set-kit.jpg","datePublished":"2024-11-15T00:00:47+00:00","dateModified":"2025-10-29T18:47:39+00:00","description":"Le duo parfait pour hydrater intens\u00e9ment votre peau ! Le serum Bi-Molecular Hyaluronic Acid est hautement concentr\u00e9 en agents repulpants, avec une texture fluide. L\u2019Emulsion Hydraceramides est une cr\u00e8me l\u00e9g\u00e8re et non collante. Elle p\u00e9n\u00e8tre instantan\u00e9ment pour une sensation d\u2019hydratation imm\u00e9diate\u200b.","breadcrumb":{"@id":"https:\/\/methodephysiodermie.com\/fr\/produit\/coffret-hydra-intense\/#breadcrumb"},"inLanguage":"fr-CA","potentialAction":[{"@type":"ReadAction","target":["https:\/\/methodephysiodermie.com\/fr\/produit\/coffret-hydra-intense\/"]}]},{"@type":"ImageObject","inLanguage":"fr-CA","@id":"https:\/\/methodephysiodermie.com\/fr\/produit\/coffret-hydra-intense\/#primaryimage","url":"https:\/\/methodephysiodermie.com\/wp-content\/uploads\/2013\/08\/intense-hydra-set-kit.jpg","contentUrl":"https:\/\/methodephysiodermie.com\/wp-content\/uploads\/2013\/08\/intense-hydra-set-kit.jpg","width":1200,"height":1200,"caption":"Ensemble Hydra Intense"},{"@type":"BreadcrumbList","@id":"https:\/\/methodephysiodermie.com\/fr\/produit\/coffret-hydra-intense\/#breadcrumb","itemListElement":[{"@type":"ListItem","position":1,"name":"Home","item":"https:\/\/methodephysiodermie.com\/fr\/"},{"@type":"ListItem","position":2,"name":"Boutique","item":"https:\/\/methodephysiodermie.com\/fr\/boutique\/"},{"@type":"ListItem","position":3,"name":"Coffret Hydra Intense"}]},{"@type":"WebSite","@id":"https:\/\/methodephysiodermie.com\/fr\/#website","url":"https:\/\/methodephysiodermie.com\/fr\/","name":"Methode Physiodermie\u00ae Skin Care","description":"A Methodology Of Beauty","publisher":{"@id":"https:\/\/methodephysiodermie.com\/fr\/#organization"},"potentialAction":[{"@type":"SearchAction","target":{"@type":"EntryPoint","urlTemplate":"https:\/\/methodephysiodermie.com\/fr\/?s={search_term_string}"},"query-input":{"@type":"PropertyValueSpecification","valueRequired":true,"valueName":"search_term_string"}}],"inLanguage":"fr-CA"},{"@type":"Organization","@id":"https:\/\/methodephysiodermie.com\/fr\/#organization","name":"Methode Physiodermie","url":"https:\/\/methodephysiodermie.com\/fr\/","logo":{"@type":"ImageObject","inLanguage":"fr-CA","@id":"https:\/\/methodephysiodermie.com\/fr\/#\/schema\/logo\/image\/","url":"https:\/\/methodephysiodermie.com\/wp-content\/uploads\/2022\/05\/logo-header.png","contentUrl":"https:\/\/methodephysiodermie.com\/wp-content\/uploads\/2022\/05\/logo-header.png","width":400,"height":84,"caption":"Methode Physiodermie"},"image":{"@id":"https:\/\/methodephysiodermie.com\/fr\/#\/schema\/logo\/image\/"},"sameAs":["https:\/\/www.facebook.com\/PhysiodermieSkincare","https:\/\/x.com\/physio_skincare","https:\/\/www.instagram.com\/methode_physiodermie\/","https:\/\/www.youtube.com\/user\/derme8282"]}]}},"_links":{"self":[{"href":"https:\/\/methodephysiodermie.com\/fr\/wp-json\/wp\/v2\/product\/803","targetHints":{"allow":["GET"]}}],"collection":[{"href":"https:\/\/methodephysiodermie.com\/fr\/wp-json\/wp\/v2\/product"}],"about":[{"href":"https:\/\/methodephysiodermie.com\/fr\/wp-json\/wp\/v2\/types\/product"}],"replies":[{"embeddable":true,"href":"https:\/\/methodephysiodermie.com\/fr\/wp-json\/wp\/v2\/comments?post=803"}],"wp:featuredmedia":[{"embeddable":true,"href":"https:\/\/methodephysiodermie.com\/fr\/wp-json\/wp\/v2\/media\/654"}],"wp:attachment":[{"href":"https:\/\/methodephysiodermie.com\/fr\/wp-json\/wp\/v2\/media?parent=803"}],"wp:term":[{"taxonomy":"product_brand","embeddable":true,"href":"https:\/\/methodephysiodermie.com\/fr\/wp-json\/wp\/v2\/product_brand?post=803"},{"taxonomy":"product_cat","embeddable":true,"href":"https:\/\/methodephysiodermie.com\/fr\/wp-json\/wp\/v2\/product_cat?post=803"},{"taxonomy":"product_tag","embeddable":true,"href":"https:\/\/methodephysiodermie.com\/fr\/wp-json\/wp\/v2\/product_tag?post=803"},{"taxonomy":"giftcard-category","embeddable":true,"href":"https:\/\/methodephysiodermie.com\/fr\/wp-json\/wp\/v2\/giftcard-category?post=803"}],"curies":[{"name":"wp","href":"https:\/\/api.w.org\/{rel}","templated":true}]}}