{"id":7197,"date":"2024-11-15T16:40:29","date_gmt":"2024-11-15T16:40:29","guid":{"rendered":"https:\/\/methodephysiodermie.com\/?post_type=product&#038;p=7197"},"modified":"2025-10-29T18:49:38","modified_gmt":"2025-10-29T18:49:38","slug":"coffret-glow-booster","status":"publish","type":"product","link":"https:\/\/methodephysiodermie.com\/fr\/produit\/coffret-glow-booster\/","title":{"rendered":"Coffret Glow Booster"},"content":{"rendered":"<h2 class=\"uppercase\">Le duo anti-\u00e2ge pour un glow parfait !<\/h2>\n<p>Le meilleur alli\u00e9 des peaux ternes, le s\u00e9rum <strong><a href=\"https:\/\/methodephysiodermie.com\/fr\/produit\/shot-c15-bio\/\">Shot C15<\/a><\/strong> offre une efficacit\u00e9 in\u00e9gal\u00e9e gr\u00e2ce \u00e0 sa forte teneur -15%- en vitamine C pure, un puissant anti-oxydant. Sa formule lui permet de lutter simultan\u00e9ment contre tous les signes du vieillissement.<\/p>\n<p><strong><a href=\"https:\/\/methodephysiodermie.com\/fr\/produit\/all-time%c2%b3-emulsion-bio\/\">L\u2019\u00e9mulsion All Time\u00b3<\/a><\/strong> aide \u00e0 pr\u00e9server plus longtemps la jeunesse de la peau en luttant contre les causes externes du vieillissement gr\u00e2ce au Phyto Complex\u00b3 exclusif, dont l\u2019action globale sur les diff\u00e9rents signes de l\u2019\u00e2ge est prouv\u00e9e.<\/p>\n","protected":false},"excerpt":{"rendered":"<p>Le duo anti-\u00e2ge pour un glow parfait ! Certifi\u00e9 BIO par ECOCERT, le Glow Booster Set regroupe deux formules anti-\u00e2ge puissantes pour lifter la peau, unifier la pigmentation et stimuler la synth\u00e8se de collag\u00e8ne.<\/p>\n","protected":false},"featured_media":7199,"comment_status":"open","ping_status":"closed","template":"","meta":[],"product_brand":[],"product_cat":[119,120],"product_tag":[],"giftcard-category":[],"class_list":{"0":"post-7197","1":"product","2":"type-product","3":"status-publish","4":"has-post-thumbnail","6":"product_cat-kits-coffrets","7":"product_cat-promotions-offres","9":"first","10":"instock","11":"taxable","12":"shipping-taxable","13":"purchasable","14":"product-type-simple"},"acf":[],"yoast_head":"<!-- This site is optimized with the Yoast SEO plugin v27.1.1 - https:\/\/yoast.com\/product\/yoast-seo-wordpress\/ -->\n<title>Coffret Glow Booster | Methode Physiodermie\u00ae Skin Care<\/title>\n<meta name=\"description\" content=\"Glow Coffret Glow Booster : duo anti-\u00e2ge bio pour briller ! Le meilleur alli\u00e9 des peaux ternes, associant un s\u00e9rum 15% de vitamine C bio \u00e0 une Emulsion anti-\u00e2ge.\" \/>\n<meta name=\"robots\" content=\"index, follow, max-snippet:-1, max-image-preview:large, max-video-preview:-1\" \/>\n<link rel=\"canonical\" href=\"https:\/\/methodephysiodermie.com\/fr\/produit\/coffret-glow-booster\/\" \/>\n<meta property=\"og:locale\" content=\"fr_FR\" \/>\n<meta property=\"og:type\" content=\"article\" \/>\n<meta property=\"og:title\" content=\"Coffret Glow Booster | Methode Physiodermie\u00ae Skin Care\" \/>\n<meta property=\"og:description\" content=\"Glow Coffret Glow Booster : duo anti-\u00e2ge bio pour briller ! Le meilleur alli\u00e9 des peaux ternes, associant un s\u00e9rum 15% de vitamine C bio \u00e0 une Emulsion anti-\u00e2ge.\" \/>\n<meta property=\"og:url\" content=\"https:\/\/methodephysiodermie.com\/fr\/produit\/coffret-glow-booster\/\" \/>\n<meta property=\"og:site_name\" content=\"Methode Physiodermie\u00ae Skin Care\" \/>\n<meta property=\"article:publisher\" content=\"https:\/\/www.facebook.com\/PhysiodermieSkincare\" \/>\n<meta property=\"article:modified_time\" content=\"2025-10-29T18:49:38+00:00\" \/>\n<meta property=\"og:image\" content=\"https:\/\/methodephysiodermie.com\/wp-content\/uploads\/2024\/11\/glow-booster-kit.jpg\" \/>\n\t<meta property=\"og:image:width\" content=\"1200\" \/>\n\t<meta property=\"og:image:height\" content=\"1200\" \/>\n\t<meta property=\"og:image:type\" content=\"image\/jpeg\" \/>\n<meta name=\"twitter:card\" content=\"summary_large_image\" \/>\n<meta name=\"twitter:site\" content=\"@physio_skincare\" \/>\n<script type=\"application\/ld+json\" class=\"yoast-schema-graph\">{\"@context\":\"https:\/\/schema.org\",\"@graph\":[{\"@type\":\"WebPage\",\"@id\":\"https:\/\/methodephysiodermie.com\/fr\/produit\/coffret-glow-booster\/\",\"url\":\"https:\/\/methodephysiodermie.com\/fr\/produit\/coffret-glow-booster\/\",\"name\":\"Coffret Glow Booster | Methode Physiodermie\u00ae Skin Care\",\"isPartOf\":{\"@id\":\"https:\/\/methodephysiodermie.com\/fr\/#website\"},\"primaryImageOfPage\":{\"@id\":\"https:\/\/methodephysiodermie.com\/fr\/produit\/coffret-glow-booster\/#primaryimage\"},\"image\":{\"@id\":\"https:\/\/methodephysiodermie.com\/fr\/produit\/coffret-glow-booster\/#primaryimage\"},\"thumbnailUrl\":\"https:\/\/methodephysiodermie.com\/wp-content\/uploads\/2024\/11\/glow-booster-kit.jpg\",\"datePublished\":\"2024-11-15T16:40:29+00:00\",\"dateModified\":\"2025-10-29T18:49:38+00:00\",\"description\":\"Glow Coffret Glow Booster : duo anti-\u00e2ge bio pour briller ! Le meilleur alli\u00e9 des peaux ternes, associant un s\u00e9rum 15% de vitamine C bio \u00e0 une Emulsion anti-\u00e2ge.\",\"breadcrumb\":{\"@id\":\"https:\/\/methodephysiodermie.com\/fr\/produit\/coffret-glow-booster\/#breadcrumb\"},\"inLanguage\":\"fr-FR\",\"potentialAction\":[{\"@type\":\"ReadAction\",\"target\":[\"https:\/\/methodephysiodermie.com\/fr\/produit\/coffret-glow-booster\/\"]}]},{\"@type\":\"ImageObject\",\"inLanguage\":\"fr-FR\",\"@id\":\"https:\/\/methodephysiodermie.com\/fr\/produit\/coffret-glow-booster\/#primaryimage\",\"url\":\"https:\/\/methodephysiodermie.com\/wp-content\/uploads\/2024\/11\/glow-booster-kit.jpg\",\"contentUrl\":\"https:\/\/methodephysiodermie.com\/wp-content\/uploads\/2024\/11\/glow-booster-kit.jpg\",\"width\":1200,\"height\":1200,\"caption\":\"Coffret Glow Booster\"},{\"@type\":\"BreadcrumbList\",\"@id\":\"https:\/\/methodephysiodermie.com\/fr\/produit\/coffret-glow-booster\/#breadcrumb\",\"itemListElement\":[{\"@type\":\"ListItem\",\"position\":1,\"name\":\"Home\",\"item\":\"https:\/\/methodephysiodermie.com\/fr\/\"},{\"@type\":\"ListItem\",\"position\":2,\"name\":\"Boutique\",\"item\":\"https:\/\/methodephysiodermie.com\/fr\/boutique\/\"},{\"@type\":\"ListItem\",\"position\":3,\"name\":\"Coffret Glow Booster\"}]},{\"@type\":\"WebSite\",\"@id\":\"https:\/\/methodephysiodermie.com\/fr\/#website\",\"url\":\"https:\/\/methodephysiodermie.com\/fr\/\",\"name\":\"Methode Physiodermie\u00ae Skin Care\",\"description\":\"A Methodology Of Beauty\",\"publisher\":{\"@id\":\"https:\/\/methodephysiodermie.com\/fr\/#organization\"},\"potentialAction\":[{\"@type\":\"SearchAction\",\"target\":{\"@type\":\"EntryPoint\",\"urlTemplate\":\"https:\/\/methodephysiodermie.com\/fr\/?s={search_term_string}\"},\"query-input\":{\"@type\":\"PropertyValueSpecification\",\"valueRequired\":true,\"valueName\":\"search_term_string\"}}],\"inLanguage\":\"fr-FR\"},{\"@type\":\"Organization\",\"@id\":\"https:\/\/methodephysiodermie.com\/fr\/#organization\",\"name\":\"Methode Physiodermie\",\"url\":\"https:\/\/methodephysiodermie.com\/fr\/\",\"logo\":{\"@type\":\"ImageObject\",\"inLanguage\":\"fr-FR\",\"@id\":\"https:\/\/methodephysiodermie.com\/fr\/#\/schema\/logo\/image\/\",\"url\":\"https:\/\/methodephysiodermie.com\/wp-content\/uploads\/2022\/05\/logo-header.png\",\"contentUrl\":\"https:\/\/methodephysiodermie.com\/wp-content\/uploads\/2022\/05\/logo-header.png\",\"width\":400,\"height\":84,\"caption\":\"Methode Physiodermie\"},\"image\":{\"@id\":\"https:\/\/methodephysiodermie.com\/fr\/#\/schema\/logo\/image\/\"},\"sameAs\":[\"https:\/\/www.facebook.com\/PhysiodermieSkincare\",\"https:\/\/x.com\/physio_skincare\",\"https:\/\/www.instagram.com\/methode_physiodermie\/\",\"https:\/\/www.youtube.com\/user\/derme8282\"]}]}<\/script>\n<!-- \/ Yoast SEO plugin. -->","yoast_head_json":{"title":"Coffret Glow Booster | Methode Physiodermie\u00ae Skin Care","description":"Glow Coffret Glow Booster : duo anti-\u00e2ge bio pour briller ! Le meilleur alli\u00e9 des peaux ternes, associant un s\u00e9rum 15% de vitamine C bio \u00e0 une Emulsion anti-\u00e2ge.","robots":{"index":"index","follow":"follow","max-snippet":"max-snippet:-1","max-image-preview":"max-image-preview:large","max-video-preview":"max-video-preview:-1"},"canonical":"https:\/\/methodephysiodermie.com\/fr\/produit\/coffret-glow-booster\/","og_locale":"fr_FR","og_type":"article","og_title":"Coffret Glow Booster | Methode Physiodermie\u00ae Skin Care","og_description":"Glow Coffret Glow Booster : duo anti-\u00e2ge bio pour briller ! Le meilleur alli\u00e9 des peaux ternes, associant un s\u00e9rum 15% de vitamine C bio \u00e0 une Emulsion anti-\u00e2ge.","og_url":"https:\/\/methodephysiodermie.com\/fr\/produit\/coffret-glow-booster\/","og_site_name":"Methode Physiodermie\u00ae Skin Care","article_publisher":"https:\/\/www.facebook.com\/PhysiodermieSkincare","article_modified_time":"2025-10-29T18:49:38+00:00","og_image":[{"width":1200,"height":1200,"url":"https:\/\/methodephysiodermie.com\/wp-content\/uploads\/2024\/11\/glow-booster-kit.jpg","type":"image\/jpeg"}],"twitter_card":"summary_large_image","twitter_site":"@physio_skincare","schema":{"@context":"https:\/\/schema.org","@graph":[{"@type":"WebPage","@id":"https:\/\/methodephysiodermie.com\/fr\/produit\/coffret-glow-booster\/","url":"https:\/\/methodephysiodermie.com\/fr\/produit\/coffret-glow-booster\/","name":"Coffret Glow Booster | Methode Physiodermie\u00ae Skin Care","isPartOf":{"@id":"https:\/\/methodephysiodermie.com\/fr\/#website"},"primaryImageOfPage":{"@id":"https:\/\/methodephysiodermie.com\/fr\/produit\/coffret-glow-booster\/#primaryimage"},"image":{"@id":"https:\/\/methodephysiodermie.com\/fr\/produit\/coffret-glow-booster\/#primaryimage"},"thumbnailUrl":"https:\/\/methodephysiodermie.com\/wp-content\/uploads\/2024\/11\/glow-booster-kit.jpg","datePublished":"2024-11-15T16:40:29+00:00","dateModified":"2025-10-29T18:49:38+00:00","description":"Glow Coffret Glow Booster : duo anti-\u00e2ge bio pour briller ! Le meilleur alli\u00e9 des peaux ternes, associant un s\u00e9rum 15% de vitamine C bio \u00e0 une Emulsion anti-\u00e2ge.","breadcrumb":{"@id":"https:\/\/methodephysiodermie.com\/fr\/produit\/coffret-glow-booster\/#breadcrumb"},"inLanguage":"fr-FR","potentialAction":[{"@type":"ReadAction","target":["https:\/\/methodephysiodermie.com\/fr\/produit\/coffret-glow-booster\/"]}]},{"@type":"ImageObject","inLanguage":"fr-FR","@id":"https:\/\/methodephysiodermie.com\/fr\/produit\/coffret-glow-booster\/#primaryimage","url":"https:\/\/methodephysiodermie.com\/wp-content\/uploads\/2024\/11\/glow-booster-kit.jpg","contentUrl":"https:\/\/methodephysiodermie.com\/wp-content\/uploads\/2024\/11\/glow-booster-kit.jpg","width":1200,"height":1200,"caption":"Coffret Glow Booster"},{"@type":"BreadcrumbList","@id":"https:\/\/methodephysiodermie.com\/fr\/produit\/coffret-glow-booster\/#breadcrumb","itemListElement":[{"@type":"ListItem","position":1,"name":"Home","item":"https:\/\/methodephysiodermie.com\/fr\/"},{"@type":"ListItem","position":2,"name":"Boutique","item":"https:\/\/methodephysiodermie.com\/fr\/boutique\/"},{"@type":"ListItem","position":3,"name":"Coffret Glow Booster"}]},{"@type":"WebSite","@id":"https:\/\/methodephysiodermie.com\/fr\/#website","url":"https:\/\/methodephysiodermie.com\/fr\/","name":"Methode Physiodermie\u00ae Skin Care","description":"A Methodology Of Beauty","publisher":{"@id":"https:\/\/methodephysiodermie.com\/fr\/#organization"},"potentialAction":[{"@type":"SearchAction","target":{"@type":"EntryPoint","urlTemplate":"https:\/\/methodephysiodermie.com\/fr\/?s={search_term_string}"},"query-input":{"@type":"PropertyValueSpecification","valueRequired":true,"valueName":"search_term_string"}}],"inLanguage":"fr-FR"},{"@type":"Organization","@id":"https:\/\/methodephysiodermie.com\/fr\/#organization","name":"Methode Physiodermie","url":"https:\/\/methodephysiodermie.com\/fr\/","logo":{"@type":"ImageObject","inLanguage":"fr-FR","@id":"https:\/\/methodephysiodermie.com\/fr\/#\/schema\/logo\/image\/","url":"https:\/\/methodephysiodermie.com\/wp-content\/uploads\/2022\/05\/logo-header.png","contentUrl":"https:\/\/methodephysiodermie.com\/wp-content\/uploads\/2022\/05\/logo-header.png","width":400,"height":84,"caption":"Methode Physiodermie"},"image":{"@id":"https:\/\/methodephysiodermie.com\/fr\/#\/schema\/logo\/image\/"},"sameAs":["https:\/\/www.facebook.com\/PhysiodermieSkincare","https:\/\/x.com\/physio_skincare","https:\/\/www.instagram.com\/methode_physiodermie\/","https:\/\/www.youtube.com\/user\/derme8282"]}]}},"_links":{"self":[{"href":"https:\/\/methodephysiodermie.com\/fr\/wp-json\/wp\/v2\/product\/7197","targetHints":{"allow":["GET"]}}],"collection":[{"href":"https:\/\/methodephysiodermie.com\/fr\/wp-json\/wp\/v2\/product"}],"about":[{"href":"https:\/\/methodephysiodermie.com\/fr\/wp-json\/wp\/v2\/types\/product"}],"replies":[{"embeddable":true,"href":"https:\/\/methodephysiodermie.com\/fr\/wp-json\/wp\/v2\/comments?post=7197"}],"wp:featuredmedia":[{"embeddable":true,"href":"https:\/\/methodephysiodermie.com\/fr\/wp-json\/wp\/v2\/media\/7199"}],"wp:attachment":[{"href":"https:\/\/methodephysiodermie.com\/fr\/wp-json\/wp\/v2\/media?parent=7197"}],"wp:term":[{"taxonomy":"product_brand","embeddable":true,"href":"https:\/\/methodephysiodermie.com\/fr\/wp-json\/wp\/v2\/product_brand?post=7197"},{"taxonomy":"product_cat","embeddable":true,"href":"https:\/\/methodephysiodermie.com\/fr\/wp-json\/wp\/v2\/product_cat?post=7197"},{"taxonomy":"product_tag","embeddable":true,"href":"https:\/\/methodephysiodermie.com\/fr\/wp-json\/wp\/v2\/product_tag?post=7197"},{"taxonomy":"giftcard-category","embeddable":true,"href":"https:\/\/methodephysiodermie.com\/fr\/wp-json\/wp\/v2\/giftcard-category?post=7197"}],"curies":[{"name":"wp","href":"https:\/\/api.w.org\/{rel}","templated":true}]}}