{"id":5702,"date":"2023-03-31T20:21:18","date_gmt":"2023-03-31T20:21:18","guid":{"rendered":"https:\/\/methodephysiodermie.com\/product\/complete-skin-care-kit\/"},"modified":"2023-04-05T04:59:10","modified_gmt":"2023-04-05T04:59:10","slug":"kit-complet-de-soins-de-la-peau","status":"publish","type":"product","link":"https:\/\/methodephysiodermie.com\/fr\/produit\/kit-complet-de-soins-de-la-peau\/","title":{"rendered":"Kit Complet de Soins de la Peau"},"content":{"rendered":"<p>\u00ab\u00a0Notre kit complet de soins de la peau est l&rsquo;ensemble ultime pour tous ceux qui souhaitent obtenir une peau saine, \u00e9clatante et sans imperfections. Ce kit comprend l&rsquo;Actinyl Duo #1 Balancing &#038; #2 Repairing Care et l&rsquo;Actinyl #4 Blemish Clear, qui fonctionnent ensemble pour vous offrir une routine compl\u00e8te de soins de la peau.<\/p>\n<p>Actinyl Duo #1 Balancing &#038; #2 Repairing Care est un syst\u00e8me de soins en deux \u00e9tapes qui aide \u00e0 \u00e9quilibrer et \u00e0 r\u00e9parer votre peau. Le soin \u00e9quilibrant contient des ingr\u00e9dients qui aident \u00e0 apaiser et \u00e0 prot\u00e9ger votre peau des agressions ext\u00e9rieures. Le soin r\u00e9parateur aide \u00e0 hydrater et \u00e0 nourrir votre peau en profondeur, la laissant douce et lisse.<\/p>\n<p>Le soin Actinyl #4 Blemish Clear est un traitement cibl\u00e9 qui aide \u00e0 \u00e9liminer les taches et les imperfections. Sa formule puissante contient de la lavande, de l&rsquo;arbre \u00e0 th\u00e9, du citron, de la citronnelle et du thym qui aident \u00e0 r\u00e9duire l&rsquo;apparence des imperfections sans effet agressif sur la peau, et ont un effet protecteur hydratant.<\/p>\n<p>En prime, \u00e0 l&rsquo;achat de notre kit de soins complet, vous recevrez \u00e9galement un lait de douche hydratant NB Evolution de 200 ml. Ce lait luxueux aide \u00e0 hydrater et \u00e0 nourrir votre peau pendant la douche. Sa formule unique contient des tensioactifs doux extraits de l&rsquo;avoine et dermo-compatibles &#8211; Agent hydratant, \u00e9mollient &#8211; Agent purifiant, qui aident \u00e0 nettoyer tout en respectant le microbiome, et laisse la peau douce et souple sans aucune sensation d&rsquo;inconfort.<\/p>\n<p>Notre kit complet de soins de la peau est l&rsquo;ensemble parfait pour tous ceux qui souhaitent obtenir une peau saine, \u00e9clatante et sans imperfections. Ces produits sont sp\u00e9cialement formul\u00e9s pour fonctionner ensemble et vous offrir une routine de soins compl\u00e8te qui nourrit, r\u00e9pare et prot\u00e8ge votre peau en profondeur. Alors, pourquoi attendre ? Procurez-vous d\u00e8s aujourd&rsquo;hui votre kit complet de soins de la peau et pr\u00e9parez-vous \u00e0 obtenir la peau saine et \u00e9clatante que vous m\u00e9ritez.\u00a0\u00bb<\/p>\n","protected":false},"excerpt":{"rendered":"<p>\u00ab\u00a0Dites adieu \u00e0 vos probl\u00e8mes de soins de la peau avec notre kit complet de soins de la peau. Cette trousse comprend le duo Actinyl #1 Balancing &#038; #2 Repairing Care, et Actinyl #4 Blemish Clear, qui s&rsquo;associent pour vous offrir une routine de soins compl\u00e8te. Ces produits sont sp\u00e9cialement formul\u00e9s pour aider \u00e0 \u00e9quilibrer et r\u00e9parer votre peau tout en traitant les imperfections. En prime, vous recevez gratuitement le Lait Hydratant Douche NB Evolution 200ml pour hydrater et nourrir votre peau. Pr\u00e9parez-vous \u00e0 obtenir une peau saine et \u00e9clatante gr\u00e2ce \u00e0 notre kit de soins complet.<\/p>\n","protected":false},"featured_media":5681,"comment_status":"open","ping_status":"closed","template":"","meta":[],"product_brand":[],"product_cat":[119,120],"product_tag":[],"giftcard-category":[],"class_list":{"0":"post-5702","1":"product","2":"type-product","3":"status-publish","4":"has-post-thumbnail","6":"product_cat-kits-coffrets","7":"product_cat-promotions-offres","9":"first","10":"instock","11":"sale","12":"featured","13":"taxable","14":"shipping-taxable","15":"purchasable","16":"product-type-simple"},"acf":[],"yoast_head":"<!-- This site is optimized with the Yoast SEO plugin v27.5 - https:\/\/yoast.com\/product\/yoast-seo-wordpress\/ -->\n<title>Kit Complet de Soins de la Peau | Methode Physiodermie\u00ae Skin Care<\/title>\n<meta name=\"robots\" content=\"index, follow, max-snippet:-1, max-image-preview:large, max-video-preview:-1\" \/>\n<link rel=\"canonical\" href=\"https:\/\/methodephysiodermie.com\/fr\/produit\/kit-complet-de-soins-de-la-peau\/\" \/>\n<meta property=\"og:locale\" content=\"fr_CA\" \/>\n<meta property=\"og:type\" content=\"article\" \/>\n<meta property=\"og:title\" content=\"Kit Complet de Soins de la Peau | Methode Physiodermie\u00ae Skin Care\" \/>\n<meta property=\"og:description\" content=\"&quot;Dites adieu \u00e0 vos probl\u00e8mes de soins de la peau avec notre kit complet de soins de la peau. Cette trousse comprend le duo Actinyl #1 Balancing &amp; #2 Repairing Care, et Actinyl #4 Blemish Clear, qui s&#039;associent pour vous offrir une routine de soins compl\u00e8te. Ces produits sont sp\u00e9cialement formul\u00e9s pour aider \u00e0 \u00e9quilibrer et r\u00e9parer votre peau tout en traitant les imperfections. En prime, vous recevez gratuitement le Lait Hydratant Douche NB Evolution 200ml pour hydrater et nourrir votre peau. Pr\u00e9parez-vous \u00e0 obtenir une peau saine et \u00e9clatante gr\u00e2ce \u00e0 notre kit de soins complet.\" \/>\n<meta property=\"og:url\" content=\"https:\/\/methodephysiodermie.com\/fr\/produit\/kit-complet-de-soins-de-la-peau\/\" \/>\n<meta property=\"og:site_name\" content=\"Methode Physiodermie\u00ae Skin Care\" \/>\n<meta property=\"article:publisher\" content=\"https:\/\/www.facebook.com\/PhysiodermieSkincare\" \/>\n<meta property=\"article:modified_time\" content=\"2023-04-05T04:59:10+00:00\" \/>\n<meta property=\"og:image\" content=\"https:\/\/methodephysiodermie.com\/wp-content\/uploads\/2023\/03\/option2_en.jpg\" \/>\n\t<meta property=\"og:image:width\" content=\"1080\" \/>\n\t<meta property=\"og:image:height\" content=\"1080\" \/>\n\t<meta property=\"og:image:type\" content=\"image\/jpeg\" \/>\n<meta name=\"twitter:card\" content=\"summary_large_image\" \/>\n<meta name=\"twitter:site\" content=\"@physio_skincare\" \/>\n<meta name=\"twitter:label1\" content=\"Estimation du temps de lecture\" \/>\n\t<meta name=\"twitter:data1\" content=\"2 minutes\" \/>\n<script type=\"application\/ld+json\" class=\"yoast-schema-graph\">{\"@context\":\"https:\\\/\\\/schema.org\",\"@graph\":[{\"@type\":\"WebPage\",\"@id\":\"https:\\\/\\\/methodephysiodermie.com\\\/fr\\\/produit\\\/kit-complet-de-soins-de-la-peau\\\/\",\"url\":\"https:\\\/\\\/methodephysiodermie.com\\\/fr\\\/produit\\\/kit-complet-de-soins-de-la-peau\\\/\",\"name\":\"Kit Complet de Soins de la Peau | Methode Physiodermie\u00ae Skin Care\",\"isPartOf\":{\"@id\":\"https:\\\/\\\/methodephysiodermie.com\\\/fr\\\/#website\"},\"primaryImageOfPage\":{\"@id\":\"https:\\\/\\\/methodephysiodermie.com\\\/fr\\\/produit\\\/kit-complet-de-soins-de-la-peau\\\/#primaryimage\"},\"image\":{\"@id\":\"https:\\\/\\\/methodephysiodermie.com\\\/fr\\\/produit\\\/kit-complet-de-soins-de-la-peau\\\/#primaryimage\"},\"thumbnailUrl\":\"https:\\\/\\\/methodephysiodermie.com\\\/wp-content\\\/uploads\\\/2023\\\/03\\\/option2_en.jpg\",\"datePublished\":\"2023-03-31T20:21:18+00:00\",\"dateModified\":\"2023-04-05T04:59:10+00:00\",\"breadcrumb\":{\"@id\":\"https:\\\/\\\/methodephysiodermie.com\\\/fr\\\/produit\\\/kit-complet-de-soins-de-la-peau\\\/#breadcrumb\"},\"inLanguage\":\"fr-CA\",\"potentialAction\":[{\"@type\":\"ReadAction\",\"target\":[\"https:\\\/\\\/methodephysiodermie.com\\\/fr\\\/produit\\\/kit-complet-de-soins-de-la-peau\\\/\"]}]},{\"@type\":\"ImageObject\",\"inLanguage\":\"fr-CA\",\"@id\":\"https:\\\/\\\/methodephysiodermie.com\\\/fr\\\/produit\\\/kit-complet-de-soins-de-la-peau\\\/#primaryimage\",\"url\":\"https:\\\/\\\/methodephysiodermie.com\\\/wp-content\\\/uploads\\\/2023\\\/03\\\/option2_en.jpg\",\"contentUrl\":\"https:\\\/\\\/methodephysiodermie.com\\\/wp-content\\\/uploads\\\/2023\\\/03\\\/option2_en.jpg\",\"width\":1080,\"height\":1080,\"caption\":\"Complete Skin Care Kit\"},{\"@type\":\"BreadcrumbList\",\"@id\":\"https:\\\/\\\/methodephysiodermie.com\\\/fr\\\/produit\\\/kit-complet-de-soins-de-la-peau\\\/#breadcrumb\",\"itemListElement\":[{\"@type\":\"ListItem\",\"position\":1,\"name\":\"Home\",\"item\":\"https:\\\/\\\/methodephysiodermie.com\\\/fr\\\/\"},{\"@type\":\"ListItem\",\"position\":2,\"name\":\"Boutique\",\"item\":\"https:\\\/\\\/methodephysiodermie.com\\\/fr\\\/boutique\\\/\"},{\"@type\":\"ListItem\",\"position\":3,\"name\":\"Kit Complet de Soins de la Peau\"}]},{\"@type\":\"WebSite\",\"@id\":\"https:\\\/\\\/methodephysiodermie.com\\\/fr\\\/#website\",\"url\":\"https:\\\/\\\/methodephysiodermie.com\\\/fr\\\/\",\"name\":\"Methode Physiodermie\u00ae Skin Care\",\"description\":\"A Methodology Of Beauty\",\"publisher\":{\"@id\":\"https:\\\/\\\/methodephysiodermie.com\\\/fr\\\/#organization\"},\"potentialAction\":[{\"@type\":\"SearchAction\",\"target\":{\"@type\":\"EntryPoint\",\"urlTemplate\":\"https:\\\/\\\/methodephysiodermie.com\\\/fr\\\/?s={search_term_string}\"},\"query-input\":{\"@type\":\"PropertyValueSpecification\",\"valueRequired\":true,\"valueName\":\"search_term_string\"}}],\"inLanguage\":\"fr-CA\"},{\"@type\":\"Organization\",\"@id\":\"https:\\\/\\\/methodephysiodermie.com\\\/fr\\\/#organization\",\"name\":\"Methode Physiodermie\",\"url\":\"https:\\\/\\\/methodephysiodermie.com\\\/fr\\\/\",\"logo\":{\"@type\":\"ImageObject\",\"inLanguage\":\"fr-CA\",\"@id\":\"https:\\\/\\\/methodephysiodermie.com\\\/fr\\\/#\\\/schema\\\/logo\\\/image\\\/\",\"url\":\"https:\\\/\\\/methodephysiodermie.com\\\/wp-content\\\/uploads\\\/2022\\\/05\\\/logo-header.png\",\"contentUrl\":\"https:\\\/\\\/methodephysiodermie.com\\\/wp-content\\\/uploads\\\/2022\\\/05\\\/logo-header.png\",\"width\":400,\"height\":84,\"caption\":\"Methode Physiodermie\"},\"image\":{\"@id\":\"https:\\\/\\\/methodephysiodermie.com\\\/fr\\\/#\\\/schema\\\/logo\\\/image\\\/\"},\"sameAs\":[\"https:\\\/\\\/www.facebook.com\\\/PhysiodermieSkincare\",\"https:\\\/\\\/x.com\\\/physio_skincare\",\"https:\\\/\\\/www.instagram.com\\\/methode_physiodermie\\\/\",\"https:\\\/\\\/www.youtube.com\\\/user\\\/derme8282\"]}]}<\/script>\n<!-- \/ Yoast SEO plugin. -->","yoast_head_json":{"title":"Kit Complet de Soins de la Peau | Methode Physiodermie\u00ae Skin Care","robots":{"index":"index","follow":"follow","max-snippet":"max-snippet:-1","max-image-preview":"max-image-preview:large","max-video-preview":"max-video-preview:-1"},"canonical":"https:\/\/methodephysiodermie.com\/fr\/produit\/kit-complet-de-soins-de-la-peau\/","og_locale":"fr_CA","og_type":"article","og_title":"Kit Complet de Soins de la Peau | Methode Physiodermie\u00ae Skin Care","og_description":"\"Dites adieu \u00e0 vos probl\u00e8mes de soins de la peau avec notre kit complet de soins de la peau. Cette trousse comprend le duo Actinyl #1 Balancing & #2 Repairing Care, et Actinyl #4 Blemish Clear, qui s'associent pour vous offrir une routine de soins compl\u00e8te. Ces produits sont sp\u00e9cialement formul\u00e9s pour aider \u00e0 \u00e9quilibrer et r\u00e9parer votre peau tout en traitant les imperfections. En prime, vous recevez gratuitement le Lait Hydratant Douche NB Evolution 200ml pour hydrater et nourrir votre peau. Pr\u00e9parez-vous \u00e0 obtenir une peau saine et \u00e9clatante gr\u00e2ce \u00e0 notre kit de soins complet.","og_url":"https:\/\/methodephysiodermie.com\/fr\/produit\/kit-complet-de-soins-de-la-peau\/","og_site_name":"Methode Physiodermie\u00ae Skin Care","article_publisher":"https:\/\/www.facebook.com\/PhysiodermieSkincare","article_modified_time":"2023-04-05T04:59:10+00:00","og_image":[{"width":1080,"height":1080,"url":"https:\/\/methodephysiodermie.com\/wp-content\/uploads\/2023\/03\/option2_en.jpg","type":"image\/jpeg"}],"twitter_card":"summary_large_image","twitter_site":"@physio_skincare","twitter_misc":{"Estimation du temps de lecture":"2 minutes"},"schema":{"@context":"https:\/\/schema.org","@graph":[{"@type":"WebPage","@id":"https:\/\/methodephysiodermie.com\/fr\/produit\/kit-complet-de-soins-de-la-peau\/","url":"https:\/\/methodephysiodermie.com\/fr\/produit\/kit-complet-de-soins-de-la-peau\/","name":"Kit Complet de Soins de la Peau | Methode Physiodermie\u00ae Skin Care","isPartOf":{"@id":"https:\/\/methodephysiodermie.com\/fr\/#website"},"primaryImageOfPage":{"@id":"https:\/\/methodephysiodermie.com\/fr\/produit\/kit-complet-de-soins-de-la-peau\/#primaryimage"},"image":{"@id":"https:\/\/methodephysiodermie.com\/fr\/produit\/kit-complet-de-soins-de-la-peau\/#primaryimage"},"thumbnailUrl":"https:\/\/methodephysiodermie.com\/wp-content\/uploads\/2023\/03\/option2_en.jpg","datePublished":"2023-03-31T20:21:18+00:00","dateModified":"2023-04-05T04:59:10+00:00","breadcrumb":{"@id":"https:\/\/methodephysiodermie.com\/fr\/produit\/kit-complet-de-soins-de-la-peau\/#breadcrumb"},"inLanguage":"fr-CA","potentialAction":[{"@type":"ReadAction","target":["https:\/\/methodephysiodermie.com\/fr\/produit\/kit-complet-de-soins-de-la-peau\/"]}]},{"@type":"ImageObject","inLanguage":"fr-CA","@id":"https:\/\/methodephysiodermie.com\/fr\/produit\/kit-complet-de-soins-de-la-peau\/#primaryimage","url":"https:\/\/methodephysiodermie.com\/wp-content\/uploads\/2023\/03\/option2_en.jpg","contentUrl":"https:\/\/methodephysiodermie.com\/wp-content\/uploads\/2023\/03\/option2_en.jpg","width":1080,"height":1080,"caption":"Complete Skin Care Kit"},{"@type":"BreadcrumbList","@id":"https:\/\/methodephysiodermie.com\/fr\/produit\/kit-complet-de-soins-de-la-peau\/#breadcrumb","itemListElement":[{"@type":"ListItem","position":1,"name":"Home","item":"https:\/\/methodephysiodermie.com\/fr\/"},{"@type":"ListItem","position":2,"name":"Boutique","item":"https:\/\/methodephysiodermie.com\/fr\/boutique\/"},{"@type":"ListItem","position":3,"name":"Kit Complet de Soins de la Peau"}]},{"@type":"WebSite","@id":"https:\/\/methodephysiodermie.com\/fr\/#website","url":"https:\/\/methodephysiodermie.com\/fr\/","name":"Methode Physiodermie\u00ae Skin Care","description":"A Methodology Of Beauty","publisher":{"@id":"https:\/\/methodephysiodermie.com\/fr\/#organization"},"potentialAction":[{"@type":"SearchAction","target":{"@type":"EntryPoint","urlTemplate":"https:\/\/methodephysiodermie.com\/fr\/?s={search_term_string}"},"query-input":{"@type":"PropertyValueSpecification","valueRequired":true,"valueName":"search_term_string"}}],"inLanguage":"fr-CA"},{"@type":"Organization","@id":"https:\/\/methodephysiodermie.com\/fr\/#organization","name":"Methode Physiodermie","url":"https:\/\/methodephysiodermie.com\/fr\/","logo":{"@type":"ImageObject","inLanguage":"fr-CA","@id":"https:\/\/methodephysiodermie.com\/fr\/#\/schema\/logo\/image\/","url":"https:\/\/methodephysiodermie.com\/wp-content\/uploads\/2022\/05\/logo-header.png","contentUrl":"https:\/\/methodephysiodermie.com\/wp-content\/uploads\/2022\/05\/logo-header.png","width":400,"height":84,"caption":"Methode Physiodermie"},"image":{"@id":"https:\/\/methodephysiodermie.com\/fr\/#\/schema\/logo\/image\/"},"sameAs":["https:\/\/www.facebook.com\/PhysiodermieSkincare","https:\/\/x.com\/physio_skincare","https:\/\/www.instagram.com\/methode_physiodermie\/","https:\/\/www.youtube.com\/user\/derme8282"]}]}},"_links":{"self":[{"href":"https:\/\/methodephysiodermie.com\/fr\/wp-json\/wp\/v2\/product\/5702","targetHints":{"allow":["GET"]}}],"collection":[{"href":"https:\/\/methodephysiodermie.com\/fr\/wp-json\/wp\/v2\/product"}],"about":[{"href":"https:\/\/methodephysiodermie.com\/fr\/wp-json\/wp\/v2\/types\/product"}],"replies":[{"embeddable":true,"href":"https:\/\/methodephysiodermie.com\/fr\/wp-json\/wp\/v2\/comments?post=5702"}],"wp:featuredmedia":[{"embeddable":true,"href":"https:\/\/methodephysiodermie.com\/fr\/wp-json\/wp\/v2\/media\/5681"}],"wp:attachment":[{"href":"https:\/\/methodephysiodermie.com\/fr\/wp-json\/wp\/v2\/media?parent=5702"}],"wp:term":[{"taxonomy":"product_brand","embeddable":true,"href":"https:\/\/methodephysiodermie.com\/fr\/wp-json\/wp\/v2\/product_brand?post=5702"},{"taxonomy":"product_cat","embeddable":true,"href":"https:\/\/methodephysiodermie.com\/fr\/wp-json\/wp\/v2\/product_cat?post=5702"},{"taxonomy":"product_tag","embeddable":true,"href":"https:\/\/methodephysiodermie.com\/fr\/wp-json\/wp\/v2\/product_tag?post=5702"},{"taxonomy":"giftcard-category","embeddable":true,"href":"https:\/\/methodephysiodermie.com\/fr\/wp-json\/wp\/v2\/giftcard-category?post=5702"}],"curies":[{"name":"wp","href":"https:\/\/api.w.org\/{rel}","templated":true}]}}