{"id":5700,"date":"2023-03-31T20:23:15","date_gmt":"2023-03-31T20:23:15","guid":{"rendered":"https:\/\/methodephysiodermie.com\/product\/organic-skin-soothing-kit\/"},"modified":"2025-04-12T14:49:01","modified_gmt":"2025-04-12T14:49:01","slug":"kit-dapaisement-de-la-peau-bio","status":"publish","type":"product","link":"https:\/\/methodephysiodermie.com\/fr\/produit\/kit-dapaisement-de-la-peau-bio\/","title":{"rendered":"Kit d&rsquo;Apaisement de la Peau Bio"},"content":{"rendered":"<p>\u00ab\u00a0Notre kit d&rsquo;apaisement de la peau biologique est l&rsquo;ensemble parfait pour tous ceux qui ont une peau sensible, s\u00e8che ou irrit\u00e9e. Ce kit comprend Redness Rescue Organic, Revit(A) Oil Organic et Lotion Pro-Microbiome Organic, qui agissent ensemble pour apaiser et hydrater votre peau.<\/p>\n<p>Redness Rescue Organic est un rem\u00e8de sp\u00e9cialis\u00e9 qui aide \u00e0 diminuer les rougeurs et l&rsquo;inflammation. Sa composition exceptionnelle comprend du mad\u00e9cassoside et du ginkgo biloba, r\u00e9put\u00e9s pour leurs qualit\u00e9s cicatrisantes et anti-\u00e2ge, ainsi que pour leur capacit\u00e9 \u00e0 soulager l&rsquo;inflammation et \u00e0 am\u00e9liorer la microcirculation sanguine. En outre, elle contribue \u00e0 r\u00e9duire les rougeurs, \u00e0 calmer l&rsquo;inflammation et \u00e0 am\u00e9liorer le teint g\u00e9n\u00e9ral de la peau.<\/p>\n<p>Revit(A) Oil Organic est une huile luxueuse qui aide \u00e0 nourrir et \u00e0 hydrater votre peau. Sa formule biologique contient un m\u00e9lange d&rsquo;huiles naturelles, d&rsquo;huile de graines de rose musqu\u00e9e et d&rsquo;huile de graines de chia, qui aident \u00e0 restaurer le film hydrolipidique de la peau et favorisent le renouvellement cellulaire, am\u00e9liorent l&rsquo;\u00e9lasticit\u00e9 de la peau et procurent un effet tenseur imm\u00e9diat, et lissent les rides et r\u00e9duisent visiblement les signes du vieillissement gr\u00e2ce \u00e0 l&rsquo;action du r\u00e9tinol.<\/p>\n<p>La Lotion Pro-Microbiome Organic est une lotion l\u00e9g\u00e8re qui aide \u00e0 soutenir le microbiome naturel de votre peau. Sa formule biologique contient des pr\u00e9biotiques et des probiotiques, qui aident \u00e0 \u00e9quilibrer et \u00e0 nourrir votre peau. Elle contient \u00e9galement de l&rsquo;alpha-glucane et de l&rsquo;acide lactique, qui aident \u00e0 r\u00e9tablir le pH de la peau et \u00e0 parfaire le nettoyage, \u00e0 restaurer le microbiome naturel et \u00e0 laisser la peau fra\u00eeche et bien hydrat\u00e9e.<\/p>\n<p>En prime, lorsque vous achetez notre kit d&rsquo;apaisement de la peau bio, vous recevez gratuitement une mousse nettoyante \u00e0 l&rsquo;alo\u00e8s bio de 175 ml. Cette mousse douce aide \u00e0 nettoyer votre peau sans la d\u00e9pouiller de ses huiles naturelles. Sa formule biologique contient de l&rsquo;aloe vera et de la camomille, qui aident \u00e0 apaiser et \u00e0 calmer la peau, la laissant douce, propre et rafra\u00eechie.<\/p>\n<p>Notre kit d&rsquo;apaisement de la peau biologique est l&rsquo;ensemble parfait pour tous ceux qui souhaitent apaiser et hydrater leur peau sensible, s\u00e8che ou irrit\u00e9e. Ces produits sont fabriqu\u00e9s \u00e0 partir d&rsquo;ingr\u00e9dients biologiques, vous pouvez donc \u00eatre s\u00fbr de n&rsquo;utiliser que ce qu&rsquo;il y a de mieux pour votre peau. Alors, pourquoi attendre ? Procurez-vous d\u00e8s aujourd&rsquo;hui votre kit d&rsquo;apaisement de la peau biologique et pr\u00e9parez-vous \u00e0 obtenir la peau saine et \u00e9clatante que vous m\u00e9ritez.\u00a0\u00bb<\/p>\n","protected":false},"excerpt":{"rendered":"<p>Prenez soin de votre peau sensible avec notre Kit apaisant pour la peau bio. Cet ensemble comprend Redness Rescue Organic, Revit(A) Oil Organic, et Lotion Pro-Microbiome Organic, qui sont sp\u00e9cialement formul\u00e9s pour apaiser et hydrater votre peau. Ces produits sont fabriqu\u00e9s \u00e0 partir d&rsquo;ingr\u00e9dients biologiques, vous pouvez donc \u00eatre s\u00fbr de n&rsquo;utiliser que ce qu&rsquo;il y a de mieux pour votre peau. En prime, vous recevez gratuitement une mousse nettoyante \u00e0 l&rsquo;alo\u00e8s bio de 175 ml, qui aide \u00e0 nettoyer votre peau en douceur sans la priver de ses huiles naturelles. Dites adieu aux rougeurs et aux irritations et bonjour \u00e0 une peau saine et \u00e9clatante gr\u00e2ce \u00e0 notre kit d&rsquo;apaisement de la peau bio.<\/p>\n","protected":false},"featured_media":5688,"comment_status":"open","ping_status":"closed","template":"","meta":[],"product_brand":[],"product_cat":[119,120],"product_tag":[],"giftcard-category":[],"class_list":{"0":"post-5700","1":"product","2":"type-product","3":"status-publish","4":"has-post-thumbnail","6":"product_cat-kits-coffrets","7":"product_cat-promotions-offres","9":"first","10":"instock","11":"sale","12":"featured","13":"taxable","14":"shipping-taxable","15":"purchasable","16":"product-type-simple"},"acf":[],"yoast_head":"<!-- This site is optimized with the Yoast SEO plugin v27.5 - https:\/\/yoast.com\/product\/yoast-seo-wordpress\/ -->\n<title>Kit d&#039;Apaisement de la Peau Bio | Methode Physiodermie\u00ae Skin Care<\/title>\n<meta name=\"robots\" content=\"index, follow, max-snippet:-1, max-image-preview:large, max-video-preview:-1\" \/>\n<link rel=\"canonical\" href=\"https:\/\/methodephysiodermie.com\/fr\/produit\/kit-dapaisement-de-la-peau-bio\/\" \/>\n<meta property=\"og:locale\" content=\"fr_CA\" \/>\n<meta property=\"og:type\" content=\"article\" \/>\n<meta property=\"og:title\" content=\"Kit d&#039;Apaisement de la Peau Bio | Methode Physiodermie\u00ae Skin Care\" \/>\n<meta property=\"og:description\" content=\"Prenez soin de votre peau sensible avec notre Kit apaisant pour la peau bio. Cet ensemble comprend Redness Rescue Organic, Revit(A) Oil Organic, et Lotion Pro-Microbiome Organic, qui sont sp\u00e9cialement formul\u00e9s pour apaiser et hydrater votre peau. Ces produits sont fabriqu\u00e9s \u00e0 partir d&#039;ingr\u00e9dients biologiques, vous pouvez donc \u00eatre s\u00fbr de n&#039;utiliser que ce qu&#039;il y a de mieux pour votre peau. En prime, vous recevez gratuitement une mousse nettoyante \u00e0 l&#039;alo\u00e8s bio de 175 ml, qui aide \u00e0 nettoyer votre peau en douceur sans la priver de ses huiles naturelles. Dites adieu aux rougeurs et aux irritations et bonjour \u00e0 une peau saine et \u00e9clatante gr\u00e2ce \u00e0 notre kit d&#039;apaisement de la peau bio.\" \/>\n<meta property=\"og:url\" content=\"https:\/\/methodephysiodermie.com\/fr\/produit\/kit-dapaisement-de-la-peau-bio\/\" \/>\n<meta property=\"og:site_name\" content=\"Methode Physiodermie\u00ae Skin Care\" \/>\n<meta property=\"article:publisher\" content=\"https:\/\/www.facebook.com\/PhysiodermieSkincare\" \/>\n<meta property=\"article:modified_time\" content=\"2025-04-12T14:49:01+00:00\" \/>\n<meta property=\"og:image\" content=\"https:\/\/methodephysiodermie.com\/wp-content\/uploads\/2023\/03\/option3_fr.jpg\" \/>\n\t<meta property=\"og:image:width\" content=\"1080\" \/>\n\t<meta property=\"og:image:height\" content=\"1080\" \/>\n\t<meta property=\"og:image:type\" content=\"image\/jpeg\" \/>\n<meta name=\"twitter:card\" content=\"summary_large_image\" \/>\n<meta name=\"twitter:site\" content=\"@physio_skincare\" \/>\n<meta name=\"twitter:label1\" content=\"Estimation du temps de lecture\" \/>\n\t<meta name=\"twitter:data1\" content=\"2 minutes\" \/>\n<script type=\"application\/ld+json\" class=\"yoast-schema-graph\">{\"@context\":\"https:\\\/\\\/schema.org\",\"@graph\":[{\"@type\":\"WebPage\",\"@id\":\"https:\\\/\\\/methodephysiodermie.com\\\/fr\\\/produit\\\/kit-dapaisement-de-la-peau-bio\\\/\",\"url\":\"https:\\\/\\\/methodephysiodermie.com\\\/fr\\\/produit\\\/kit-dapaisement-de-la-peau-bio\\\/\",\"name\":\"Kit d'Apaisement de la Peau Bio | Methode Physiodermie\u00ae Skin Care\",\"isPartOf\":{\"@id\":\"https:\\\/\\\/methodephysiodermie.com\\\/fr\\\/#website\"},\"primaryImageOfPage\":{\"@id\":\"https:\\\/\\\/methodephysiodermie.com\\\/fr\\\/produit\\\/kit-dapaisement-de-la-peau-bio\\\/#primaryimage\"},\"image\":{\"@id\":\"https:\\\/\\\/methodephysiodermie.com\\\/fr\\\/produit\\\/kit-dapaisement-de-la-peau-bio\\\/#primaryimage\"},\"thumbnailUrl\":\"https:\\\/\\\/methodephysiodermie.com\\\/wp-content\\\/uploads\\\/2023\\\/03\\\/option3_fr.jpg\",\"datePublished\":\"2023-03-31T20:23:15+00:00\",\"dateModified\":\"2025-04-12T14:49:01+00:00\",\"breadcrumb\":{\"@id\":\"https:\\\/\\\/methodephysiodermie.com\\\/fr\\\/produit\\\/kit-dapaisement-de-la-peau-bio\\\/#breadcrumb\"},\"inLanguage\":\"fr-CA\",\"potentialAction\":[{\"@type\":\"ReadAction\",\"target\":[\"https:\\\/\\\/methodephysiodermie.com\\\/fr\\\/produit\\\/kit-dapaisement-de-la-peau-bio\\\/\"]}]},{\"@type\":\"ImageObject\",\"inLanguage\":\"fr-CA\",\"@id\":\"https:\\\/\\\/methodephysiodermie.com\\\/fr\\\/produit\\\/kit-dapaisement-de-la-peau-bio\\\/#primaryimage\",\"url\":\"https:\\\/\\\/methodephysiodermie.com\\\/wp-content\\\/uploads\\\/2023\\\/03\\\/option3_fr.jpg\",\"contentUrl\":\"https:\\\/\\\/methodephysiodermie.com\\\/wp-content\\\/uploads\\\/2023\\\/03\\\/option3_fr.jpg\",\"width\":1080,\"height\":1080},{\"@type\":\"BreadcrumbList\",\"@id\":\"https:\\\/\\\/methodephysiodermie.com\\\/fr\\\/produit\\\/kit-dapaisement-de-la-peau-bio\\\/#breadcrumb\",\"itemListElement\":[{\"@type\":\"ListItem\",\"position\":1,\"name\":\"Home\",\"item\":\"https:\\\/\\\/methodephysiodermie.com\\\/fr\\\/\"},{\"@type\":\"ListItem\",\"position\":2,\"name\":\"Boutique\",\"item\":\"https:\\\/\\\/methodephysiodermie.com\\\/fr\\\/boutique\\\/\"},{\"@type\":\"ListItem\",\"position\":3,\"name\":\"Kit d&#8217;Apaisement de la Peau Bio\"}]},{\"@type\":\"WebSite\",\"@id\":\"https:\\\/\\\/methodephysiodermie.com\\\/fr\\\/#website\",\"url\":\"https:\\\/\\\/methodephysiodermie.com\\\/fr\\\/\",\"name\":\"Methode Physiodermie\u00ae Skin Care\",\"description\":\"A Methodology Of Beauty\",\"publisher\":{\"@id\":\"https:\\\/\\\/methodephysiodermie.com\\\/fr\\\/#organization\"},\"potentialAction\":[{\"@type\":\"SearchAction\",\"target\":{\"@type\":\"EntryPoint\",\"urlTemplate\":\"https:\\\/\\\/methodephysiodermie.com\\\/fr\\\/?s={search_term_string}\"},\"query-input\":{\"@type\":\"PropertyValueSpecification\",\"valueRequired\":true,\"valueName\":\"search_term_string\"}}],\"inLanguage\":\"fr-CA\"},{\"@type\":\"Organization\",\"@id\":\"https:\\\/\\\/methodephysiodermie.com\\\/fr\\\/#organization\",\"name\":\"Methode Physiodermie\",\"url\":\"https:\\\/\\\/methodephysiodermie.com\\\/fr\\\/\",\"logo\":{\"@type\":\"ImageObject\",\"inLanguage\":\"fr-CA\",\"@id\":\"https:\\\/\\\/methodephysiodermie.com\\\/fr\\\/#\\\/schema\\\/logo\\\/image\\\/\",\"url\":\"https:\\\/\\\/methodephysiodermie.com\\\/wp-content\\\/uploads\\\/2022\\\/05\\\/logo-header.png\",\"contentUrl\":\"https:\\\/\\\/methodephysiodermie.com\\\/wp-content\\\/uploads\\\/2022\\\/05\\\/logo-header.png\",\"width\":400,\"height\":84,\"caption\":\"Methode Physiodermie\"},\"image\":{\"@id\":\"https:\\\/\\\/methodephysiodermie.com\\\/fr\\\/#\\\/schema\\\/logo\\\/image\\\/\"},\"sameAs\":[\"https:\\\/\\\/www.facebook.com\\\/PhysiodermieSkincare\",\"https:\\\/\\\/x.com\\\/physio_skincare\",\"https:\\\/\\\/www.instagram.com\\\/methode_physiodermie\\\/\",\"https:\\\/\\\/www.youtube.com\\\/user\\\/derme8282\"]}]}<\/script>\n<!-- \/ Yoast SEO plugin. -->","yoast_head_json":{"title":"Kit d'Apaisement de la Peau Bio | Methode Physiodermie\u00ae Skin Care","robots":{"index":"index","follow":"follow","max-snippet":"max-snippet:-1","max-image-preview":"max-image-preview:large","max-video-preview":"max-video-preview:-1"},"canonical":"https:\/\/methodephysiodermie.com\/fr\/produit\/kit-dapaisement-de-la-peau-bio\/","og_locale":"fr_CA","og_type":"article","og_title":"Kit d'Apaisement de la Peau Bio | Methode Physiodermie\u00ae Skin Care","og_description":"Prenez soin de votre peau sensible avec notre Kit apaisant pour la peau bio. Cet ensemble comprend Redness Rescue Organic, Revit(A) Oil Organic, et Lotion Pro-Microbiome Organic, qui sont sp\u00e9cialement formul\u00e9s pour apaiser et hydrater votre peau. Ces produits sont fabriqu\u00e9s \u00e0 partir d'ingr\u00e9dients biologiques, vous pouvez donc \u00eatre s\u00fbr de n'utiliser que ce qu'il y a de mieux pour votre peau. En prime, vous recevez gratuitement une mousse nettoyante \u00e0 l'alo\u00e8s bio de 175 ml, qui aide \u00e0 nettoyer votre peau en douceur sans la priver de ses huiles naturelles. Dites adieu aux rougeurs et aux irritations et bonjour \u00e0 une peau saine et \u00e9clatante gr\u00e2ce \u00e0 notre kit d'apaisement de la peau bio.","og_url":"https:\/\/methodephysiodermie.com\/fr\/produit\/kit-dapaisement-de-la-peau-bio\/","og_site_name":"Methode Physiodermie\u00ae Skin Care","article_publisher":"https:\/\/www.facebook.com\/PhysiodermieSkincare","article_modified_time":"2025-04-12T14:49:01+00:00","og_image":[{"width":1080,"height":1080,"url":"https:\/\/methodephysiodermie.com\/wp-content\/uploads\/2023\/03\/option3_fr.jpg","type":"image\/jpeg"}],"twitter_card":"summary_large_image","twitter_site":"@physio_skincare","twitter_misc":{"Estimation du temps de lecture":"2 minutes"},"schema":{"@context":"https:\/\/schema.org","@graph":[{"@type":"WebPage","@id":"https:\/\/methodephysiodermie.com\/fr\/produit\/kit-dapaisement-de-la-peau-bio\/","url":"https:\/\/methodephysiodermie.com\/fr\/produit\/kit-dapaisement-de-la-peau-bio\/","name":"Kit d'Apaisement de la Peau Bio | Methode Physiodermie\u00ae Skin Care","isPartOf":{"@id":"https:\/\/methodephysiodermie.com\/fr\/#website"},"primaryImageOfPage":{"@id":"https:\/\/methodephysiodermie.com\/fr\/produit\/kit-dapaisement-de-la-peau-bio\/#primaryimage"},"image":{"@id":"https:\/\/methodephysiodermie.com\/fr\/produit\/kit-dapaisement-de-la-peau-bio\/#primaryimage"},"thumbnailUrl":"https:\/\/methodephysiodermie.com\/wp-content\/uploads\/2023\/03\/option3_fr.jpg","datePublished":"2023-03-31T20:23:15+00:00","dateModified":"2025-04-12T14:49:01+00:00","breadcrumb":{"@id":"https:\/\/methodephysiodermie.com\/fr\/produit\/kit-dapaisement-de-la-peau-bio\/#breadcrumb"},"inLanguage":"fr-CA","potentialAction":[{"@type":"ReadAction","target":["https:\/\/methodephysiodermie.com\/fr\/produit\/kit-dapaisement-de-la-peau-bio\/"]}]},{"@type":"ImageObject","inLanguage":"fr-CA","@id":"https:\/\/methodephysiodermie.com\/fr\/produit\/kit-dapaisement-de-la-peau-bio\/#primaryimage","url":"https:\/\/methodephysiodermie.com\/wp-content\/uploads\/2023\/03\/option3_fr.jpg","contentUrl":"https:\/\/methodephysiodermie.com\/wp-content\/uploads\/2023\/03\/option3_fr.jpg","width":1080,"height":1080},{"@type":"BreadcrumbList","@id":"https:\/\/methodephysiodermie.com\/fr\/produit\/kit-dapaisement-de-la-peau-bio\/#breadcrumb","itemListElement":[{"@type":"ListItem","position":1,"name":"Home","item":"https:\/\/methodephysiodermie.com\/fr\/"},{"@type":"ListItem","position":2,"name":"Boutique","item":"https:\/\/methodephysiodermie.com\/fr\/boutique\/"},{"@type":"ListItem","position":3,"name":"Kit d&#8217;Apaisement de la Peau Bio"}]},{"@type":"WebSite","@id":"https:\/\/methodephysiodermie.com\/fr\/#website","url":"https:\/\/methodephysiodermie.com\/fr\/","name":"Methode Physiodermie\u00ae Skin Care","description":"A Methodology Of Beauty","publisher":{"@id":"https:\/\/methodephysiodermie.com\/fr\/#organization"},"potentialAction":[{"@type":"SearchAction","target":{"@type":"EntryPoint","urlTemplate":"https:\/\/methodephysiodermie.com\/fr\/?s={search_term_string}"},"query-input":{"@type":"PropertyValueSpecification","valueRequired":true,"valueName":"search_term_string"}}],"inLanguage":"fr-CA"},{"@type":"Organization","@id":"https:\/\/methodephysiodermie.com\/fr\/#organization","name":"Methode Physiodermie","url":"https:\/\/methodephysiodermie.com\/fr\/","logo":{"@type":"ImageObject","inLanguage":"fr-CA","@id":"https:\/\/methodephysiodermie.com\/fr\/#\/schema\/logo\/image\/","url":"https:\/\/methodephysiodermie.com\/wp-content\/uploads\/2022\/05\/logo-header.png","contentUrl":"https:\/\/methodephysiodermie.com\/wp-content\/uploads\/2022\/05\/logo-header.png","width":400,"height":84,"caption":"Methode Physiodermie"},"image":{"@id":"https:\/\/methodephysiodermie.com\/fr\/#\/schema\/logo\/image\/"},"sameAs":["https:\/\/www.facebook.com\/PhysiodermieSkincare","https:\/\/x.com\/physio_skincare","https:\/\/www.instagram.com\/methode_physiodermie\/","https:\/\/www.youtube.com\/user\/derme8282"]}]}},"_links":{"self":[{"href":"https:\/\/methodephysiodermie.com\/fr\/wp-json\/wp\/v2\/product\/5700","targetHints":{"allow":["GET"]}}],"collection":[{"href":"https:\/\/methodephysiodermie.com\/fr\/wp-json\/wp\/v2\/product"}],"about":[{"href":"https:\/\/methodephysiodermie.com\/fr\/wp-json\/wp\/v2\/types\/product"}],"replies":[{"embeddable":true,"href":"https:\/\/methodephysiodermie.com\/fr\/wp-json\/wp\/v2\/comments?post=5700"}],"wp:featuredmedia":[{"embeddable":true,"href":"https:\/\/methodephysiodermie.com\/fr\/wp-json\/wp\/v2\/media\/5688"}],"wp:attachment":[{"href":"https:\/\/methodephysiodermie.com\/fr\/wp-json\/wp\/v2\/media?parent=5700"}],"wp:term":[{"taxonomy":"product_brand","embeddable":true,"href":"https:\/\/methodephysiodermie.com\/fr\/wp-json\/wp\/v2\/product_brand?post=5700"},{"taxonomy":"product_cat","embeddable":true,"href":"https:\/\/methodephysiodermie.com\/fr\/wp-json\/wp\/v2\/product_cat?post=5700"},{"taxonomy":"product_tag","embeddable":true,"href":"https:\/\/methodephysiodermie.com\/fr\/wp-json\/wp\/v2\/product_tag?post=5700"},{"taxonomy":"giftcard-category","embeddable":true,"href":"https:\/\/methodephysiodermie.com\/fr\/wp-json\/wp\/v2\/giftcard-category?post=5700"}],"curies":[{"name":"wp","href":"https:\/\/api.w.org\/{rel}","templated":true}]}}