{"id":874,"date":"2022-05-05T19:23:58","date_gmt":"2022-05-05T19:23:58","guid":{"rendered":"https:\/\/physiosk.wpengine.com\/about\/"},"modified":"2022-05-26T15:06:09","modified_gmt":"2022-05-26T15:06:09","slug":"a-propos","status":"publish","type":"page","link":"https:\/\/methodephysiodermie.com\/fr\/a-propos\/","title":{"rendered":"\u00c0 Propos"},"content":{"rendered":"<div class=\"row row-collapse row-full-width\"  id=\"row-679238902\">\n\n\t<div id=\"col-1807503374\" class=\"col small-12 large-12\"  >\n\t\t\t\t<div class=\"col-inner\"  >\n\t\t\t\n\t\t\t\n\n\t<section class=\"section\" id=\"section_1352069140\">\n\t\t<div class=\"section-bg fill\" >\n\t\t\t<img loading=\"lazy\" decoding=\"async\" width=\"1500\" height=\"1000\" src=\"https:\/\/methodephysiodermie.com\/wp-content\/uploads\/2022\/05\/about.jpg\" class=\"bg attachment-original size-original\" alt=\"Methode Physiodermie\" \/>\t\t\t\t\t\t\n\t\t\t\n\n\t\t<\/div>\n\n\t\t\n\n\t\t<div class=\"section-content relative\">\n\t\t\t\n<div class=\"row row-collapse align-center\" style=\"max-width:\" id=\"row-1215636564\">\n\n\t<div id=\"col-1865088339\" class=\"col small-12 large-12\"  >\n\t\t\t\t<div class=\"col-inner text-center dark\"  >\n\t\t\t\n\t\t\t\n\t<div id=\"text-4141959268\" class=\"text\">\n\t\t\n<p class=\"lead\"><span style=\"font-size: 120%;\">SOINS DE LA PEAU PERFORMANTS<br \/>\n<\/span><\/p>\n<h1><span style=\"font-size: 250%;\">PHYSIODERMIE<\/span><\/h1>\n<p class=\"lead\"><span style=\"font-size: 120%;\">plus de 48 ans de recherche<\/span><\/p>\n\t\t\n<style>\n#text-4141959268 {\n  font-size: 0.75rem;\n  color: rgb(0,0,0);\n}\n#text-4141959268 > * {\n  color: rgb(0,0,0);\n}\n<\/style>\n\t<\/div>\n\t\n\t\t<\/div>\n\t\t\t\t\n<style>\n#col-1865088339 > .col-inner {\n  padding: 100px 20px 200px 0px;\n}\n@media (min-width:550px) {\n  #col-1865088339 > .col-inner {\n    padding: 100px 0px 200px 0px;\n  }\n}\n<\/style>\n\t<\/div>\n\n\t\n<\/div>\n\t\t<\/div>\n\n\t\t\n<style>\n#section_1352069140 {\n  padding-top: 0px;\n  padding-bottom: 0px;\n  min-height: 0px;\n}\n#section_1352069140 .section-bg-overlay {\n  background-color: rgba(0, 0, 0, 0.12);\n}\n#section_1352069140 .section-bg img {\n  object-position: 54% 41%;\n}\n@media (min-width:550px) {\n  #section_1352069140 {\n    padding-top: 0px;\n    padding-bottom: 0px;\n  }\n  #section_1352069140 .section-bg-overlay {\n    background-color: rgba(0, 0, 0, 0.21);\n  }\n}\n@media (min-width:850px) {\n  #section_1352069140 {\n    padding-top: 100px;\n    padding-bottom: 100px;\n  }\n}\n<\/style>\n\t<\/section>\n\t\n\t\t<\/div>\n\t\t\t\t\t<\/div>\n\n\t\n<\/div>\n\n\t<section class=\"section\" id=\"section_739841141\">\n\t\t<div class=\"section-bg fill\" >\n\t\t\t\t\t\t\t\t\t\n\t\t\t\n\n\t\t<\/div>\n\n\t\t\n\n\t\t<div class=\"section-content relative\">\n\t\t\t\n<div class=\"row\"  id=\"row-1604040629\">\n\n\t<div id=\"col-812884331\" class=\"col small-12 large-12\"  >\n\t\t\t\t<div class=\"col-inner\" style=\"background-color:rgb(255,255,255);\" >\n\t\t\t\n\t\t\t\n<div class=\"text-center\"><div class=\"is-divider divider clearfix\" style=\"margin-top:10px;margin-bottom:10px;background-color:rgba(0, 0, 0, 0.16);\"><\/div><\/div>\n<div class=\"row align-center\"  id=\"row-1745666998\">\n\n\t<div id=\"col-625621063\" class=\"col medium-9 small-10 large-8\"  >\n\t\t\t\t<div class=\"col-inner text-center\"  >\n\t\t\t\n\t\t\t\n<h2>L\u2019expert Suisse en Cosm\u00e9tologie Avanc\u00e9e<\/h2>\n<p>Cr\u00e9\u00e9e en 1974, la M\u00e9thode Physiodermie\u00ae est une m\u00e9thode de beaut\u00e9 bas\u00e9e scientifiquement, combinaison id\u00e9ale d\u2019ingr\u00e9dients de tr\u00e8s haute qualit\u00e9 et de <strong>Technologies Suisses de Pointe<\/strong>. D\u00e9di\u00e9e aux soins de la peau, M\u00e9thode Physiodermie adopte un objectif et une philosophie: \u00abAtteindre un \u00e9quilibre au niveau de l\u2019aspect de la peau et de la morphologie pour chaque individu\u00bb.<\/p>\n<p>Nos soins de la peau sont scientifiquement formul\u00e9s pour am\u00e9liorer visiblement la qualit\u00e9 de la peau et obtenir des r\u00e9sultats visibles gr\u00e2ce \u00e0 des ingr\u00e9dients naturellement puissants et reconnus pour leur efficacit\u00e9, et \u00e0 notre technologie unique de Micro-Encapsulation Multi-Active (MEIMA).<\/p>\n\t\t<\/div>\n\t\t\t\t\n<style>\n#col-625621063 > .col-inner {\n  margin: 20px 0px 20px 0px;\n}\n<\/style>\n\t<\/div>\n\n\t\n<\/div>\n<div class=\"row align-center\"  id=\"row-1482080341\">\n\n\t<div id=\"col-1328930482\" class=\"col medium-11 small-12 large-10\"  >\n\t\t\t\t<div class=\"col-inner\"  >\n\t\t\t\n\t\t\t\n\n  <div class=\"banner has-hover has-parallax\" id=\"banner-1420887348\">\n          <div class=\"banner-inner fill\">\n        <div class=\"banner-bg fill\" data-parallax=\"-6\" data-parallax-container=\".banner\" data-parallax-background>\n            <img loading=\"lazy\" decoding=\"async\" width=\"786\" height=\"497\" src=\"https:\/\/methodephysiodermie.com\/wp-content\/uploads\/2022\/05\/cosmeceutical.jpg\" class=\"bg attachment-original size-original\" alt=\"Swiss Cosmeceuticals For Skin Health\" \/>                                    \n                    <\/div>\n\t\t\n        <div class=\"banner-layers container\">\n            <div class=\"fill banner-link\"><\/div>            \n        <\/div>\n      <\/div>\n\n            \n<style>\n#banner-1420887348 {\n  padding-top: 300px;\n}\n#banner-1420887348 .banner-bg img {\n  object-position: 0% 56%;\n}\n@media (min-width:850px) {\n  #banner-1420887348 {\n    padding-top: 500px;\n  }\n}\n<\/style>\n  <\/div>\n\n\n\t\t<\/div>\n\t\t\t\t\n<style>\n#col-1328930482 > .col-inner {\n  margin: 0px 0px -160px 0px;\n}\n<\/style>\n\t<\/div>\n\n\t\n<\/div>\n\t\t<\/div>\n\t\t\t\t\n<style>\n#col-812884331 > .col-inner {\n  padding: 50px 0px 0px 0px;\n  margin: -70px 0px 0px 0px;\n}\n<\/style>\n\t<\/div>\n\n\t\n<\/div>\n\t\t<\/div>\n\n\t\t\n<style>\n#section_739841141 {\n  padding-top: 30px;\n  padding-bottom: 30px;\n}\n<\/style>\n\t<\/section>\n\t\n\n\t<section class=\"section\" id=\"section_1071330601\">\n\t\t<div class=\"section-bg fill\" >\n\t\t\t\t\t\t\t\t\t\n\t\t\t\n\n\t\t<\/div>\n\n\t\t\n\n\t\t<div class=\"section-content relative\">\n\t\t\t\n<div class=\"row align-center\"  id=\"row-842989295\">\n\n\t<div id=\"col-62157113\" class=\"col medium-11 small-12 large-10\"  >\n\t\t\t\t<div class=\"col-inner\"  >\n\t\t\t\n\t\t\t\n<h2>Chaque individu est unique<\/h2>\n<p>Un syst\u00e8me de soins de la peau \u00e9labor\u00e9 et innovant bas\u00e9 sur un concept de produits d\u2019avant-garde.<\/p>\n<p>Il est \u00e9tabli que chaque personne poss\u00e8de une morphologie corporelle (forme) diff\u00e9rente, la pr\u00e9disposant \u00e0 certaines caract\u00e9ristiques physiques, \u00e9motionnelles et esth\u00e9tiques. Les diff\u00e9rentes formes et structures du corps telles que la forme du visage, des \u00e9paules, de la poitrine, du bassin et des jambes constituent une combinaison qui d\u00e9termine les aspects physiques et les tendances morphologiques individuelles. Selon chaque tendance morphologique, une combinaison sp\u00e9cifique de produits M\u00e9thode Physiodermie\u00ae sera utilis\u00e9e afin de r\u00e9pondre \u00e0 tous vos besoins, pour une beaut\u00e9 naturelle et durable.<\/p>\n\t\t<\/div>\n\t\t\t\t\t<\/div>\n\n\t\n\n<style>\n#row-842989295 > .col > .col-inner {\n  padding: 50px 0px 20px 0px;\n}\n@media (min-width:550px) {\n  #row-842989295 > .col > .col-inner {\n    padding: 100px 0px 50px 0px;\n  }\n}\n<\/style>\n<\/div>\n<div class=\"row align-center\"  id=\"row-145013755\">\n\n\t<div id=\"col-2057194317\" class=\"col medium-11 small-12 large-10\"  >\n\t\t\t\t<div class=\"col-inner\"  >\n\t\t\t\n\t\t\t\n<div class=\"row row-large align-middle\"  id=\"row-496818969\">\n\n\t<div id=\"col-25693682\" class=\"col medium-4 small-12 large-6\"  >\n\t\t\t\t<div class=\"col-inner\"  >\n\t\t\t\n\t\t\t\n\n  <div class=\"banner has-hover\" id=\"banner-352139336\">\n          <div class=\"banner-inner fill\">\n        <div class=\"banner-bg fill\" >\n            <img loading=\"lazy\" decoding=\"async\" width=\"600\" height=\"800\" src=\"https:\/\/methodephysiodermie.com\/wp-content\/uploads\/2022\/05\/the-science.jpg\" class=\"bg attachment-original size-original\" alt=\"The Science \u2013 MEIMA Technology\" \/>                                    \n                    <\/div>\n\t\t\n        <div class=\"banner-layers container\">\n            <div class=\"fill banner-link\"><\/div>            \n        <\/div>\n      <\/div>\n\n            \n<style>\n#banner-352139336 {\n  padding-top: 300px;\n}\n#banner-352139336 .banner-bg img {\n  object-position: 3% 50%;\n}\n@media (min-width:550px) {\n  #banner-352139336 {\n    padding-top: 99.99%;\n  }\n}\n<\/style>\n  <\/div>\n\n\n\t\t<\/div>\n\t\t\t\t\t<\/div>\n\n\t\n\n\t<div id=\"col-1410922799\" class=\"col medium-8 small-12 large-6\"  >\n\t\t\t\t<div class=\"col-inner\"  >\n\t\t\t\n\t\t\t\n<h2>La Science &#8211; Technologie MEIMA<\/h2>\n<p>Micro-Encapsulation Multi-Active.<\/p>\n<p>Cette technologie exclusive pour la diffusion d\u2019ingr\u00e9dients sp\u00e9cifiques, d\u2019extraits de plantes de haute qualit\u00e9 et d\u2019huiles essentielles concentr\u00e9es permet d\u2019obtenir des r\u00e9sultats optimaux.<\/p>\n<p>Gr\u00e2ce \u00e0 cette technique r\u00e9volutionnaire, les ingr\u00e9dients peuvent \u00eatre diffus\u00e9s sur diff\u00e9rentes strates \u00e9pidermiques et lib\u00e9r\u00e9s l\u00e0 o\u00f9 la peau en a le plus besoin.<\/p>\n\t\t<\/div>\n\t\t\t\t\t<\/div>\n\n\t\n<\/div>\n<div class=\"row row-large align-middle\"  id=\"row-693357841\">\n\n\t<div id=\"col-1707044477\" class=\"col medium-8 small-12 large-6\"  >\n\t\t\t\t<div class=\"col-inner\"  >\n\t\t\t\n\t\t\t\n<h3>Le R\u00e9sultat Au Coeur de Notre D\u00e9marche.<\/h3>\n<p>Une peau parfaitement saine en s\u2019attaquant aux causes, et non aux cons\u00e9quences, de chaque alt\u00e9ration cutan\u00e9e : voil\u00e0 pourquoi Physiodermie est la marque choisie par plus de 1000 dermo-th\u00e9rapeutes dans 15 pays.<\/p>\n<p>Les formules sont d\u00e9velopp\u00e9es, fabriqu\u00e9es et test\u00e9es conform\u00e9ment aux normes strictes de l\u2019industrie cosm\u00e9tique Suisse, afin de garantir l\u2019excellence en termes de qualit\u00e9 et de rigueur de fabrication.<\/p>\n\t\t<\/div>\n\t\t\t\t\t<\/div>\n\n\t\n\n\t<div id=\"col-1082665527\" class=\"col medium-4 small-12 large-6 medium-col-first\"  >\n\t\t\t\t<div class=\"col-inner\"  >\n\t\t\t\n\t\t\t\n\n  <div class=\"banner has-hover\" id=\"banner-1208528288\">\n          <div class=\"banner-inner fill\">\n        <div class=\"banner-bg fill\" >\n            <img loading=\"lazy\" decoding=\"async\" width=\"600\" height=\"800\" src=\"https:\/\/methodephysiodermie.com\/wp-content\/uploads\/2022\/05\/results.jpg\" class=\"bg attachment-original size-original\" alt=\"Results Are At The Heart Of Our Approach.\" \/>                                    \n                    <\/div>\n\t\t\n        <div class=\"banner-layers container\">\n            <div class=\"fill banner-link\"><\/div>            \n        <\/div>\n      <\/div>\n\n            \n<style>\n#banner-1208528288 {\n  padding-top: 300px;\n}\n#banner-1208528288 .banner-bg img {\n  object-position: 90% 55%;\n}\n@media (min-width:550px) {\n  #banner-1208528288 {\n    padding-top: 99.99%;\n  }\n}\n<\/style>\n  <\/div>\n\n\n\t\t<\/div>\n\t\t\t\t\t<\/div>\n\n\t\n<\/div>\n\t\t<\/div>\n\t\t\t\t\t<\/div>\n\n\t\n<\/div>\n\t\t<\/div>\n\n\t\t\n<style>\n#section_1071330601 {\n  padding-top: 80px;\n  padding-bottom: 80px;\n  background-color: rgb(244, 244, 244);\n}\n<\/style>\n\t<\/section>\n\t\n\n\t<section class=\"section dark\" id=\"section_2114067231\">\n\t\t<div class=\"section-bg fill\" >\n\t\t\t\t\t\t\t\t\t\n\t\t\t\n\n\t\t<\/div>\n\n\t\t\n\n\t\t<div class=\"section-content relative\">\n\t\t\t\n<div class=\"row\"  id=\"row-243751110\">\n\n\t<div id=\"col-1593090640\" class=\"col small-12 large-12\"  >\n\t\t\t\t<div class=\"col-inner\"  >\n\t\t\t\n\t\t\t\n<div class=\"row align-center\"  id=\"row-414824228\">\n\n\t<div id=\"col-1058652777\" class=\"col medium-11 small-10 large-12\"  >\n\t\t\t\t<div class=\"col-inner text-center\"  >\n\t\t\t\n\t\t\t\n<div class=\"container section-title-container\" style=\"margin-bottom:0px;max-width:80%;\"><h3 class=\"section-title section-title-center\"><b aria-hidden=\"true\"><\/b><span class=\"section-title-main\" style=\"font-size:60%;\">L\u2019UNIVERS PHYSIODERMIE<\/span><b aria-hidden=\"true\"><\/b><\/h3><\/div>\n<h2 class=\"uppercase\">10 raisons de choisir Physiodermie<\/h2>\n\t<div id=\"gap-1715451109\" class=\"gap-element clearfix\" style=\"display:block; height:auto;\">\n\t\t\n<style>\n#gap-1715451109 {\n  padding-top: 40px;\n}\n<\/style>\n\t<\/div>\n\t\n<div class=\"row\"  id=\"row-1705928373\">\n\n\t<div id=\"col-1847067244\" class=\"col medium-4 small-12 large-4\"  >\n\t\t\t\t<div class=\"col-inner\"  >\n\t\t\t\n\t\t\t\n<h6 style=\"font-size: 300%;\">01<\/h6>\n<h3>Normes Les Plus \u00c9lev\u00e9es<\/h3>\n<p>Tous nos soins sont formul\u00e9s et fabriqu\u00e9s dans notre propre laboratoire \u00e0 Gen\u00e8ve, dans le respect des normes Suisses de l\u2019industrie cosm\u00e9tique, pour en garantir une qualit\u00e9 optimale.<\/p>\n\t\t<\/div>\n\t\t\t\t\t<\/div>\n\n\t\n\n\t<div id=\"col-587491004\" class=\"col medium-4 small-12 large-4\"  >\n\t\t\t\t<div class=\"col-inner\"  >\n\t\t\t\n\t\t\t\n<h6 style=\"font-size: 300%;\">02<\/h6>\n<h3>Recherche &amp; D\u00e9veloppement<\/h3>\n<p>Physiodermie a \u00e9t\u00e9 fond\u00e9e en 1974 par le Dr.Calato, un biologiste Suisse qui a consacr\u00e9 sa vie \u00e0 la Recherche &amp; D\u00e9veloppement dans la formulation de soins efficaces.<\/p>\n\t\t<\/div>\n\t\t\t\t\t<\/div>\n\n\t\n\n\t<div id=\"col-1556963482\" class=\"col medium-4 small-12 large-4\"  >\n\t\t\t\t<div class=\"col-inner\"  >\n\t\t\t\n\t\t\t\n<h6 style=\"font-size: 300%;\">03<\/h6>\n<h3>Technologie MEIMA<\/h3>\n<p>L&rsquo;innovation ne se limite pas aux ingr\u00e9dients, elle implique \u00e9galement le d\u00e9veloppement de techniques d&rsquo;am\u00e9lioration de la formulation telles que notre technologie propri\u00e9taire de micro-encapsulation MEIMA, pour tirer le meilleur parti des ingr\u00e9dients.<\/p>\n\t\t<\/div>\n\t\t\t\t\t<\/div>\n\n\t\n<\/div>\n<div class=\"row\"  id=\"row-694669770\">\n\n\t<div id=\"col-363676219\" class=\"col medium-4 small-12 large-4\"  >\n\t\t\t\t<div class=\"col-inner\"  >\n\t\t\t\n\t\t\t\n<h6 style=\"font-size: 300%;\">04<\/h6>\n<h3>Efficacit\u00e9 et la S\u00e9curit\u00e9<\/h3>\n<p>Les ingr\u00e9dients sont soigneusement s\u00e9lectionn\u00e9s pour garantir l\u2019efficacit\u00e9 et la s\u00e9curit\u00e9 de nos formules.<\/p>\n\t\t<\/div>\n\t\t\t\t\t<\/div>\n\n\t\n\n\t<div id=\"col-738646399\" class=\"col medium-4 small-12 large-4\"  >\n\t\t\t\t<div class=\"col-inner\"  >\n\t\t\t\n\t\t\t\n<h6 style=\"font-size: 300%;\">05<\/h6>\n<h3>Convient \u00e0 Tous Les Types de Peau<\/h3>\n<p>Chaque consultation fait l\u2019objet d\u2019un diagnostic approfondi aboutissant \u00e0 un traitement hyper-personnalis\u00e9. Les formules peuvent \u00eatre utilis\u00e9es en synergie pour cibler toutes les alt\u00e9rations de la peau.<\/p>\n\t\t<\/div>\n\t\t\t\t\t<\/div>\n\n\t\n\n\t<div id=\"col-1123529628\" class=\"col medium-4 small-12 large-4\"  >\n\t\t\t\t<div class=\"col-inner\"  >\n\t\t\t\n\t\t\t\n<h6 style=\"font-size: 300%;\">06<\/h6>\n<h3>Formules Efficaces<\/h3>\n<p>Offrir des formules efficaces hautement concentr\u00e9es et performantes en actifs naturels, extraits de plantes, mol\u00e9cules issues de plantes et technologie de Micro-Encapsulation. Une peau parfaitement saine en ciblant les causes de chaque alt\u00e9ration cutan\u00e9e.<\/p>\n\t\t<\/div>\n\t\t\t\t\t<\/div>\n\n\t\n<\/div>\n<div class=\"row\"  id=\"row-12400429\">\n\n\t<div id=\"col-2106214087\" class=\"col medium-4 small-12 large-4\"  >\n\t\t\t\t<div class=\"col-inner\"  >\n\t\t\t\n\t\t\t\n<h6 style=\"font-size: 300%;\">07<\/h6>\n<h3>Soins Personnalis\u00e9s<\/h3>\n<p>Les traitements sont d\u00e9velopp\u00e9s pour apporter une r\u00e9elle expertise et vous permettre de vivre une exp\u00e9rience unique et efficace. Tous nos dermo-th\u00e9rapeutes sont form\u00e9s pour vous fournir des soins et des conseils personnalis\u00e9s.<\/p>\n\t\t<\/div>\n\t\t\t\t\t<\/div>\n\n\t\n\n\t<div id=\"col-16717068\" class=\"col medium-4 small-12 large-4\"  >\n\t\t\t\t<div class=\"col-inner\"  >\n\t\t\t\n\t\t\t\n<h6 style=\"font-size: 300%;\">08<\/h6>\n<h3>Exp\u00e9rience<\/h3>\n<p>Depuis 1974, nous avons plus de 48 ans d&rsquo;exp\u00e9rience dans le d\u00e9veloppement et la recherche de produits de soins de la peau. La science et la cr\u00e9ativit\u00e9 ont conduit \u00e0 la cr\u00e9ation des produits Physiodermie.<\/p>\n\t\t<\/div>\n\t\t\t\t\t<\/div>\n\n\t\n\n\t<div id=\"col-897896327\" class=\"col medium-4 small-12 large-4\"  >\n\t\t\t\t<div class=\"col-inner\"  >\n\t\t\t\n\t\t\t\n<h6 style=\"font-size: 300%;\">09<\/h6>\n<h3>Reconnu Internationalement<\/h3>\n<p>Les soins Physiodermie sont dispens\u00e9s dans plus de 1000 spas et instituts \u00e0 travers le monde (15 pays), ce qui nous permet d\u2019alimenter nos recherches sur les soins de la peau.<\/p>\n\t\t<\/div>\n\t\t\t\t\t<\/div>\n\n\t\n<\/div>\n<div class=\"row\"  id=\"row-1025558952\">\n\n\t<div id=\"col-591615080\" class=\"col medium-4 small-12 large-4\"  >\n\t\t\t\t<div class=\"col-inner\"  >\n\t\t\t\n\t\t\t\n<h6 style=\"font-size: 300%;\">10<\/h6>\n<h3>La Passion<\/h3>\n<p>Depuis le d\u00e9but de l&rsquo;aventure Physiodermie en 1974, un seul credo : <strong>la passion des soins de la peau.<\/strong><\/p>\n\t\t<\/div>\n\t\t\t\t\t<\/div>\n\n\t\n<\/div>\n\t\t<\/div>\n\t\t\t\t\n<style>\n#col-1058652777 > .col-inner {\n  padding: 50px 0px 10px 0px;\n  margin: 0px 0px -10px 0px;\n}\n<\/style>\n\t<\/div>\n\n\t\n<\/div>\n\t\t<\/div>\n\t\t\t\t\t<\/div>\n\n\t\n<\/div>\n\t\t<\/div>\n\n\t\t\n<style>\n#section_2114067231 {\n  padding-top: 60px;\n  padding-bottom: 60px;\n  background-color: rgb(0,0,0);\n}\n<\/style>\n\t<\/section>\n\t\n","protected":false},"excerpt":{"rendered":"","protected":false},"author":2,"featured_media":0,"parent":0,"menu_order":0,"comment_status":"closed","ping_status":"closed","template":"page-blank.php","meta":{"footnotes":""},"class_list":["post-874","page","type-page","status-publish","hentry"],"acf":[],"yoast_head":"<!-- This site is optimized with the Yoast SEO plugin v27.5 - https:\/\/yoast.com\/product\/yoast-seo-wordpress\/ -->\n<title>\u00c0 Propos | Methode Physiodermie\u00ae Skin Care<\/title>\n<meta name=\"description\" content=\"Dedicated to Skin Care - Scientifically based beauty treatment method, ideal integration of highest quality ingredients and Swiss Cutting-Edge Technologies.\" \/>\n<meta name=\"robots\" content=\"index, follow, max-snippet:-1, max-image-preview:large, max-video-preview:-1\" \/>\n<link rel=\"canonical\" href=\"https:\/\/methodephysiodermie.com\/fr\/a-propos\/\" \/>\n<meta property=\"og:locale\" content=\"fr_CA\" \/>\n<meta property=\"og:type\" content=\"article\" \/>\n<meta property=\"og:title\" content=\"\u00c0 Propos | Methode Physiodermie\u00ae Skin Care\" \/>\n<meta property=\"og:description\" content=\"Dedicated to Skin Care - Scientifically based beauty treatment method, ideal integration of highest quality ingredients and Swiss Cutting-Edge Technologies.\" \/>\n<meta property=\"og:url\" content=\"https:\/\/methodephysiodermie.com\/fr\/a-propos\/\" \/>\n<meta property=\"og:site_name\" content=\"Methode Physiodermie\u00ae Skin Care\" \/>\n<meta property=\"article:publisher\" content=\"https:\/\/www.facebook.com\/PhysiodermieSkincare\" \/>\n<meta property=\"article:modified_time\" content=\"2022-05-26T15:06:09+00:00\" \/>\n<meta property=\"og:image\" content=\"https:\/\/methodephysiodermie.com\/wp-content\/uploads\/2022\/05\/site-icon.png\" \/>\n\t<meta property=\"og:image:width\" content=\"512\" \/>\n\t<meta property=\"og:image:height\" content=\"512\" \/>\n\t<meta property=\"og:image:type\" content=\"image\/png\" \/>\n<meta name=\"twitter:card\" content=\"summary_large_image\" \/>\n<meta name=\"twitter:site\" content=\"@physio_skincare\" \/>\n<meta name=\"twitter:label1\" content=\"Estimation du temps de lecture\" \/>\n\t<meta name=\"twitter:data1\" content=\"3 minutes\" \/>\n<script type=\"application\/ld+json\" class=\"yoast-schema-graph\">{\"@context\":\"https:\\\/\\\/schema.org\",\"@graph\":[{\"@type\":\"WebPage\",\"@id\":\"https:\\\/\\\/methodephysiodermie.com\\\/fr\\\/a-propos\\\/\",\"url\":\"https:\\\/\\\/methodephysiodermie.com\\\/fr\\\/a-propos\\\/\",\"name\":\"\u00c0 Propos | Methode Physiodermie\u00ae Skin Care\",\"isPartOf\":{\"@id\":\"https:\\\/\\\/methodephysiodermie.com\\\/fr\\\/#website\"},\"datePublished\":\"2022-05-05T19:23:58+00:00\",\"dateModified\":\"2022-05-26T15:06:09+00:00\",\"description\":\"Dedicated to Skin Care - Scientifically based beauty treatment method, ideal integration of highest quality ingredients and Swiss Cutting-Edge Technologies.\",\"breadcrumb\":{\"@id\":\"https:\\\/\\\/methodephysiodermie.com\\\/fr\\\/a-propos\\\/#breadcrumb\"},\"inLanguage\":\"fr-CA\",\"potentialAction\":[{\"@type\":\"ReadAction\",\"target\":[\"https:\\\/\\\/methodephysiodermie.com\\\/fr\\\/a-propos\\\/\"]}]},{\"@type\":\"BreadcrumbList\",\"@id\":\"https:\\\/\\\/methodephysiodermie.com\\\/fr\\\/a-propos\\\/#breadcrumb\",\"itemListElement\":[{\"@type\":\"ListItem\",\"position\":1,\"name\":\"Home\",\"item\":\"https:\\\/\\\/methodephysiodermie.com\\\/fr\\\/\"},{\"@type\":\"ListItem\",\"position\":2,\"name\":\"\u00c0 Propos\"}]},{\"@type\":\"WebSite\",\"@id\":\"https:\\\/\\\/methodephysiodermie.com\\\/fr\\\/#website\",\"url\":\"https:\\\/\\\/methodephysiodermie.com\\\/fr\\\/\",\"name\":\"Methode Physiodermie\u00ae Skin Care\",\"description\":\"A Methodology Of Beauty\",\"publisher\":{\"@id\":\"https:\\\/\\\/methodephysiodermie.com\\\/fr\\\/#organization\"},\"potentialAction\":[{\"@type\":\"SearchAction\",\"target\":{\"@type\":\"EntryPoint\",\"urlTemplate\":\"https:\\\/\\\/methodephysiodermie.com\\\/fr\\\/?s={search_term_string}\"},\"query-input\":{\"@type\":\"PropertyValueSpecification\",\"valueRequired\":true,\"valueName\":\"search_term_string\"}}],\"inLanguage\":\"fr-CA\"},{\"@type\":\"Organization\",\"@id\":\"https:\\\/\\\/methodephysiodermie.com\\\/fr\\\/#organization\",\"name\":\"Methode Physiodermie\",\"url\":\"https:\\\/\\\/methodephysiodermie.com\\\/fr\\\/\",\"logo\":{\"@type\":\"ImageObject\",\"inLanguage\":\"fr-CA\",\"@id\":\"https:\\\/\\\/methodephysiodermie.com\\\/fr\\\/#\\\/schema\\\/logo\\\/image\\\/\",\"url\":\"https:\\\/\\\/methodephysiodermie.com\\\/wp-content\\\/uploads\\\/2022\\\/05\\\/logo-header.png\",\"contentUrl\":\"https:\\\/\\\/methodephysiodermie.com\\\/wp-content\\\/uploads\\\/2022\\\/05\\\/logo-header.png\",\"width\":400,\"height\":84,\"caption\":\"Methode Physiodermie\"},\"image\":{\"@id\":\"https:\\\/\\\/methodephysiodermie.com\\\/fr\\\/#\\\/schema\\\/logo\\\/image\\\/\"},\"sameAs\":[\"https:\\\/\\\/www.facebook.com\\\/PhysiodermieSkincare\",\"https:\\\/\\\/x.com\\\/physio_skincare\",\"https:\\\/\\\/www.instagram.com\\\/methode_physiodermie\\\/\",\"https:\\\/\\\/www.youtube.com\\\/user\\\/derme8282\"]}]}<\/script>\n<!-- \/ Yoast SEO plugin. -->","yoast_head_json":{"title":"\u00c0 Propos | Methode Physiodermie\u00ae Skin Care","description":"Dedicated to Skin Care - Scientifically based beauty treatment method, ideal integration of highest quality ingredients and Swiss Cutting-Edge Technologies.","robots":{"index":"index","follow":"follow","max-snippet":"max-snippet:-1","max-image-preview":"max-image-preview:large","max-video-preview":"max-video-preview:-1"},"canonical":"https:\/\/methodephysiodermie.com\/fr\/a-propos\/","og_locale":"fr_CA","og_type":"article","og_title":"\u00c0 Propos | Methode Physiodermie\u00ae Skin Care","og_description":"Dedicated to Skin Care - Scientifically based beauty treatment method, ideal integration of highest quality ingredients and Swiss Cutting-Edge Technologies.","og_url":"https:\/\/methodephysiodermie.com\/fr\/a-propos\/","og_site_name":"Methode Physiodermie\u00ae Skin Care","article_publisher":"https:\/\/www.facebook.com\/PhysiodermieSkincare","article_modified_time":"2022-05-26T15:06:09+00:00","og_image":[{"width":512,"height":512,"url":"https:\/\/methodephysiodermie.com\/wp-content\/uploads\/2022\/05\/site-icon.png","type":"image\/png"}],"twitter_card":"summary_large_image","twitter_site":"@physio_skincare","twitter_misc":{"Estimation du temps de lecture":"3 minutes"},"schema":{"@context":"https:\/\/schema.org","@graph":[{"@type":"WebPage","@id":"https:\/\/methodephysiodermie.com\/fr\/a-propos\/","url":"https:\/\/methodephysiodermie.com\/fr\/a-propos\/","name":"\u00c0 Propos | Methode Physiodermie\u00ae Skin Care","isPartOf":{"@id":"https:\/\/methodephysiodermie.com\/fr\/#website"},"datePublished":"2022-05-05T19:23:58+00:00","dateModified":"2022-05-26T15:06:09+00:00","description":"Dedicated to Skin Care - Scientifically based beauty treatment method, ideal integration of highest quality ingredients and Swiss Cutting-Edge Technologies.","breadcrumb":{"@id":"https:\/\/methodephysiodermie.com\/fr\/a-propos\/#breadcrumb"},"inLanguage":"fr-CA","potentialAction":[{"@type":"ReadAction","target":["https:\/\/methodephysiodermie.com\/fr\/a-propos\/"]}]},{"@type":"BreadcrumbList","@id":"https:\/\/methodephysiodermie.com\/fr\/a-propos\/#breadcrumb","itemListElement":[{"@type":"ListItem","position":1,"name":"Home","item":"https:\/\/methodephysiodermie.com\/fr\/"},{"@type":"ListItem","position":2,"name":"\u00c0 Propos"}]},{"@type":"WebSite","@id":"https:\/\/methodephysiodermie.com\/fr\/#website","url":"https:\/\/methodephysiodermie.com\/fr\/","name":"Methode Physiodermie\u00ae Skin Care","description":"A Methodology Of Beauty","publisher":{"@id":"https:\/\/methodephysiodermie.com\/fr\/#organization"},"potentialAction":[{"@type":"SearchAction","target":{"@type":"EntryPoint","urlTemplate":"https:\/\/methodephysiodermie.com\/fr\/?s={search_term_string}"},"query-input":{"@type":"PropertyValueSpecification","valueRequired":true,"valueName":"search_term_string"}}],"inLanguage":"fr-CA"},{"@type":"Organization","@id":"https:\/\/methodephysiodermie.com\/fr\/#organization","name":"Methode Physiodermie","url":"https:\/\/methodephysiodermie.com\/fr\/","logo":{"@type":"ImageObject","inLanguage":"fr-CA","@id":"https:\/\/methodephysiodermie.com\/fr\/#\/schema\/logo\/image\/","url":"https:\/\/methodephysiodermie.com\/wp-content\/uploads\/2022\/05\/logo-header.png","contentUrl":"https:\/\/methodephysiodermie.com\/wp-content\/uploads\/2022\/05\/logo-header.png","width":400,"height":84,"caption":"Methode Physiodermie"},"image":{"@id":"https:\/\/methodephysiodermie.com\/fr\/#\/schema\/logo\/image\/"},"sameAs":["https:\/\/www.facebook.com\/PhysiodermieSkincare","https:\/\/x.com\/physio_skincare","https:\/\/www.instagram.com\/methode_physiodermie\/","https:\/\/www.youtube.com\/user\/derme8282"]}]}},"_links":{"self":[{"href":"https:\/\/methodephysiodermie.com\/fr\/wp-json\/wp\/v2\/pages\/874","targetHints":{"allow":["GET"]}}],"collection":[{"href":"https:\/\/methodephysiodermie.com\/fr\/wp-json\/wp\/v2\/pages"}],"about":[{"href":"https:\/\/methodephysiodermie.com\/fr\/wp-json\/wp\/v2\/types\/page"}],"author":[{"embeddable":true,"href":"https:\/\/methodephysiodermie.com\/fr\/wp-json\/wp\/v2\/users\/2"}],"replies":[{"embeddable":true,"href":"https:\/\/methodephysiodermie.com\/fr\/wp-json\/wp\/v2\/comments?post=874"}],"version-history":[{"count":0,"href":"https:\/\/methodephysiodermie.com\/fr\/wp-json\/wp\/v2\/pages\/874\/revisions"}],"wp:attachment":[{"href":"https:\/\/methodephysiodermie.com\/fr\/wp-json\/wp\/v2\/media?parent=874"}],"curies":[{"name":"wp","href":"https:\/\/api.w.org\/{rel}","templated":true}]}}