{"id":782,"date":"2022-05-04T19:38:37","date_gmt":"2022-05-04T19:38:37","guid":{"rendered":"https:\/\/physiosk.wpengine.com\/conditions-of-sale\/"},"modified":"2022-05-16T16:16:24","modified_gmt":"2022-05-16T16:16:24","slug":"conditions-de-vente","status":"publish","type":"page","link":"https:\/\/methodephysiodermie.com\/fr\/conditions-de-vente\/","title":{"rendered":"Conditions de Vente"},"content":{"rendered":"\n\t<section class=\"section\" id=\"section_436426013\">\n\t\t<div class=\"section-bg fill\" >\n\t\t\t\t\t\t\t\t\t\n\t\t\t\n\n\t\t<\/div>\n\n\t\t\n\n\t\t<div class=\"section-content relative\">\n\t\t\t\n<div class=\"row\"  id=\"row-817701920\">\n\n\t<div id=\"col-1568708653\" class=\"col small-12 large-12\"  >\n\t\t\t\t<div class=\"col-inner text-center\"  >\n\t\t\t\n\t\t\t\n<h6>Veuillez lire attentivement<\/h6>\n\t<div id=\"text-439987104\" class=\"text\">\n\t\t\n<h2>Conditions de Vente<\/h2>\n\t\t\n<style>\n#text-439987104 {\n  font-size: 1.75rem;\n}\n<\/style>\n\t<\/div>\n\t\n\t\t<\/div>\n\t\t\t\t\t<\/div>\n\n\t\n<\/div>\n<h2>Produits, Prix et Taxes<\/h2>\n<h3>S\u00e9curit\u00e9<\/h3>\n<p>Methode Physiodermie\u00a0s\u00e9curise votre paiement avec le protocole SSL. Cela garantira que toutes les donn\u00e9es transmises entre le serveur web et les navigateurs resteront priv\u00e9es et int\u00e9grales. Etant donn\u00e9 le d\u00e9veloppement des nouveaux outils de communication, il est n\u00e9cessaire d\u2019\u00eatre tr\u00e8s attentif lorsqu\u2019il s\u2019agit d\u2019informations personnelles. C\u2019est pourquoi nous nous engageons \u00e0 respecter la confidentialit\u00e9 des renseignements personnels que nous collectons.<\/p>\n<h3>Prix<\/h3>\n<p>Les prix des produits sont donn\u00e9s en $CAD (Dollars Canadiens) et $USD pour l&rsquo;international. Tous les prix sont sujets \u00e0 changement, sans pr\u00e9avis et \u00e0 tout moment. Dans l\u2019\u00e9ventualit\u00e9 o\u00f9 le prix d\u2019un produit est incorrect, \u00e0 cause d\u2019erreur(s) typographique(s) ou d\u2019erreur(s) concernant le prix, Methode Physiodermie se r\u00e9serve le droit de refuser ou d\u2019annuler toute commande, m\u00eame si celle-ci a \u00e9t\u00e9 confirm\u00e9e et que votre carte de cr\u00e9dit charg\u00e9e. Si votre compte a d\u00e9j\u00e0 \u00e9t\u00e9 d\u00e9bit\u00e9 au montant de l\u2019achat et que votre commande est annul\u00e9e, Methode Physiodermie cr\u00e9ditera votre compte du montant correspondant au prix incorrect.<\/p>\n<h3>Taxes<\/h3>\n<p>Tous les prix affich\u00e9s sur ce site n\u2019incluent pas les taxes. Methode Physiodermie applique les taxes associ\u00e9es \u00e0 votre achat, en fonction des lois de la juridiction dans laquelle le(s) produit(s) doivent \u00eatre livr\u00e9s. Le total des taxes est calcul\u00e9 en fonction de votre adresse de livraison. Toutes les taxes figureront sur votre commande\/facture ; Toutes les taxes sont \u00e0 votre charge. Veuillez noter que les taxes de vente sont sujettes \u00e0 changement.<\/p>\n<h3>Coupons et Codes Promotionnels<\/h3>\n<p>Si Methode Physiodermie estime que les coupons et codes promotionnels ne sont pas applicables \u00e0 votre achat, ils ne sont donc pas transf\u00e9rables, ne peuvent \u00eatre utilis\u00e9s qu\u2019une seule fois et ne peuvent pas \u00eatre \u00e9chang\u00e9s contre de l\u2019argent ou un cr\u00e9dit. Chaque coupon est identifiable par un code Coupon et correspond \u00e0 diff\u00e9rentes exigences et avantages. Veuillez v\u00e9rifier votre coupon \u2013 Toutes les exigences mentionn\u00e9es sur votre coupon doivent \u00eatre remplies, pour pouvoir b\u00e9n\u00e9ficier du rabais. La valeur du coupon est sp\u00e9cifi\u00e9e sur le coupon. Les coupons ne peuvent \u00eatre utilis\u00e9s qu\u2019une seule fois. Certains codes et coupons ne peuvent \u00eatre jumel\u00e9s avec des promotions en cours. Les coupons sont valables uniquement pour acheter un\/des produit(s) sp\u00e9cifique(s)sur ce site web. Si vous avez des questions concernant un coupon ou un code promotionnel, veuillez contacter notre service \u00e0 la client\u00e8le. Methode Physiodermie se r\u00e9serve le droit d\u2019interrompre ou de modifier les programmes de coupons\/codes promotionnels en tout temps.<\/p>\n<h3>Accord de Paiement<\/h3>\n<p>Les produits restent la propri\u00e9t\u00e9 de Methode Physiodermie jusqu\u2019\u00e0 r\u00e9ception du paiement complet. En achetant un produit de Methode Physiodermie, vous consentez \u00e0 payer tous les frais associ\u00e9s. D\u00e8s que vous \u00eates en possession du\/des produit(s) command\u00e9(s), vous \u00eates responsable du risque de perte ou de dommage du\/des produit(s).<\/p>\n<h2>Commandes et Acceptation<\/h2>\n<p>Vous pouvez commander via Internet \u00e0 www.methodephysiodermie.com. Toutes les commandes plac\u00e9es par vous, ne peuvent \u00eatre annul\u00e9es et sont sous r\u00e9serve d\u2019acception par Methode Physiodermie. Methode Physiodermie se r\u00e9serve le droit de refuser toute commande plac\u00e9e par vous et\/ou de limiter les quantit\u00e9s de toute commande. Nonobstant toute confirmation de commande ou autre(s) communication(s) envoy\u00e9e(s) par Methode Physiodermie, votre commande sera r\u00e9put\u00e9e accept\u00e9e, jusqu\u2019\u00e0 l\u2019exp\u00e9dition de(s) produit(s) que vous avez command\u00e9(s). Nos produits sont disponibles pour l\u2019achat, en autant qu\u2019ils figurent sur notre site et que les quantit\u00e9s sont disponibles. Dans l\u2019\u00e9ventualit\u00e9 o\u00f9 un produit n\u2019est pas disponible apr\u00e8s que votre commande ait \u00e9t\u00e9 plac\u00e9e, nous vous le ferons savoir imm\u00e9diatement par courriel. Si nous sommes dans l\u2019incapacit\u00e9 de compl\u00e9ter votre commande, nous l\u2019annulerons automatiquement et aucun frais ne vous sera factur\u00e9. LA SOUMISSION DE VOTRE COMMANDE CONSTITUE VOTRE PLEINE ET ENTIERE ACCEPTION DE CES TERMES ET CONDITIONS DE VENTE.<\/p>\n<h2 id=\"ShippingHandling\">Exp\u00e9dition et Manutention<\/h2>\n<h3>Limites<\/h3>\n<p>Les produits Methode Physiodermie sont disponibles \u00e0 l\u2019achat sur ce site Web pour le Canada et les \u00c9tats-Unis.<\/p>\n<h3>Livraison<\/h3>\n<p>Les produits sont livr\u00e9s \u00e0 l\u2019adresse de livraison indiqu\u00e9e sur le bon de commande. Les dates de livraison peuvent \u00eatre r\u00e9vis\u00e9es \u00e0 tout moment, pour des raisons ind\u00e9pendantes de notre volont\u00e9. Methode Physiodermie n\u2019est pas responsable de tout retard ou d\u00e9faut de livraison imput\u00e9 \u00e0 ce qui pr\u00e9c\u00e8de. Dans l\u2019\u00e9ventualit\u00e9 o\u00f9 la livraison est retard\u00e9e, un courriel vous sera envoy\u00e9 contenant toutes les informations. Aucune r\u00e9clamation concernant la quantit\u00e9, les conditions, les pertes ou dommages aux produits, ne seront accept\u00e9es au-del\u00e0 de trente (30) jours, apr\u00e8s la date d\u2019exp\u00e9dition. Votre commande peut \u00eatre exp\u00e9di\u00e9e en plusieurs envois.<\/p>\n<h3>Frais<\/h3>\n<p>Les prix des produits n\u2019incluent ni l\u2019exp\u00e9dition, ni la manutention. Le choix d\u2019un transporteur fiable et de moyens de transport appropri\u00e9s sont \u00e0 la discr\u00e9tion de Methode Physiodermie. Les tarifs d\u2019exp\u00e9dition sont fixes; Ils incluent l\u2019emballage, l\u2019affranchissement et la manutention. Vous \u00eates responsables des risques de perte ou de dommages du\/des produit(s) en transit. Dans l\u2019\u00e9ventualit\u00e9 o\u00f9 un produit est endommag\u00e9 ou perdu pendant le transit, il est de votre responsabilit\u00e9 de faire une r\u00e9clamation aupr\u00e8s du transporteur. Une attention sp\u00e9ciale est apport\u00e9e \u00e0 chaque colis, afin de vous satisfaire.<\/p>\n<h2 id=\"ReturnsExchanges\">Politique de Remboursement<\/h2>\n<p>Si pour n\u2019importe quelle raison, vous n\u2019\u00eates pas satisfait(e) du\/des produit(s), vous avez jusqu\u2019\u00e0 30 jours pour \u00eatre rembours\u00e9(e). Les produits doivent \u00eatre retourn\u00e9s dans leur emballage d\u2019origine (emballage, accessoires, instructions\u2026), accompagn\u00e9 de la facture originale. Veuillez noter qu\u2019aucun retour ne sera accept\u00e9, si plus d\u2019un tiers du produit est utilis\u00e9.<\/p>\n<h3>Remplacement<\/h3>\n<p>Si vous pensez que vous avez re\u00e7u le produit en mauvais \u00e9tat ou si l\u2019emballage a \u00e9t\u00e9 alt\u00e9r\u00e9, vous pouvez faire une demande de remplacement en nous envoyant un courriel avec les d\u00e9tails n\u00e9cessaires et nous nous assurerons qu\u2019un tout nouveau package vous est d\u00e9livr\u00e9 sans frais suppl\u00e9mentaires.<\/p>\n<h3>Annulation<\/h3>\n<p>Si vous changez d\u2019avis apr\u00e8s avoir pass\u00e9 la commande, vous pouvez nous envoyer un courriel pour annuler votre commande.\u00a0 Veuillez noter que les demandes d\u2019annulation ne seront trait\u00e9es que jusqu\u2019\u00e0 3 heures apr\u00e8s r\u00e9ception de la commande. Une fois la commande pass\u00e9e, aucune annulation ne sera possible. Si vous avez des questions au sujet de nos termes, veuillez les adresser:<\/p>\n<div class=\"row row-small\"  id=\"row-1610838065\">\n\n\t<div id=\"col-1131831981\" class=\"col small-12 large-12\"  >\n\t\t\t\t<div class=\"col-inner\"  >\n\t\t\t\n\t\t\t\n<p class=\"lead\">Methode Physiodermie<\/p>\n<p>4930 Chemin du Bois Franc<br \/>\nSt-Laurent QC<br \/>\nCanada H4S 1A7<\/p>\n<div class=\"social-icons follow-icons\" ><a href=\"https:\/\/www.facebook.com\/PhysiodermieSkincare\" target=\"_blank\" data-label=\"Facebook\" class=\"icon button circle is-outline tooltip facebook\" title=\"Nous suivre sur Facebook\" aria-label=\"Nous suivre sur Facebook\" rel=\"noopener nofollow\"><i class=\"icon-facebook\" aria-hidden=\"true\"><\/i><\/a><a href=\"https:\/\/www.instagram.com\/physiodermie_north_america\/\" target=\"_blank\" data-label=\"Instagram\" class=\"icon button circle is-outline tooltip instagram\" title=\"Nous suivre sur Instagram\" aria-label=\"Nous suivre sur Instagram\" rel=\"noopener nofollow\"><i class=\"icon-instagram\" aria-hidden=\"true\"><\/i><\/a><a href=\"https:\/\/twitter.com\/physio_skincare\" data-label=\"Twitter\" target=\"_blank\" class=\"icon button circle is-outline tooltip twitter\" title=\"Nous suivre sur Twitter\" aria-label=\"Nous suivre sur Twitter\" rel=\"noopener nofollow\"><i class=\"icon-twitter\" aria-hidden=\"true\"><\/i><\/a><a href=\"mailto:info@dermeco.com\" data-label=\"E-mail\" target=\"_blank\" class=\"icon button circle is-outline tooltip email\" title=\"Nous envoyer un email\" aria-label=\"Nous envoyer un email\" rel=\"nofollow noopener\"><i class=\"icon-envelop\" aria-hidden=\"true\"><\/i><\/a><a href=\"tel:+1 514-333-8282\" data-label=\"Phone\" target=\"_blank\" class=\"icon button circle is-outline tooltip phone\" title=\"Appelez-nous\" aria-label=\"Appelez-nous\" rel=\"nofollow noopener\"><i class=\"icon-phone\" aria-hidden=\"true\"><\/i><\/a><a href=\"https:\/\/www.youtube.com\/user\/derme8282\" data-label=\"YouTube\" target=\"_blank\" class=\"icon button circle is-outline tooltip youtube\" title=\"Nous suivre sur Youtube\" aria-label=\"Nous suivre sur Youtube\" rel=\"noopener nofollow\"><i class=\"icon-youtube\" aria-hidden=\"true\"><\/i><\/a><\/div>\n\t\t<\/div>\n\t\t\t\t\t<\/div>\n\n\t\n\n<style>\n#row-1610838065 > .col > .col-inner {\n  padding: 30px 0px 0px 0px;\n}\n<\/style>\n<\/div>\n\t\t<\/div>\n\n\t\t\n<style>\n#section_436426013 {\n  padding-top: 45px;\n  padding-bottom: 45px;\n}\n@media (min-width:550px) {\n  #section_436426013 {\n    padding-top: 65px;\n    padding-bottom: 65px;\n  }\n}\n@media (min-width:850px) {\n  #section_436426013 {\n    padding-top: 50px;\n    padding-bottom: 50px;\n  }\n}\n<\/style>\n\t<\/section>\n\t\n","protected":false},"excerpt":{"rendered":"","protected":false},"author":2,"featured_media":0,"parent":0,"menu_order":0,"comment_status":"closed","ping_status":"closed","template":"","meta":{"footnotes":""},"class_list":["post-782","page","type-page","status-publish","hentry"],"acf":[],"yoast_head":"<!-- This site is optimized with the Yoast SEO plugin v27.1.1 - https:\/\/yoast.com\/product\/yoast-seo-wordpress\/ -->\n<title>Conditions de Vente | Methode Physiodermie\u00ae Skin Care<\/title>\n<meta name=\"robots\" content=\"index, follow, max-snippet:-1, max-image-preview:large, max-video-preview:-1\" \/>\n<link rel=\"canonical\" href=\"https:\/\/methodephysiodermie.com\/fr\/conditions-de-vente\/\" \/>\n<meta property=\"og:locale\" content=\"fr_FR\" \/>\n<meta property=\"og:type\" content=\"article\" \/>\n<meta property=\"og:title\" content=\"Conditions de Vente | Methode Physiodermie\u00ae Skin Care\" \/>\n<meta property=\"og:url\" content=\"https:\/\/methodephysiodermie.com\/fr\/conditions-de-vente\/\" \/>\n<meta property=\"og:site_name\" content=\"Methode Physiodermie\u00ae Skin Care\" \/>\n<meta property=\"article:publisher\" content=\"https:\/\/www.facebook.com\/PhysiodermieSkincare\" \/>\n<meta property=\"article:modified_time\" content=\"2022-05-16T16:16:24+00:00\" \/>\n<meta property=\"og:image\" content=\"https:\/\/methodephysiodermie.com\/wp-content\/uploads\/2022\/05\/site-icon.png\" \/>\n\t<meta property=\"og:image:width\" content=\"512\" \/>\n\t<meta property=\"og:image:height\" content=\"512\" \/>\n\t<meta property=\"og:image:type\" content=\"image\/png\" \/>\n<meta name=\"twitter:card\" content=\"summary_large_image\" \/>\n<meta name=\"twitter:site\" content=\"@physio_skincare\" \/>\n<meta name=\"twitter:label1\" content=\"Dur\u00e9e de lecture estim\u00e9e\" \/>\n\t<meta name=\"twitter:data1\" content=\"6 minutes\" \/>\n<script type=\"application\/ld+json\" class=\"yoast-schema-graph\">{\"@context\":\"https:\/\/schema.org\",\"@graph\":[{\"@type\":\"WebPage\",\"@id\":\"https:\/\/methodephysiodermie.com\/fr\/conditions-de-vente\/\",\"url\":\"https:\/\/methodephysiodermie.com\/fr\/conditions-de-vente\/\",\"name\":\"Conditions de Vente | Methode Physiodermie\u00ae Skin Care\",\"isPartOf\":{\"@id\":\"https:\/\/methodephysiodermie.com\/fr\/#website\"},\"datePublished\":\"2022-05-04T19:38:37+00:00\",\"dateModified\":\"2022-05-16T16:16:24+00:00\",\"breadcrumb\":{\"@id\":\"https:\/\/methodephysiodermie.com\/fr\/conditions-de-vente\/#breadcrumb\"},\"inLanguage\":\"fr-FR\",\"potentialAction\":[{\"@type\":\"ReadAction\",\"target\":[\"https:\/\/methodephysiodermie.com\/fr\/conditions-de-vente\/\"]}]},{\"@type\":\"BreadcrumbList\",\"@id\":\"https:\/\/methodephysiodermie.com\/fr\/conditions-de-vente\/#breadcrumb\",\"itemListElement\":[{\"@type\":\"ListItem\",\"position\":1,\"name\":\"Home\",\"item\":\"https:\/\/methodephysiodermie.com\/fr\/\"},{\"@type\":\"ListItem\",\"position\":2,\"name\":\"Conditions de Vente\"}]},{\"@type\":\"WebSite\",\"@id\":\"https:\/\/methodephysiodermie.com\/fr\/#website\",\"url\":\"https:\/\/methodephysiodermie.com\/fr\/\",\"name\":\"Methode Physiodermie\u00ae Skin Care\",\"description\":\"A Methodology Of Beauty\",\"publisher\":{\"@id\":\"https:\/\/methodephysiodermie.com\/fr\/#organization\"},\"potentialAction\":[{\"@type\":\"SearchAction\",\"target\":{\"@type\":\"EntryPoint\",\"urlTemplate\":\"https:\/\/methodephysiodermie.com\/fr\/?s={search_term_string}\"},\"query-input\":{\"@type\":\"PropertyValueSpecification\",\"valueRequired\":true,\"valueName\":\"search_term_string\"}}],\"inLanguage\":\"fr-FR\"},{\"@type\":\"Organization\",\"@id\":\"https:\/\/methodephysiodermie.com\/fr\/#organization\",\"name\":\"Methode Physiodermie\",\"url\":\"https:\/\/methodephysiodermie.com\/fr\/\",\"logo\":{\"@type\":\"ImageObject\",\"inLanguage\":\"fr-FR\",\"@id\":\"https:\/\/methodephysiodermie.com\/fr\/#\/schema\/logo\/image\/\",\"url\":\"https:\/\/methodephysiodermie.com\/wp-content\/uploads\/2022\/05\/logo-header.png\",\"contentUrl\":\"https:\/\/methodephysiodermie.com\/wp-content\/uploads\/2022\/05\/logo-header.png\",\"width\":400,\"height\":84,\"caption\":\"Methode Physiodermie\"},\"image\":{\"@id\":\"https:\/\/methodephysiodermie.com\/fr\/#\/schema\/logo\/image\/\"},\"sameAs\":[\"https:\/\/www.facebook.com\/PhysiodermieSkincare\",\"https:\/\/x.com\/physio_skincare\",\"https:\/\/www.instagram.com\/methode_physiodermie\/\",\"https:\/\/www.youtube.com\/user\/derme8282\"]}]}<\/script>\n<!-- \/ Yoast SEO plugin. -->","yoast_head_json":{"title":"Conditions de Vente | Methode Physiodermie\u00ae Skin Care","robots":{"index":"index","follow":"follow","max-snippet":"max-snippet:-1","max-image-preview":"max-image-preview:large","max-video-preview":"max-video-preview:-1"},"canonical":"https:\/\/methodephysiodermie.com\/fr\/conditions-de-vente\/","og_locale":"fr_FR","og_type":"article","og_title":"Conditions de Vente | Methode Physiodermie\u00ae Skin Care","og_url":"https:\/\/methodephysiodermie.com\/fr\/conditions-de-vente\/","og_site_name":"Methode Physiodermie\u00ae Skin Care","article_publisher":"https:\/\/www.facebook.com\/PhysiodermieSkincare","article_modified_time":"2022-05-16T16:16:24+00:00","og_image":[{"width":512,"height":512,"url":"https:\/\/methodephysiodermie.com\/wp-content\/uploads\/2022\/05\/site-icon.png","type":"image\/png"}],"twitter_card":"summary_large_image","twitter_site":"@physio_skincare","twitter_misc":{"Dur\u00e9e de lecture estim\u00e9e":"6 minutes"},"schema":{"@context":"https:\/\/schema.org","@graph":[{"@type":"WebPage","@id":"https:\/\/methodephysiodermie.com\/fr\/conditions-de-vente\/","url":"https:\/\/methodephysiodermie.com\/fr\/conditions-de-vente\/","name":"Conditions de Vente | Methode Physiodermie\u00ae Skin Care","isPartOf":{"@id":"https:\/\/methodephysiodermie.com\/fr\/#website"},"datePublished":"2022-05-04T19:38:37+00:00","dateModified":"2022-05-16T16:16:24+00:00","breadcrumb":{"@id":"https:\/\/methodephysiodermie.com\/fr\/conditions-de-vente\/#breadcrumb"},"inLanguage":"fr-FR","potentialAction":[{"@type":"ReadAction","target":["https:\/\/methodephysiodermie.com\/fr\/conditions-de-vente\/"]}]},{"@type":"BreadcrumbList","@id":"https:\/\/methodephysiodermie.com\/fr\/conditions-de-vente\/#breadcrumb","itemListElement":[{"@type":"ListItem","position":1,"name":"Home","item":"https:\/\/methodephysiodermie.com\/fr\/"},{"@type":"ListItem","position":2,"name":"Conditions de Vente"}]},{"@type":"WebSite","@id":"https:\/\/methodephysiodermie.com\/fr\/#website","url":"https:\/\/methodephysiodermie.com\/fr\/","name":"Methode Physiodermie\u00ae Skin Care","description":"A Methodology Of Beauty","publisher":{"@id":"https:\/\/methodephysiodermie.com\/fr\/#organization"},"potentialAction":[{"@type":"SearchAction","target":{"@type":"EntryPoint","urlTemplate":"https:\/\/methodephysiodermie.com\/fr\/?s={search_term_string}"},"query-input":{"@type":"PropertyValueSpecification","valueRequired":true,"valueName":"search_term_string"}}],"inLanguage":"fr-FR"},{"@type":"Organization","@id":"https:\/\/methodephysiodermie.com\/fr\/#organization","name":"Methode Physiodermie","url":"https:\/\/methodephysiodermie.com\/fr\/","logo":{"@type":"ImageObject","inLanguage":"fr-FR","@id":"https:\/\/methodephysiodermie.com\/fr\/#\/schema\/logo\/image\/","url":"https:\/\/methodephysiodermie.com\/wp-content\/uploads\/2022\/05\/logo-header.png","contentUrl":"https:\/\/methodephysiodermie.com\/wp-content\/uploads\/2022\/05\/logo-header.png","width":400,"height":84,"caption":"Methode Physiodermie"},"image":{"@id":"https:\/\/methodephysiodermie.com\/fr\/#\/schema\/logo\/image\/"},"sameAs":["https:\/\/www.facebook.com\/PhysiodermieSkincare","https:\/\/x.com\/physio_skincare","https:\/\/www.instagram.com\/methode_physiodermie\/","https:\/\/www.youtube.com\/user\/derme8282"]}]}},"_links":{"self":[{"href":"https:\/\/methodephysiodermie.com\/fr\/wp-json\/wp\/v2\/pages\/782","targetHints":{"allow":["GET"]}}],"collection":[{"href":"https:\/\/methodephysiodermie.com\/fr\/wp-json\/wp\/v2\/pages"}],"about":[{"href":"https:\/\/methodephysiodermie.com\/fr\/wp-json\/wp\/v2\/types\/page"}],"author":[{"embeddable":true,"href":"https:\/\/methodephysiodermie.com\/fr\/wp-json\/wp\/v2\/users\/2"}],"replies":[{"embeddable":true,"href":"https:\/\/methodephysiodermie.com\/fr\/wp-json\/wp\/v2\/comments?post=782"}],"version-history":[{"count":0,"href":"https:\/\/methodephysiodermie.com\/fr\/wp-json\/wp\/v2\/pages\/782\/revisions"}],"wp:attachment":[{"href":"https:\/\/methodephysiodermie.com\/fr\/wp-json\/wp\/v2\/media?parent=782"}],"curies":[{"name":"wp","href":"https:\/\/api.w.org\/{rel}","templated":true}]}}