{"id":4732,"date":"2022-05-25T14:44:19","date_gmt":"2022-05-25T14:44:19","guid":{"rendered":"https:\/\/physiosk.wpengine.com\/loyalty-program\/"},"modified":"2025-12-14T18:21:21","modified_gmt":"2025-12-14T18:21:21","slug":"programme-fidelisation","status":"publish","type":"page","link":"https:\/\/methodephysiodermie.com\/fr\/programme-fidelisation\/","title":{"rendered":"Programme de Fid\u00e9lisation"},"content":{"rendered":"\n\t<section class=\"section\" id=\"section_1078288101\">\n\t\t<div class=\"section-bg fill\" >\n\t\t\t\t\t\t\t\t\t\n\t\t\t\n\n\t\t<\/div>\n\n\t\t\n\n\t\t<div class=\"section-content relative\">\n\t\t\t\n<div class=\"row row-collapse row-full-width align-middle align-center\"  id=\"row-1593840868\">\n\n\t<div id=\"col-707941275\" class=\"col medium-12 small-12 large-6 medium-col-first\"  >\n\t\t\t\t<div class=\"col-inner\"  >\n\t\t\t\n\t\t\t\n\n  <div class=\"banner has-hover\" id=\"banner-1037013571\">\n          <div class=\"banner-inner fill\">\n        <div class=\"banner-bg fill\" >\n            <img loading=\"lazy\" decoding=\"async\" width=\"1500\" height=\"1000\" src=\"https:\/\/methodephysiodermie.com\/wp-content\/uploads\/2022\/05\/about.jpg\" class=\"bg attachment-original size-original\" alt=\"Methode Physiodermie\" \/>                                    \n                    <\/div>\n\t\t\n        <div class=\"banner-layers container\">\n            <div class=\"fill banner-link\"><\/div>            \n        <\/div>\n      <\/div>\n\n            \n<style>\n#banner-1037013571 {\n  padding-top: 300px;\n  background-color: rgba(255, 255, 255, 0);\n}\n#banner-1037013571 .banner-bg img {\n  object-position: 100% 49%;\n}\n@media (min-width:550px) {\n  #banner-1037013571 {\n    padding-top: 400px;\n  }\n}\n@media (min-width:850px) {\n  #banner-1037013571 {\n    padding-top: 550px;\n  }\n}\n<\/style>\n  <\/div>\n\n\n\t\t<\/div>\n\t\t\t\t\t<\/div>\n\n\t\n\n\t<div id=\"col-659261511\" class=\"col index-up medium-12 small-11 large-6\"  >\n\t\t\t\t<div class=\"col-inner\"  >\n\t\t\t\n\t\t\t\n\t<div id=\"gap-1894957832\" class=\"gap-element clearfix\" style=\"display:block; height:auto;\">\n\t\t\n<style>\n#gap-1894957832 {\n  padding-top: 30px;\n}\n<\/style>\n\t<\/div>\n\t\n<div class=\"row align-center\"  id=\"row-405508673\">\n\n\t<div id=\"col-150840219\" class=\"col index-up medium-11 small-12 large-12\"  >\n\t\t\t\t<div class=\"col-inner text-center\" style=\"background-color:rgb(255, 255, 255);\" >\n\t\t\t\n\t\t\t\n<h2>Programme de Fid\u00e9lisation<\/h2>\n<p>Gagnez des <strong>points de r\u00e9compense PHYSIODERMIE <\/strong>\u00e0 chaque fois que vous achetez. Physiodermie ropose un programme de points de fid\u00e9lit\u00e9 pour remercier les clients de leur fid\u00e9lit\u00e9. Vous pouvez utiliser vos points pour tout achat \u00e0 tout moment pour l\u2019un de nos produits en ligne. Aucun minimum *, aucune commande multiple requise, aucun d\u00e9sordre. Juste propre et simple. Lors du paiement, choisissez simplement le nombre de points que vous souhaitez mettre sur votre commande et la valeur sera supprim\u00e9e de votre montant total avant taxes, livraison et apr\u00e8s rabais.<\/p>\n\t\t<\/div>\n\t\t\t\t\n<style>\n#col-150840219 > .col-inner {\n  padding: 15% 10% 15% 10%;\n  margin: -100px 0px 0px 0px;\n  border-radius: 5px;\n}\n@media (min-width:550px) {\n  #col-150840219 > .col-inner {\n    padding: 6% 6% 6% 6%;\n    margin: -150px 0px 0px 0px;\n  }\n}\n@media (min-width:850px) {\n  #col-150840219 > .col-inner {\n    padding: 7% 10% 7% 10%;\n    margin: 0px 0px 0px -100px;\n  }\n}\n<\/style>\n\t<\/div>\n\n\t\n<\/div>\n\t\t<\/div>\n\t\t\t\t\n<style>\n#col-659261511 > .col-inner {\n  padding: 10px 0px 20px 0px;\n}\n@media (min-width:550px) {\n  #col-659261511 > .col-inner {\n    padding: 35px 0px 30px 0px;\n  }\n}\n@media (min-width:850px) {\n  #col-659261511 > .col-inner {\n    padding: 0 0px 0px 0px;\n  }\n}\n<\/style>\n\t<\/div>\n\n\t\n<\/div>\n\t\t<\/div>\n\n\t\t\n<style>\n#section_1078288101 {\n  padding-top: 0px;\n  padding-bottom: 0px;\n  margin-bottom: 0px;\n  background-color: rgb(0,0,0);\n}\n@media (min-width:550px) {\n  #section_1078288101 {\n    padding-top: 0px;\n    padding-bottom: 0px;\n  }\n}\n<\/style>\n\t<\/section>\n\t\n\n\t<section class=\"section\" id=\"section_1048712050\">\n\t\t<div class=\"section-bg fill\" >\n\t\t\t\t\t\t\t\t\t\n\t\t\t\n\n\t\t<\/div>\n\n\t\t\n\n\t\t<div class=\"section-content relative\">\n\t\t\t\n\t<div id=\"gap-1533601690\" class=\"gap-element clearfix\" style=\"display:block; height:auto;\">\n\t\t\n<style>\n#gap-1533601690 {\n  padding-top: 30px;\n}\n<\/style>\n\t<\/div>\n\t\n<div class=\"row\"  id=\"row-311772827\">\n\n\t<div id=\"col-1943756867\" class=\"col medium-4 small-12 large-4\"  >\n\t\t\t\t<div class=\"col-inner\"  >\n\t\t\t\n\t\t\t\n\t<div id=\"text-3846452228\" class=\"text\">\n\t\t\n<h5>Pourquoi Adh\u00e9rer ?<\/h5>\n\t\t\n<style>\n#text-3846452228 {\n  font-size: 1.75rem;\n}\n<\/style>\n\t<\/div>\n\t\n\t\t<\/div>\n\t\t\t\t\t<\/div>\n\n\t\n\n\t<div id=\"col-1902925330\" class=\"col medium-8 small-12 large-8\"  >\n\t\t\t\t<div class=\"col-inner\"  >\n\t\t\t\n\t\t\t\n<p>Recevrez des Points PHYSIODERMIE avec chaque achat. <strong>C\u2019est GRATUIT et FACILE!<\/strong> Les points peuvent \u00eatre utilis\u00e9s pour recevoir des rabais sur tout produit \u00e9ligible.<\/p>\n\t\t<\/div>\n\t\t\t\t\t<\/div>\n\n\t\n<\/div>\n<div class=\"row\"  id=\"row-1605106570\">\n\n\t<div id=\"col-1322151836\" class=\"col medium-4 small-12 large-4\"  >\n\t\t\t\t<div class=\"col-inner\"  >\n\t\t\t\n\t\t\t\n\t<div id=\"text-4070172530\" class=\"text\">\n\t\t\n<h5>Comment \u00e7a Fonctionne ?<\/h5>\n\t\t\n<style>\n#text-4070172530 {\n  font-size: 1.75rem;\n}\n<\/style>\n\t<\/div>\n\t\n\t\t<\/div>\n\t\t\t\t\t<\/div>\n\n\t\n\n\t<div id=\"col-105435236\" class=\"col medium-8 small-12 large-8\"  >\n\t\t\t\t<div class=\"col-inner\"  >\n\t\t\t\n\t\t\t\n<p>Vous devez avoir un compte configur\u00e9 pour \u00eatre \u00e9ligible au programme de fid\u00e9lit\u00e9 PHYSIODERMIE.<\/p>\n<p>Recevez 1 point pour chaque dollar d\u00e9pens\u00e9. Les points sont bas\u00e9s sur le prix de d\u00e9tail avant taxes, livraison et apr\u00e8s rabais. Si vous \u00eates un client existant, connectez-vous et commencez \u00e0 magasiner. Les points seront attribu\u00e9s une fois que l\u2019\u00e9tat de la commande aura atteint le statut Termin\u00e9.<\/p>\n\t\t<\/div>\n\t\t\t\t\t<\/div>\n\n\t\n<\/div>\n<div class=\"row\"  id=\"row-6760613\">\n\n\t<div id=\"col-59891935\" class=\"col medium-4 small-12 large-4\"  >\n\t\t\t\t<div class=\"col-inner\"  >\n\t\t\t\n\t\t\t\n\t<div id=\"text-1386476314\" class=\"text\">\n\t\t\n<h5>Formule de Conversion<\/h5>\n\t\t\n<style>\n#text-1386476314 {\n  font-size: 1.75rem;\n}\n<\/style>\n\t<\/div>\n\t\n\t\t<\/div>\n\t\t\t\t\t<\/div>\n\n\t\n\n\t<div id=\"col-1831718085\" class=\"col medium-8 small-12 large-8\"  >\n\t\t\t\t<div class=\"col-inner\"  >\n\t\t\t\n\t\t\t\n<p>PHYSIODERMIE Points are worth $1.00 each:<\/p>\n<ul>\n<li class=\"bullet-arrow\">1$ d\u00e9pens\u00e9 = point de r\u00e9compense (0.10$)<\/li>\n<li class=\"bullet-arrow\">1 point de r\u00e9compense = 1$ de cr\u00e9dit<\/li>\n<\/ul>\n<p>Pour ceux qui n\u2019aiment pas les calculs, nous avons un <strong>syst\u00e8me de r\u00e9compense de 10%<\/strong>. De temps en temps, nous pouvons avoir des offres sp\u00e9ciales incluant les jours o\u00f9 les points r\u00e9compense sont doubl\u00e9s, voire tripl\u00e9s ou encore, des points en extra sont offerts sur certains produits, etc\u2026<\/p>\n\t\t<\/div>\n\t\t\t\t\t<\/div>\n\n\t\n<\/div>\n<div class=\"row\"  id=\"row-841570461\">\n\n\t<div id=\"col-1675943440\" class=\"col medium-4 small-12 large-4\"  >\n\t\t\t\t<div class=\"col-inner\"  >\n\t\t\t\n\t\t\t\n\t<div id=\"text-1556417087\" class=\"text\">\n\t\t\n<h5>Comment Les R\u00e9clamer?<\/h5>\n\t\t\n<style>\n#text-1556417087 {\n  font-size: 1.75rem;\n}\n<\/style>\n\t<\/div>\n\t\n\t\t<\/div>\n\t\t\t\t\t<\/div>\n\n\t\n\n\t<div id=\"col-1322725620\" class=\"col medium-8 small-12 large-8\"  >\n\t\t\t\t<div class=\"col-inner\"  >\n\t\t\t\n\t\t\t\n<p>Les Points PHYSIODERMIE peuvent \u00eatre r\u00e9clam\u00e9s pendant le paiement. Vous n\u2019avez qu\u2019\u00e0 entrer le nombre de points \u00e0 utiliser lors de votre achat, et nous ajusterons le prix automatiquement.<\/p>\n\t\t<\/div>\n\t\t\t\t\t<\/div>\n\n\t\n<\/div>\n<div class=\"row\"  id=\"row-137092787\">\n\n\t<div id=\"col-820299589\" class=\"col medium-4 small-12 large-4\"  >\n\t\t\t\t<div class=\"col-inner\"  >\n\t\t\t\n\t\t\t\n\t<div id=\"text-2289117492\" class=\"text\">\n\t\t\n<h5>Conditions<\/h5>\n\t\t\n<style>\n#text-2289117492 {\n  font-size: 1.75rem;\n}\n<\/style>\n\t<\/div>\n\t\n\t\t<\/div>\n\t\t\t\t\t<\/div>\n\n\t\n\n\t<div id=\"col-411996088\" class=\"col medium-8 small-12 large-8\"  >\n\t\t\t\t<div class=\"col-inner\"  >\n\t\t\t\n\t\t\t\n<ul>\n<li class=\"bullet-arrow\">Les Points PHYSIODERMIE sont seulement pour vous! Ils ne peuvent \u00eatre vendus, transf\u00e9r\u00e9s ou \u00e9chang\u00e9s.<\/li>\n<li class=\"bullet-arrow\">Les Points PHYSIODERMIE n\u2019ont aucune valeur en argent, et ne peuvent \u00eatre \u00e9chang\u00e9s pour de l\u2019argent.<\/li>\n<li class=\"bullet-arrow\">Gagnez des points PHYSIODERMIE sur chaque dollar d\u00e9pens\u00e9 avant taxes, frais d\u2019exp\u00e9dition et apr\u00e8s rabais.<\/li>\n<li class=\"bullet-arrow\">Les Points PHYSIODERMIE ne peuvent \u00eatre utilis\u00e9s pour payer la livraison ou les taxes.<\/li>\n<li class=\"bullet-arrow\">Les coupons\/points ne seront pas appliqu\u00e9s si des Points PHYSIODERMIE sont utilis\u00e9s sur une commande.<\/li>\n<li class=\"bullet-arrow\">Les Points PHYSIODERMIE seront attribu\u00e9s une fois que l\u2019\u00e9tat de la commande aura atteint le statut Termin\u00e9.<\/li>\n<li class=\"bullet-arrow\">Les Points PHYSIODERMIE ne peuvent \u00eatre accumul\u00e9s pour des articles ayant \u00e9t\u00e9 retourn\u00e9s. Nous d\u00e9duirons automatiquement de votre compte le nombre de points appropri\u00e9.<\/li>\n<li class=\"bullet-arrow\">Les points PHYSIODERMIE ne peuvent \u00eatre combin\u00e9s \u00e0 aucune autre promotion en cours.<\/li>\n<\/ul>\n<p>Veuillez <a href=\"\/fr\/contact\/\"><strong>nous contacter<\/strong><\/a> pour toute question ou demande.<\/p>\n\t\t<\/div>\n\t\t\t\t\t<\/div>\n\n\t\n<\/div>\n\t\t<\/div>\n\n\t\t\n<style>\n#section_1048712050 {\n  padding-top: 30px;\n  padding-bottom: 30px;\n}\n<\/style>\n\t<\/section>\n\t\n","protected":false},"excerpt":{"rendered":"","protected":false},"author":2,"featured_media":0,"parent":0,"menu_order":0,"comment_status":"closed","ping_status":"closed","template":"page-blank.php","meta":{"footnotes":""},"class_list":["post-4732","page","type-page","status-publish","hentry"],"acf":[],"yoast_head":"<!-- This site is optimized with the Yoast SEO plugin v27.1.1 - https:\/\/yoast.com\/product\/yoast-seo-wordpress\/ -->\n<title>Programme de Fid\u00e9lisation | Methode Physiodermie\u00ae Skin Care<\/title>\n<meta name=\"description\" content=\"Earn PHYSIODERMIE Reward Points every time you purchase. You may use your points towards any purchase at any time for any one of our online products.\" \/>\n<meta name=\"robots\" content=\"index, follow, max-snippet:-1, max-image-preview:large, max-video-preview:-1\" \/>\n<link rel=\"canonical\" href=\"https:\/\/methodephysiodermie.com\/fr\/programme-fidelisation\/\" \/>\n<meta property=\"og:locale\" content=\"fr_FR\" \/>\n<meta property=\"og:type\" content=\"article\" \/>\n<meta property=\"og:title\" content=\"Programme de Fid\u00e9lisation | Methode Physiodermie\u00ae Skin Care\" \/>\n<meta property=\"og:description\" content=\"Earn PHYSIODERMIE Reward Points every time you purchase. You may use your points towards any purchase at any time for any one of our online products.\" \/>\n<meta property=\"og:url\" content=\"https:\/\/methodephysiodermie.com\/fr\/programme-fidelisation\/\" \/>\n<meta property=\"og:site_name\" content=\"Methode Physiodermie\u00ae Skin Care\" \/>\n<meta property=\"article:publisher\" content=\"https:\/\/www.facebook.com\/PhysiodermieSkincare\" \/>\n<meta property=\"article:modified_time\" content=\"2025-12-14T18:21:21+00:00\" \/>\n<meta property=\"og:image\" content=\"https:\/\/methodephysiodermie.com\/wp-content\/uploads\/2022\/05\/site-icon.png\" \/>\n\t<meta property=\"og:image:width\" content=\"512\" \/>\n\t<meta property=\"og:image:height\" content=\"512\" \/>\n\t<meta property=\"og:image:type\" content=\"image\/png\" \/>\n<meta name=\"twitter:card\" content=\"summary_large_image\" \/>\n<meta name=\"twitter:site\" content=\"@physio_skincare\" \/>\n<meta name=\"twitter:label1\" content=\"Dur\u00e9e de lecture estim\u00e9e\" \/>\n\t<meta name=\"twitter:data1\" content=\"4 minutes\" \/>\n<script type=\"application\/ld+json\" class=\"yoast-schema-graph\">{\"@context\":\"https:\/\/schema.org\",\"@graph\":[{\"@type\":\"WebPage\",\"@id\":\"https:\/\/methodephysiodermie.com\/fr\/programme-fidelisation\/\",\"url\":\"https:\/\/methodephysiodermie.com\/fr\/programme-fidelisation\/\",\"name\":\"Programme de Fid\u00e9lisation | Methode Physiodermie\u00ae Skin Care\",\"isPartOf\":{\"@id\":\"https:\/\/methodephysiodermie.com\/fr\/#website\"},\"datePublished\":\"2022-05-25T14:44:19+00:00\",\"dateModified\":\"2025-12-14T18:21:21+00:00\",\"description\":\"Earn PHYSIODERMIE Reward Points every time you purchase. You may use your points towards any purchase at any time for any one of our online products.\",\"breadcrumb\":{\"@id\":\"https:\/\/methodephysiodermie.com\/fr\/programme-fidelisation\/#breadcrumb\"},\"inLanguage\":\"fr-FR\",\"potentialAction\":[{\"@type\":\"ReadAction\",\"target\":[\"https:\/\/methodephysiodermie.com\/fr\/programme-fidelisation\/\"]}]},{\"@type\":\"BreadcrumbList\",\"@id\":\"https:\/\/methodephysiodermie.com\/fr\/programme-fidelisation\/#breadcrumb\",\"itemListElement\":[{\"@type\":\"ListItem\",\"position\":1,\"name\":\"Home\",\"item\":\"https:\/\/methodephysiodermie.com\/fr\/\"},{\"@type\":\"ListItem\",\"position\":2,\"name\":\"Programme de Fid\u00e9lisation\"}]},{\"@type\":\"WebSite\",\"@id\":\"https:\/\/methodephysiodermie.com\/fr\/#website\",\"url\":\"https:\/\/methodephysiodermie.com\/fr\/\",\"name\":\"Methode Physiodermie\u00ae Skin Care\",\"description\":\"A Methodology Of Beauty\",\"publisher\":{\"@id\":\"https:\/\/methodephysiodermie.com\/fr\/#organization\"},\"potentialAction\":[{\"@type\":\"SearchAction\",\"target\":{\"@type\":\"EntryPoint\",\"urlTemplate\":\"https:\/\/methodephysiodermie.com\/fr\/?s={search_term_string}\"},\"query-input\":{\"@type\":\"PropertyValueSpecification\",\"valueRequired\":true,\"valueName\":\"search_term_string\"}}],\"inLanguage\":\"fr-FR\"},{\"@type\":\"Organization\",\"@id\":\"https:\/\/methodephysiodermie.com\/fr\/#organization\",\"name\":\"Methode Physiodermie\",\"url\":\"https:\/\/methodephysiodermie.com\/fr\/\",\"logo\":{\"@type\":\"ImageObject\",\"inLanguage\":\"fr-FR\",\"@id\":\"https:\/\/methodephysiodermie.com\/fr\/#\/schema\/logo\/image\/\",\"url\":\"https:\/\/methodephysiodermie.com\/wp-content\/uploads\/2022\/05\/logo-header.png\",\"contentUrl\":\"https:\/\/methodephysiodermie.com\/wp-content\/uploads\/2022\/05\/logo-header.png\",\"width\":400,\"height\":84,\"caption\":\"Methode Physiodermie\"},\"image\":{\"@id\":\"https:\/\/methodephysiodermie.com\/fr\/#\/schema\/logo\/image\/\"},\"sameAs\":[\"https:\/\/www.facebook.com\/PhysiodermieSkincare\",\"https:\/\/x.com\/physio_skincare\",\"https:\/\/www.instagram.com\/methode_physiodermie\/\",\"https:\/\/www.youtube.com\/user\/derme8282\"]}]}<\/script>\n<!-- \/ Yoast SEO plugin. -->","yoast_head_json":{"title":"Programme de Fid\u00e9lisation | Methode Physiodermie\u00ae Skin Care","description":"Earn PHYSIODERMIE Reward Points every time you purchase. You may use your points towards any purchase at any time for any one of our online products.","robots":{"index":"index","follow":"follow","max-snippet":"max-snippet:-1","max-image-preview":"max-image-preview:large","max-video-preview":"max-video-preview:-1"},"canonical":"https:\/\/methodephysiodermie.com\/fr\/programme-fidelisation\/","og_locale":"fr_FR","og_type":"article","og_title":"Programme de Fid\u00e9lisation | Methode Physiodermie\u00ae Skin Care","og_description":"Earn PHYSIODERMIE Reward Points every time you purchase. You may use your points towards any purchase at any time for any one of our online products.","og_url":"https:\/\/methodephysiodermie.com\/fr\/programme-fidelisation\/","og_site_name":"Methode Physiodermie\u00ae Skin Care","article_publisher":"https:\/\/www.facebook.com\/PhysiodermieSkincare","article_modified_time":"2025-12-14T18:21:21+00:00","og_image":[{"width":512,"height":512,"url":"https:\/\/methodephysiodermie.com\/wp-content\/uploads\/2022\/05\/site-icon.png","type":"image\/png"}],"twitter_card":"summary_large_image","twitter_site":"@physio_skincare","twitter_misc":{"Dur\u00e9e de lecture estim\u00e9e":"4 minutes"},"schema":{"@context":"https:\/\/schema.org","@graph":[{"@type":"WebPage","@id":"https:\/\/methodephysiodermie.com\/fr\/programme-fidelisation\/","url":"https:\/\/methodephysiodermie.com\/fr\/programme-fidelisation\/","name":"Programme de Fid\u00e9lisation | Methode Physiodermie\u00ae Skin Care","isPartOf":{"@id":"https:\/\/methodephysiodermie.com\/fr\/#website"},"datePublished":"2022-05-25T14:44:19+00:00","dateModified":"2025-12-14T18:21:21+00:00","description":"Earn PHYSIODERMIE Reward Points every time you purchase. You may use your points towards any purchase at any time for any one of our online products.","breadcrumb":{"@id":"https:\/\/methodephysiodermie.com\/fr\/programme-fidelisation\/#breadcrumb"},"inLanguage":"fr-FR","potentialAction":[{"@type":"ReadAction","target":["https:\/\/methodephysiodermie.com\/fr\/programme-fidelisation\/"]}]},{"@type":"BreadcrumbList","@id":"https:\/\/methodephysiodermie.com\/fr\/programme-fidelisation\/#breadcrumb","itemListElement":[{"@type":"ListItem","position":1,"name":"Home","item":"https:\/\/methodephysiodermie.com\/fr\/"},{"@type":"ListItem","position":2,"name":"Programme de Fid\u00e9lisation"}]},{"@type":"WebSite","@id":"https:\/\/methodephysiodermie.com\/fr\/#website","url":"https:\/\/methodephysiodermie.com\/fr\/","name":"Methode Physiodermie\u00ae Skin Care","description":"A Methodology Of Beauty","publisher":{"@id":"https:\/\/methodephysiodermie.com\/fr\/#organization"},"potentialAction":[{"@type":"SearchAction","target":{"@type":"EntryPoint","urlTemplate":"https:\/\/methodephysiodermie.com\/fr\/?s={search_term_string}"},"query-input":{"@type":"PropertyValueSpecification","valueRequired":true,"valueName":"search_term_string"}}],"inLanguage":"fr-FR"},{"@type":"Organization","@id":"https:\/\/methodephysiodermie.com\/fr\/#organization","name":"Methode Physiodermie","url":"https:\/\/methodephysiodermie.com\/fr\/","logo":{"@type":"ImageObject","inLanguage":"fr-FR","@id":"https:\/\/methodephysiodermie.com\/fr\/#\/schema\/logo\/image\/","url":"https:\/\/methodephysiodermie.com\/wp-content\/uploads\/2022\/05\/logo-header.png","contentUrl":"https:\/\/methodephysiodermie.com\/wp-content\/uploads\/2022\/05\/logo-header.png","width":400,"height":84,"caption":"Methode Physiodermie"},"image":{"@id":"https:\/\/methodephysiodermie.com\/fr\/#\/schema\/logo\/image\/"},"sameAs":["https:\/\/www.facebook.com\/PhysiodermieSkincare","https:\/\/x.com\/physio_skincare","https:\/\/www.instagram.com\/methode_physiodermie\/","https:\/\/www.youtube.com\/user\/derme8282"]}]}},"_links":{"self":[{"href":"https:\/\/methodephysiodermie.com\/fr\/wp-json\/wp\/v2\/pages\/4732","targetHints":{"allow":["GET"]}}],"collection":[{"href":"https:\/\/methodephysiodermie.com\/fr\/wp-json\/wp\/v2\/pages"}],"about":[{"href":"https:\/\/methodephysiodermie.com\/fr\/wp-json\/wp\/v2\/types\/page"}],"author":[{"embeddable":true,"href":"https:\/\/methodephysiodermie.com\/fr\/wp-json\/wp\/v2\/users\/2"}],"replies":[{"embeddable":true,"href":"https:\/\/methodephysiodermie.com\/fr\/wp-json\/wp\/v2\/comments?post=4732"}],"version-history":[{"count":0,"href":"https:\/\/methodephysiodermie.com\/fr\/wp-json\/wp\/v2\/pages\/4732\/revisions"}],"wp:attachment":[{"href":"https:\/\/methodephysiodermie.com\/fr\/wp-json\/wp\/v2\/media?parent=4732"}],"curies":[{"name":"wp","href":"https:\/\/api.w.org\/{rel}","templated":true}]}}